{"id":1650,"date":"2025-10-09T03:03:20","date_gmt":"2025-10-09T03:03:20","guid":{"rendered":"https:\/\/uhmwpemanufacture.com\/?post_type=product&#038;p=1650"},"modified":"2025-10-09T03:03:20","modified_gmt":"2025-10-09T03:03:20","slug":"polypropylene-professional-printed-plastic-manufacturer","status":"publish","type":"product","link":"https:\/\/uhmwpemanufacture.com\/pt\/polypropylene-professional-printed-plastic-manufacturer\/","title":{"rendered":"Fabricante de pl\u00e1stico impresso profissional de polipropileno"},"content":{"rendered":"<h2>Fornecedor de pl\u00e1stico impresso especializado em polipropileno<\/h2>\n<p>As folhas de pl\u00e1stico impressas em polipropileno s\u00e3o materiais resistentes, leves e funcionais desenvolvidos para aplica\u00e7\u00f5es est\u00e9ticas de alta qualidade. Fabricadas com tecnologia de impress\u00e3o de precis\u00e3o, estas folhas utilizam cores vivas, nitidez extraordin\u00e1ria e uma forte liga\u00e7\u00e3o para layouts duradouros. Imunes \u00e0 humidade, aos produtos qu\u00edmicos e aos efeitos, as folhas de polipropileno s\u00e3o ideais para sinais, embalagens de produtos, ecr\u00e3s e materiais de marketing. A sua superf\u00edcie lisa garante uma impress\u00e3o, redu\u00e7\u00e3o e fabrico muito f\u00e1ceis. Ecol\u00f3gicos e recicl\u00e1veis, estes pl\u00e1sticos integram a funcionalidade com o encanto est\u00e9tico, tornando-os uma escolha fi\u00e1vel para aplica\u00e7\u00f5es industriais, comerciais e publicit\u00e1rias.<\/p>","protected":false},"excerpt":{"rendered":"<p>As folhas de pl\u00e1stico impressas em polipropileno oferecem durabilidade, flexibilidade e uma qualidade de impress\u00e3o vibrante. Ideais para sinal\u00e9tica, embalagens e expositores, resistem \u00e0 humidade e aos produtos qu\u00edmicos, proporcionando uma superf\u00edcie lisa e f\u00e1cil de imprimir para aplica\u00e7\u00f5es profissionais de longa dura\u00e7\u00e3o.<\/p>","protected":false},"featured_media":1653,"template":"","meta":{"_gspb_post_css":""},"product_brand":[],"product_cat":[35],"product_tag":[285,286,287],"class_list":{"0":"post-1650","1":"product","2":"type-product","3":"status-publish","4":"has-post-thumbnail","6":"product_cat-pp-pe-products","7":"product_tag-polypropylene-sheet","8":"product_tag-printed-plastic","9":"product_tag-signage-material","11":"first","12":"instock","13":"shipping-taxable","14":"product-type-simple"},"_links":{"self":[{"href":"https:\/\/uhmwpemanufacture.com\/pt\/wp-json\/wp\/v2\/product\/1650","targetHints":{"allow":["GET"]}}],"collection":[{"href":"https:\/\/uhmwpemanufacture.com\/pt\/wp-json\/wp\/v2\/product"}],"about":[{"href":"https:\/\/uhmwpemanufacture.com\/pt\/wp-json\/wp\/v2\/types\/product"}],"wp:featuredmedia":[{"embeddable":true,"href":"https:\/\/uhmwpemanufacture.com\/pt\/wp-json\/wp\/v2\/media\/1653"}],"wp:attachment":[{"href":"https:\/\/uhmwpemanufacture.com\/pt\/wp-json\/wp\/v2\/media?parent=1650"}],"wp:term":[{"taxonomy":"product_brand","embeddable":true,"href":"https:\/\/uhmwpemanufacture.com\/pt\/wp-json\/wp\/v2\/product_brand?post=1650"},{"taxonomy":"product_cat","embeddable":true,"href":"https:\/\/uhmwpemanufacture.com\/pt\/wp-json\/wp\/v2\/product_cat?post=1650"},{"taxonomy":"product_tag","embeddable":true,"href":"https:\/\/uhmwpemanufacture.com\/pt\/wp-json\/wp\/v2\/product_tag?post=1650"}],"curies":[{"name":"wp","href":"https:\/\/api.w.org\/{rel}","templated":true}]}}