{"id":1654,"date":"2025-10-09T03:08:50","date_gmt":"2025-10-09T03:08:50","guid":{"rendered":"https:\/\/uhmwpemanufacture.com\/?post_type=product&#038;p=1654"},"modified":"2025-10-09T03:08:50","modified_gmt":"2025-10-09T03:08:50","slug":"uhmwpe-hdpe-plastic-thick-hockeyicerink-dasher-boards","status":"publish","type":"product","link":"https:\/\/uhmwpemanufacture.com\/pt\/uhmwpe-hdpe-plastic-thick-hockeyicerink-dasher-boards\/","title":{"rendered":"Pl\u00e1stico PEAD de espessura de h\u00f3quei (gelo) de Uhmwpe placas de pista"},"content":{"rendered":"<h2>Pl\u00e1stico UHMWPE HDPE Placas de H\u00f3quei em Patins (Gelo) de espessura<\/h2>\n<p>As placas de pl\u00e1stico espesso UHMWPE e HDPE s\u00e3o desenvolvidas para uma durabilidade superior, resist\u00eancia \u00e0 influ\u00eancia e efici\u00eancia suave em pistas de gelo e h\u00f3quei. Criadas para resistir a colis\u00f5es de alto impacto, estas placas oferecem uma excelente versatilidade, resist\u00eancia \u00e0s intemp\u00e9ries e uma \u00e1rea de superf\u00edcie constante para um jogo agitado. A sua superf\u00edcie antiaderente e de baixa fric\u00e7\u00e3o garante um movimento suave do disco e uma manuten\u00e7\u00e3o muito f\u00e1cil. Ideais para sectores especializados, centros de forma\u00e7\u00e3o e ringues de lazer, proporcionam uma integridade resistente no interior ou no exterior. Leves mas resistentes, estas placas oferecem uma configura\u00e7\u00e3o e personaliza\u00e7\u00e3o muito f\u00e1ceis para sistemas de rinque m\u00f3veis ou de longa dura\u00e7\u00e3o.<\/p>","protected":false},"excerpt":{"rendered":"<p>As placas de h\u00f3quei em patins de espessura UHMWPE e HDPE proporcionam uma elevada resist\u00eancia ao impacto, um deslizamento suave do disco e uma durabilidade duradoura. Ideais para pistas de gelo, instala\u00e7\u00f5es de treino e arenas, garantem seguran\u00e7a, resist\u00eancia e f\u00e1cil instala\u00e7\u00e3o para utiliza\u00e7\u00e3o no interior e no exterior.<\/p>","protected":false},"featured_media":1656,"template":"","meta":{"_gspb_post_css":""},"product_brand":[],"product_cat":[29,30],"product_tag":[288,81,289],"class_list":{"0":"post-1654","1":"product","2":"type-product","3":"status-publish","4":"has-post-thumbnail","6":"product_cat-ice-rink-products","7":"product_cat-hockey-ice-rink-dasher-boards","8":"product_tag-hdpe-rink-boards","9":"product_tag-hockey-dasher-boards","10":"product_tag-uhmwpe-panels","12":"first","13":"instock","14":"shipping-taxable","15":"product-type-simple"},"_links":{"self":[{"href":"https:\/\/uhmwpemanufacture.com\/pt\/wp-json\/wp\/v2\/product\/1654","targetHints":{"allow":["GET"]}}],"collection":[{"href":"https:\/\/uhmwpemanufacture.com\/pt\/wp-json\/wp\/v2\/product"}],"about":[{"href":"https:\/\/uhmwpemanufacture.com\/pt\/wp-json\/wp\/v2\/types\/product"}],"wp:featuredmedia":[{"embeddable":true,"href":"https:\/\/uhmwpemanufacture.com\/pt\/wp-json\/wp\/v2\/media\/1656"}],"wp:attachment":[{"href":"https:\/\/uhmwpemanufacture.com\/pt\/wp-json\/wp\/v2\/media?parent=1654"}],"wp:term":[{"taxonomy":"product_brand","embeddable":true,"href":"https:\/\/uhmwpemanufacture.com\/pt\/wp-json\/wp\/v2\/product_brand?post=1654"},{"taxonomy":"product_cat","embeddable":true,"href":"https:\/\/uhmwpemanufacture.com\/pt\/wp-json\/wp\/v2\/product_cat?post=1654"},{"taxonomy":"product_tag","embeddable":true,"href":"https:\/\/uhmwpemanufacture.com\/pt\/wp-json\/wp\/v2\/product_tag?post=1654"}],"curies":[{"name":"wp","href":"https:\/\/api.w.org\/{rel}","templated":true}]}}