{"id":1661,"date":"2025-10-09T06:14:31","date_gmt":"2025-10-09T06:14:31","guid":{"rendered":"https:\/\/uhmwpemanufacture.com\/?post_type=product&#038;p=1661"},"modified":"2025-10-09T06:14:31","modified_gmt":"2025-10-09T06:14:31","slug":"uhmwpe-paving-board-ground-protection-panel-dura-mats-dealer","status":"publish","type":"product","link":"https:\/\/uhmwpemanufacture.com\/pt\/uhmwpe-paving-board-ground-protection-panel-dura-mats-dealer\/","title":{"rendered":"Uhmwpe Paving Board Painel de prote\u00e7\u00e3o do solo Dura Mats Dealer"},"content":{"rendered":"<h2>Uhmwpe Paving Board Painel de Defesa do Solo Dura Mats Concession\u00e1rio<\/h2>\n<p>As placas de pavimenta\u00e7\u00e3o Uhmwpe s\u00e3o concebidas para uma prote\u00e7\u00e3o robusta do solo na constru\u00e7\u00e3o, campos petrol\u00edferos e locais de ocasi\u00e3o. Estes tapetes Dura s\u00e3o fabricados em polietileno de peso molecular ultra-elevado, proporcionando uma for\u00e7a, resist\u00eancia ao impacto e adaptabilidade not\u00e1veis. A sua superf\u00edcie rubi antiderrapante garante uma tra\u00e7\u00e3o segura para cami\u00f5es e m\u00e1quinas em superf\u00edcies macias ou desiguais. Leves mas robustos, s\u00e3o simples de instalar, reutiliz\u00e1veis e imunes \u00e0 \u00e1gua, \u00e0 corros\u00e3o e a temperaturas extremas. Perfeitos para a cria\u00e7\u00e3o de estradas tempor\u00e1rias, sistemas de trabalho ou percursos de acessibilidade, estes pain\u00e9is proporcionam uma seguran\u00e7a fi\u00e1vel da \u00e1rea de superf\u00edcie e uma efici\u00eancia duradoura, procurada em atmosferas.<\/p>","protected":false},"excerpt":{"rendered":"<p>As placas de pavimenta\u00e7\u00e3o UHMWPE dur\u00e1veis proporcionam uma prote\u00e7\u00e3o resistente do solo para ve\u00edculos e m\u00e1quinas em superf\u00edcies macias ou irregulares. Concebidos com uma textura de diamante antiderrapante, estes tapetes Dura Mats s\u00e3o leves, reutiliz\u00e1veis e resistentes ao impacto, \u00e0 corros\u00e3o e \u00e0s condi\u00e7\u00f5es climat\u00e9ricas adversas - ideais para \u00e1reas de constru\u00e7\u00e3o e de trabalho no exterior.<\/p>","protected":false},"featured_media":1677,"template":"","meta":{"_gspb_post_css":""},"product_brand":[],"product_cat":[24,27],"product_tag":[295,296,138],"class_list":{"0":"post-1661","1":"product","2":"type-product","3":"status-publish","4":"has-post-thumbnail","6":"product_cat-ground-protection-road-mats","7":"product_cat-dura-mats","8":"product_tag-ground-protection-board","9":"product_tag-temporary-road-panel","10":"product_tag-uhmwpe-mats","12":"first","13":"instock","14":"shipping-taxable","15":"product-type-simple"},"_links":{"self":[{"href":"https:\/\/uhmwpemanufacture.com\/pt\/wp-json\/wp\/v2\/product\/1661","targetHints":{"allow":["GET"]}}],"collection":[{"href":"https:\/\/uhmwpemanufacture.com\/pt\/wp-json\/wp\/v2\/product"}],"about":[{"href":"https:\/\/uhmwpemanufacture.com\/pt\/wp-json\/wp\/v2\/types\/product"}],"wp:featuredmedia":[{"embeddable":true,"href":"https:\/\/uhmwpemanufacture.com\/pt\/wp-json\/wp\/v2\/media\/1677"}],"wp:attachment":[{"href":"https:\/\/uhmwpemanufacture.com\/pt\/wp-json\/wp\/v2\/media?parent=1661"}],"wp:term":[{"taxonomy":"product_brand","embeddable":true,"href":"https:\/\/uhmwpemanufacture.com\/pt\/wp-json\/wp\/v2\/product_brand?post=1661"},{"taxonomy":"product_cat","embeddable":true,"href":"https:\/\/uhmwpemanufacture.com\/pt\/wp-json\/wp\/v2\/product_cat?post=1661"},{"taxonomy":"product_tag","embeddable":true,"href":"https:\/\/uhmwpemanufacture.com\/pt\/wp-json\/wp\/v2\/product_tag?post=1661"}],"curies":[{"name":"wp","href":"https:\/\/api.w.org\/{rel}","templated":true}]}}