{"id":1662,"date":"2025-10-09T04:01:23","date_gmt":"2025-10-09T04:01:23","guid":{"rendered":"https:\/\/uhmwpemanufacture.com\/?post_type=product&#038;p=1662"},"modified":"2025-10-09T04:01:23","modified_gmt":"2025-10-09T04:01:23","slug":"uhmwpe-dura-hdpe-rig-mats-temporary-paving-board-supplier","status":"publish","type":"product","link":"https:\/\/uhmwpemanufacture.com\/pt\/uhmwpe-dura-hdpe-rig-mats-temporary-paving-board-supplier\/","title":{"rendered":"Fornecedor de tapetes tempor\u00e1rios de pavimenta\u00e7\u00e3o Uhmwpe Dura HDPE Rig Mats"},"content":{"rendered":"<h2>Esteiras de plataforma de PEAD Uhmwpe Dura - Op\u00e7\u00e3o de pavimenta\u00e7\u00e3o tempor\u00e1ria de longa dura\u00e7\u00e3o<\/h2>\n<p>Os revestimentos para pavimentos de plataformas Uhmwpe Dura HDPE fornecem uma superf\u00edcie forte e recicl\u00e1vel para auto-estradas pesadas de curta dura\u00e7\u00e3o, acesso ao local de trabalho e suporte de maquinaria. Fabricados em polietileno de alta densidade, estes tapetes resistem \u00e0 ferrugem, aos produtos qu\u00edmicos e ao clima rigoroso. A sua superf\u00edcie rubi distinta garante uma ader\u00eancia excecional, enquanto as gest\u00f5es de corte de precis\u00e3o permitem um transporte e configura\u00e7\u00e3o simples. Adequadas para a constru\u00e7\u00e3o civil, campos petrol\u00edferos e eventos exteriores, estas placas din\u00e2micas cor de laranja, ecol\u00f3gicas e vermelhas integram resist\u00eancia, flexibilidade e uma longa vida \u00fatil para uma seguran\u00e7a fi\u00e1vel do solo.<\/p>","protected":false},"excerpt":{"rendered":"<p>Os tapetes de plataforma HDPE de alta resist\u00eancia proporcionam estradas tempor\u00e1rias est\u00e1veis e plataformas de trabalho para a constru\u00e7\u00e3o, campos petrol\u00edferos e eventos. Resistentes ao impacto, \u00e0 corros\u00e3o e a temperaturas extremas, estas placas de pavimenta\u00e7\u00e3o coloridas garantem uma tra\u00e7\u00e3o fi\u00e1vel e uma instala\u00e7\u00e3o f\u00e1cil para prote\u00e7\u00e3o em todo o terreno.<\/p>","protected":false},"featured_media":1665,"template":"","meta":{"_gspb_post_css":""},"product_brand":[],"product_cat":[24,27],"product_tag":[139,290,291],"class_list":{"0":"post-1662","1":"product","2":"type-product","3":"status-publish","4":"has-post-thumbnail","6":"product_cat-ground-protection-road-mats","7":"product_cat-dura-mats","8":"product_tag-ground-protection","9":"product_tag-hdpe-rig-mats","10":"product_tag-temporary-paving-board","12":"first","13":"instock","14":"shipping-taxable","15":"product-type-simple"},"_links":{"self":[{"href":"https:\/\/uhmwpemanufacture.com\/pt\/wp-json\/wp\/v2\/product\/1662","targetHints":{"allow":["GET"]}}],"collection":[{"href":"https:\/\/uhmwpemanufacture.com\/pt\/wp-json\/wp\/v2\/product"}],"about":[{"href":"https:\/\/uhmwpemanufacture.com\/pt\/wp-json\/wp\/v2\/types\/product"}],"wp:featuredmedia":[{"embeddable":true,"href":"https:\/\/uhmwpemanufacture.com\/pt\/wp-json\/wp\/v2\/media\/1665"}],"wp:attachment":[{"href":"https:\/\/uhmwpemanufacture.com\/pt\/wp-json\/wp\/v2\/media?parent=1662"}],"wp:term":[{"taxonomy":"product_brand","embeddable":true,"href":"https:\/\/uhmwpemanufacture.com\/pt\/wp-json\/wp\/v2\/product_brand?post=1662"},{"taxonomy":"product_cat","embeddable":true,"href":"https:\/\/uhmwpemanufacture.com\/pt\/wp-json\/wp\/v2\/product_cat?post=1662"},{"taxonomy":"product_tag","embeddable":true,"href":"https:\/\/uhmwpemanufacture.com\/pt\/wp-json\/wp\/v2\/product_tag?post=1662"}],"curies":[{"name":"wp","href":"https:\/\/api.w.org\/{rel}","templated":true}]}}