{"id":1666,"date":"2025-10-09T06:07:39","date_gmt":"2025-10-09T06:07:39","guid":{"rendered":"https:\/\/uhmwpemanufacture.com\/?post_type=product&#038;p=1666"},"modified":"2025-10-09T06:07:39","modified_gmt":"2025-10-09T06:07:39","slug":"uhmwpe-hockey-rink-dasher-board-custom-cut-pe-wholesaler","status":"publish","type":"product","link":"https:\/\/uhmwpemanufacture.com\/pt\/uhmwpe-hockey-rink-dasher-board-custom-cut-pe-wholesaler\/","title":{"rendered":"UHMWPE Pista de h\u00f3quei Dasher Board Corte personalizado PE Atacadista"},"content":{"rendered":"<h2>UHMWPE Pista de h\u00f3quei Dasher Board Corte personalizado PE Atacadista<\/h2>\n<p>Os pain\u00e9is de h\u00f3quei em patins UHMWPE s\u00e3o desenvolvidos para campos profissionais e de lazer, proporcionando uma robustez e uma resist\u00eancia ao impacto not\u00e1veis. Fabricadas em polietileno de peso molecular ultra-elevado, estas placas proporcionam uma superf\u00edcie lisa e antiaderente que reduz a fric\u00e7\u00e3o do disco e o perigo de les\u00f5es para os jogadores. As alternativas de corte \u00e0 medida permitem uma configura\u00e7\u00e3o flex\u00edvel para ringues interiores e exteriores. Com uma efici\u00eancia resistente \u00e0s intemp\u00e9ries e \u00e0s fissuras, estes pain\u00e9is de PE garantem uma utiliza\u00e7\u00e3o duradoura em ambientes exigentes, tornando-os a escolha perfeita para instala\u00e7\u00f5es desportivas, instala\u00e7\u00f5es de patinagem e sectores de forma\u00e7\u00e3o que procuram uma op\u00e7\u00e3o fi\u00e1vel e de baixa manuten\u00e7\u00e3o para os obst\u00e1culos dos ringues.<\/p>","protected":false},"excerpt":{"rendered":"<p>As t\u00e1buas de h\u00f3quei em patins UHMWPE de alta qualidade proporcionam uma superf\u00edcie lisa e duradoura, ideal para pistas de gelo e arenas de treino. Resistentes a impactos, fissuras e desgaste, estas placas de PE garantem um excelente deslizamento do disco e a seguran\u00e7a dos jogadores. Tamanhos personalizados dispon\u00edveis para utiliza\u00e7\u00e3o profissional e recreativa.<\/p>","protected":false},"featured_media":1668,"template":"","meta":{"_gspb_post_css":""},"product_brand":[],"product_cat":[29,30],"product_tag":[294,292,293],"class_list":{"0":"post-1666","1":"product","2":"type-product","3":"status-publish","4":"has-post-thumbnail","6":"product_cat-ice-rink-products","7":"product_cat-hockey-ice-rink-dasher-boards","8":"product_tag-custom-pe-board","9":"product_tag-hockey-dasher-board","10":"product_tag-uhmwpe-rink-panel","12":"first","13":"instock","14":"shipping-taxable","15":"product-type-simple"},"_links":{"self":[{"href":"https:\/\/uhmwpemanufacture.com\/pt\/wp-json\/wp\/v2\/product\/1666","targetHints":{"allow":["GET"]}}],"collection":[{"href":"https:\/\/uhmwpemanufacture.com\/pt\/wp-json\/wp\/v2\/product"}],"about":[{"href":"https:\/\/uhmwpemanufacture.com\/pt\/wp-json\/wp\/v2\/types\/product"}],"wp:featuredmedia":[{"embeddable":true,"href":"https:\/\/uhmwpemanufacture.com\/pt\/wp-json\/wp\/v2\/media\/1668"}],"wp:attachment":[{"href":"https:\/\/uhmwpemanufacture.com\/pt\/wp-json\/wp\/v2\/media?parent=1666"}],"wp:term":[{"taxonomy":"product_brand","embeddable":true,"href":"https:\/\/uhmwpemanufacture.com\/pt\/wp-json\/wp\/v2\/product_brand?post=1666"},{"taxonomy":"product_cat","embeddable":true,"href":"https:\/\/uhmwpemanufacture.com\/pt\/wp-json\/wp\/v2\/product_cat?post=1666"},{"taxonomy":"product_tag","embeddable":true,"href":"https:\/\/uhmwpemanufacture.com\/pt\/wp-json\/wp\/v2\/product_tag?post=1666"}],"curies":[{"name":"wp","href":"https:\/\/api.w.org\/{rel}","templated":true}]}}