{"id":1678,"date":"2025-10-09T06:17:38","date_gmt":"2025-10-09T06:17:38","guid":{"rendered":"https:\/\/uhmwpemanufacture.com\/?post_type=product&#038;p=1678"},"modified":"2025-10-09T06:17:38","modified_gmt":"2025-10-09T06:17:38","slug":"custom-hdpe-polyethylene-lead-boron-board-sheet-exporter","status":"publish","type":"product","link":"https:\/\/uhmwpemanufacture.com\/pt\/custom-hdpe-polyethylene-lead-boron-board-sheet-exporter\/","title":{"rendered":"Exportador de placas de polietileno chumbo-boro HDPE personalizadas"},"content":{"rendered":"<h2>Exportador de placas de polietileno chumbo-boro HDPE feitas \u00e0 medida<\/h2>\n<p>As placas personalizadas de polietileno HDPE com boro e chumbo s\u00e3o concebidas para aplica\u00e7\u00f5es de prote\u00e7\u00e3o contra radia\u00e7\u00f5es e absor\u00e7\u00e3o de neutr\u00f5es de primeira qualidade. Fabricadas com boro misturado com precis\u00e3o e polietileno de alta densidade, estas placas apresentam uma excelente resist\u00eancia mec\u00e2nica, resist\u00eancia qu\u00edmica e seguran\u00e7a duradoura. Ideais para instala\u00e7\u00f5es nucleares, salas de imagiologia m\u00e9dica e laborat\u00f3rios de radia\u00e7\u00e3o, proporcionam uma seguran\u00e7a respeit\u00e1vel, mantendo um fabrico e uma instala\u00e7\u00e3o muito f\u00e1ceis. Dispon\u00edveis em dimens\u00f5es e espessuras personalizadas, estas chapas pretas de longa dura\u00e7\u00e3o proporcionam uma efici\u00eancia extraordin\u00e1ria em atmosferas agressivas, tornando-as a op\u00e7\u00e3o recomendada para solu\u00e7\u00f5es especializadas de prote\u00e7\u00e3o e engenharia de prote\u00e7\u00e3o.<\/p>","protected":false},"excerpt":{"rendered":"<p>As placas de polietileno de alta densidade com boro e chumbo proporcionam uma prote\u00e7\u00e3o superior contra neutr\u00f5es e radia\u00e7\u00e3o. Estas placas concebidas \u00e0 medida combinam for\u00e7a, estabilidade e resist\u00eancia qu\u00edmica, sendo ideais para aplica\u00e7\u00f5es de prote\u00e7\u00e3o contra radia\u00e7\u00f5es nucleares, m\u00e9dicas e industriais com uma durabilidade duradoura.<\/p>","protected":false},"featured_media":1680,"template":"","meta":{"_gspb_post_css":""},"product_brand":[],"product_cat":[15,19],"product_tag":[299,297,298],"class_list":{"0":"post-1678","1":"product","2":"type-product","3":"status-publish","4":"has-post-thumbnail","6":"product_cat-uhmwpe-hdpe-sheets-plates","7":"product_cat-lead-boron-polyethylene-plates","8":"product_tag-hdpe-polyethylene-panel","9":"product_tag-lead-boron-board","10":"product_tag-radiation-shielding-sheet","12":"first","13":"instock","14":"shipping-taxable","15":"product-type-simple"},"_links":{"self":[{"href":"https:\/\/uhmwpemanufacture.com\/pt\/wp-json\/wp\/v2\/product\/1678","targetHints":{"allow":["GET"]}}],"collection":[{"href":"https:\/\/uhmwpemanufacture.com\/pt\/wp-json\/wp\/v2\/product"}],"about":[{"href":"https:\/\/uhmwpemanufacture.com\/pt\/wp-json\/wp\/v2\/types\/product"}],"wp:featuredmedia":[{"embeddable":true,"href":"https:\/\/uhmwpemanufacture.com\/pt\/wp-json\/wp\/v2\/media\/1680"}],"wp:attachment":[{"href":"https:\/\/uhmwpemanufacture.com\/pt\/wp-json\/wp\/v2\/media?parent=1678"}],"wp:term":[{"taxonomy":"product_brand","embeddable":true,"href":"https:\/\/uhmwpemanufacture.com\/pt\/wp-json\/wp\/v2\/product_brand?post=1678"},{"taxonomy":"product_cat","embeddable":true,"href":"https:\/\/uhmwpemanufacture.com\/pt\/wp-json\/wp\/v2\/product_cat?post=1678"},{"taxonomy":"product_tag","embeddable":true,"href":"https:\/\/uhmwpemanufacture.com\/pt\/wp-json\/wp\/v2\/product_tag?post=1678"}],"curies":[{"name":"wp","href":"https:\/\/api.w.org\/{rel}","templated":true}]}}