{"id":1685,"date":"2025-10-09T06:21:18","date_gmt":"2025-10-09T06:21:18","guid":{"rendered":"https:\/\/uhmwpemanufacture.com\/?post_type=product&#038;p=1685"},"modified":"2025-10-09T06:21:18","modified_gmt":"2025-10-09T06:21:18","slug":"wear-resistant-outrigger-pads-uhmw-crane-foot-support-plate","status":"publish","type":"product","link":"https:\/\/uhmwpemanufacture.com\/pt\/wear-resistant-outrigger-pads-uhmw-crane-foot-support-plate\/","title":{"rendered":"Almofadas de estabiliza\u00e7\u00e3o resistentes ao desgaste Placa de apoio do p\u00e9 do guindaste Uhmw"},"content":{"rendered":"<h2>Almofadas de estabiliza\u00e7\u00e3o resistentes ao uso Placa de assist\u00eancia para p\u00e9s de guindaste UHMW<\/h2>\n<p>As almofadas para estabilizadores UHMW fornecem uma resist\u00eancia e seguran\u00e7a excepcionais para gruas, ve\u00edculos e dispositivos pesados. Fabricadas em polietileno de peso molecular ultra-elevado, estas camadas de apoio para os p\u00e9s oferecem uma resist\u00eancia superior ao desgaste, absor\u00e7\u00e3o de efeitos e distribui\u00e7\u00e3o de lotes em terrenos macios ou irregulares. A sua superf\u00edcie antiderrapante e o seu corte de precis\u00e3o garantem um manuseamento f\u00e1cil, a seguran\u00e7a e a longevidade procuradas ap\u00f3s os procedimentos de constru\u00e7\u00e3o e de forma\u00e7\u00e3o. Fabricadas para substituir as almofadas convencionais de madeira ou a\u00e7o, as almofadas UHMW s\u00e3o leves, resistentes \u00e0s intemp\u00e9ries e \u00e0 corros\u00e3o, proporcionando uma efici\u00eancia duradoura para aplica\u00e7\u00f5es comerciais, de constru\u00e7\u00e3o e de gruas m\u00f3veis em todo o mundo.<\/p>","protected":false},"excerpt":{"rendered":"<p>As almofadas dos estabilizadores UHMW proporcionam um suporte de solo forte e est\u00e1vel para gruas e maquinaria pesada. Leves mas dur\u00e1veis, resistem ao desgaste, ao impacto e \u00e0 corros\u00e3o, oferecendo uma distribui\u00e7\u00e3o segura da carga em superf\u00edcies macias ou irregulares. Ideais para opera\u00e7\u00f5es de constru\u00e7\u00e3o e de eleva\u00e7\u00e3o industrial.<\/p>","protected":false},"featured_media":1686,"template":"","meta":{"_gspb_post_css":""},"product_brand":[],"product_cat":[15,20],"product_tag":[301,302,300],"class_list":{"0":"post-1685","1":"product","2":"type-product","3":"status-publish","4":"has-post-thumbnail","6":"product_cat-uhmwpe-hdpe-sheets-plates","7":"product_cat-crane-outrigger-pads","8":"product_tag-crane-support-plate","9":"product_tag-heavy-equipment-pad","10":"product_tag-uhmw-outrigger-pad","12":"first","13":"instock","14":"shipping-taxable","15":"product-type-simple"},"_links":{"self":[{"href":"https:\/\/uhmwpemanufacture.com\/pt\/wp-json\/wp\/v2\/product\/1685","targetHints":{"allow":["GET"]}}],"collection":[{"href":"https:\/\/uhmwpemanufacture.com\/pt\/wp-json\/wp\/v2\/product"}],"about":[{"href":"https:\/\/uhmwpemanufacture.com\/pt\/wp-json\/wp\/v2\/types\/product"}],"wp:featuredmedia":[{"embeddable":true,"href":"https:\/\/uhmwpemanufacture.com\/pt\/wp-json\/wp\/v2\/media\/1686"}],"wp:attachment":[{"href":"https:\/\/uhmwpemanufacture.com\/pt\/wp-json\/wp\/v2\/media?parent=1685"}],"wp:term":[{"taxonomy":"product_brand","embeddable":true,"href":"https:\/\/uhmwpemanufacture.com\/pt\/wp-json\/wp\/v2\/product_brand?post=1685"},{"taxonomy":"product_cat","embeddable":true,"href":"https:\/\/uhmwpemanufacture.com\/pt\/wp-json\/wp\/v2\/product_cat?post=1685"},{"taxonomy":"product_tag","embeddable":true,"href":"https:\/\/uhmwpemanufacture.com\/pt\/wp-json\/wp\/v2\/product_tag?post=1685"}],"curies":[{"name":"wp","href":"https:\/\/api.w.org\/{rel}","templated":true}]}}