{"id":1689,"date":"2025-10-09T06:24:02","date_gmt":"2025-10-09T06:24:02","guid":{"rendered":"https:\/\/uhmwpemanufacture.com\/?post_type=product&#038;p=1689"},"modified":"2025-10-09T06:24:02","modified_gmt":"2025-10-09T06:24:02","slug":"ultra-high-molecular-weight-polyethylene-hdpe-sheet-board","status":"publish","type":"product","link":"https:\/\/uhmwpemanufacture.com\/pt\/ultra-high-molecular-weight-polyethylene-hdpe-sheet-board\/","title":{"rendered":"Placa de polietileno de peso molecular ultra elevado HDPE"},"content":{"rendered":"<h2>Placa de polietileno de peso molecular ultra elevado HDPE UHMWPE<\/h2>\n<p>As placas de polietileno de peso molecular ultra-elevado (UHMWPE) s\u00e3o concebidas para uma dureza superior, uma fric\u00e7\u00e3o reduzida e uma resist\u00eancia duradoura ao desgaste. Estas placas de PEAD brancas oferecem uma excelente resist\u00eancia qu\u00edmica, ao impacto e \u00e0 abras\u00e3o, tornando-as adequadas para aplica\u00e7\u00f5es comerciais, aqu\u00e1ticas e alimentares. Leves mas altamente duradouras, as placas de UHMWPE garantem um bom desempenho em sistemas de transporte, revestimentos e superf\u00edcies de seguran\u00e7a. As suas propriedades residenciais antiaderentes e resistentes \u00e0 humidade tornam-nas muito f\u00e1ceis de arrumar e manter, mesmo em ambientes exigentes. As dimens\u00f5es e densidades personalizadas est\u00e3o prontamente dispon\u00edveis para satisfazer diversas necessidades de engenharia e produ\u00e7\u00e3o.<\/p>","protected":false},"excerpt":{"rendered":"<p>As placas de UHMWPE oferecem uma for\u00e7a excecional, resist\u00eancia ao desgaste e baixa fric\u00e7\u00e3o. Ideais para aplica\u00e7\u00f5es industriais, mar\u00edtimas e alimentares, estas placas de PEAD oferecem uma excelente resist\u00eancia ao impacto e aos produtos qu\u00edmicos, com um desempenho suave e duradouro para uma utiliza\u00e7\u00e3o a longo prazo.<\/p>","protected":false},"featured_media":1695,"template":"","meta":{"_gspb_post_css":""},"product_brand":[],"product_cat":[15,18],"product_tag":[59,304,303],"class_list":{"0":"post-1689","1":"product","2":"type-product","3":"status-publish","4":"has-post-thumbnail","6":"product_cat-uhmwpe-hdpe-sheets-plates","7":"product_cat-hdpe-sheets","8":"product_tag-hdpe-sheet","9":"product_tag-polyethylene-panel","10":"product_tag-uhmwpe-board","12":"first","13":"instock","14":"shipping-taxable","15":"product-type-simple"},"_links":{"self":[{"href":"https:\/\/uhmwpemanufacture.com\/pt\/wp-json\/wp\/v2\/product\/1689","targetHints":{"allow":["GET"]}}],"collection":[{"href":"https:\/\/uhmwpemanufacture.com\/pt\/wp-json\/wp\/v2\/product"}],"about":[{"href":"https:\/\/uhmwpemanufacture.com\/pt\/wp-json\/wp\/v2\/types\/product"}],"wp:featuredmedia":[{"embeddable":true,"href":"https:\/\/uhmwpemanufacture.com\/pt\/wp-json\/wp\/v2\/media\/1695"}],"wp:attachment":[{"href":"https:\/\/uhmwpemanufacture.com\/pt\/wp-json\/wp\/v2\/media?parent=1689"}],"wp:term":[{"taxonomy":"product_brand","embeddable":true,"href":"https:\/\/uhmwpemanufacture.com\/pt\/wp-json\/wp\/v2\/product_brand?post=1689"},{"taxonomy":"product_cat","embeddable":true,"href":"https:\/\/uhmwpemanufacture.com\/pt\/wp-json\/wp\/v2\/product_cat?post=1689"},{"taxonomy":"product_tag","embeddable":true,"href":"https:\/\/uhmwpemanufacture.com\/pt\/wp-json\/wp\/v2\/product_tag?post=1689"}],"curies":[{"name":"wp","href":"https:\/\/api.w.org\/{rel}","templated":true}]}}