{"id":1696,"date":"2025-10-09T06:27:49","date_gmt":"2025-10-09T06:27:49","guid":{"rendered":"https:\/\/uhmwpemanufacture.com\/?post_type=product&#038;p=1696"},"modified":"2025-10-09T06:27:49","modified_gmt":"2025-10-09T06:27:49","slug":"custom-resistant-hockeyicerink-dasher-boards-manufacturer","status":"publish","type":"product","link":"https:\/\/uhmwpemanufacture.com\/pt\/custom-resistant-hockeyicerink-dasher-boards-manufacturer\/","title":{"rendered":"Placas de H\u00f3quei (Gelo) de pista resistentes personalizadas Fabricante"},"content":{"rendered":"<h2>Fabricante de placas de h\u00f3quei em patins (gelo) resistentes e personalizadas<\/h2>\n<p>As placas de h\u00f3quei em patins personalizadas s\u00e3o constru\u00eddas para arenas de gelo especializadas e de entretenimento, oferecendo uma robustez e uma resist\u00eancia \u00e0 influ\u00eancia not\u00e1veis. Fabricadas a partir de produtos de alta qualidade, incluindo HDPE e estruturas de liga de alum\u00ednio leve, estas placas garantem seguran\u00e7a e prote\u00e7\u00e3o, estabilidade e um ressalto suave do disco ao longo de um jogo extremo. A superf\u00edcie resistente aos raios UV e \u00e0 humidade proporciona uma efic\u00e1cia duradoura tanto em problemas interiores como exteriores. Fabricadas para uma instala\u00e7\u00e3o e manuten\u00e7\u00e3o muito f\u00e1ceis, cada t\u00e1bua pode ser personalizada em termos de dimens\u00e3o, tonalidade e design para corresponder aos requisitos do ringue. Adequado para h\u00f3quei no gelo, instala\u00e7\u00f5es de patinagem e instala\u00e7\u00f5es de forma\u00e7\u00e3o que necessitem de barreiras de pista fi\u00e1veis e de elevado desempenho.<\/p>","protected":false},"excerpt":{"rendered":"<p>Os pain\u00e9is de h\u00f3quei em patins dur\u00e1veis s\u00e3o fabricados em HDPE e alum\u00ednio de alta qualidade para uma resist\u00eancia superior ao impacto e um jogo suave. Concebidas para pistas de gelo e em linha, garantem seguran\u00e7a, instala\u00e7\u00e3o f\u00e1cil e desempenho duradouro. Est\u00e3o dispon\u00edveis tamanhos e cores personalizados para arenas profissionais ou recreativas.<\/p>","protected":false},"featured_media":1698,"template":"","meta":{"_gspb_post_css":""},"product_brand":[],"product_cat":[29,30],"product_tag":[306,81,305],"class_list":{"0":"post-1696","1":"product","2":"type-product","3":"status-publish","4":"has-post-thumbnail","6":"product_cat-ice-rink-products","7":"product_cat-hockey-ice-rink-dasher-boards","8":"product_tag-hdpe-rink-panels","9":"product_tag-hockey-dasher-boards","10":"product_tag-ice-rink-barrier","12":"first","13":"instock","14":"shipping-taxable","15":"product-type-simple"},"_links":{"self":[{"href":"https:\/\/uhmwpemanufacture.com\/pt\/wp-json\/wp\/v2\/product\/1696","targetHints":{"allow":["GET"]}}],"collection":[{"href":"https:\/\/uhmwpemanufacture.com\/pt\/wp-json\/wp\/v2\/product"}],"about":[{"href":"https:\/\/uhmwpemanufacture.com\/pt\/wp-json\/wp\/v2\/types\/product"}],"wp:featuredmedia":[{"embeddable":true,"href":"https:\/\/uhmwpemanufacture.com\/pt\/wp-json\/wp\/v2\/media\/1698"}],"wp:attachment":[{"href":"https:\/\/uhmwpemanufacture.com\/pt\/wp-json\/wp\/v2\/media?parent=1696"}],"wp:term":[{"taxonomy":"product_brand","embeddable":true,"href":"https:\/\/uhmwpemanufacture.com\/pt\/wp-json\/wp\/v2\/product_brand?post=1696"},{"taxonomy":"product_cat","embeddable":true,"href":"https:\/\/uhmwpemanufacture.com\/pt\/wp-json\/wp\/v2\/product_cat?post=1696"},{"taxonomy":"product_tag","embeddable":true,"href":"https:\/\/uhmwpemanufacture.com\/pt\/wp-json\/wp\/v2\/product_tag?post=1696"}],"curies":[{"name":"wp","href":"https:\/\/api.w.org\/{rel}","templated":true}]}}