{"id":1699,"date":"2025-10-09T06:31:33","date_gmt":"2025-10-09T06:31:33","guid":{"rendered":"https:\/\/uhmwpemanufacture.com\/?post_type=product&#038;p=1699"},"modified":"2025-10-09T06:31:33","modified_gmt":"2025-10-09T06:31:33","slug":"lead-boron-polyethylene-plate-uhmwpe-boards-manufacturer","status":"publish","type":"product","link":"https:\/\/uhmwpemanufacture.com\/pt\/lead-boron-polyethylene-plate-uhmwpe-boards-manufacturer\/","title":{"rendered":"Placa de polietileno de chumbo-boro Placas de UHMWPE Fabricante"},"content":{"rendered":"<h2>Fornecedor de placas de polietileno de chumbo-boro UHMWPE<\/h2>\n<p>As placas de polietileno com chumbo e boro s\u00e3o especificamente concebidas para uma prote\u00e7\u00e3o de primeira qualidade contra radia\u00e7\u00f5es de neutr\u00f5es e gama. Fabricadas a partir de polietileno de alta densidade instilado com chumbo e boro, estas placas de UHMWPE incorporam dureza, versatilidade e elevada resist\u00eancia ao impacto. S\u00e3o excelentes para utiliza\u00e7\u00e3o em centrais nucleares, salas de radia\u00e7\u00e3o m\u00e9dica, laborat\u00f3rios e ambientes de defesa comercial. A superf\u00edcie lisa e robusta garante uma limpeza f\u00e1cil e um desempenho a longo prazo sob problemas exigentes. Dispon\u00edveis em tamanhos e espessuras personalizados, estas placas constituem uma op\u00e7\u00e3o eficiente, leve e resistente \u00e0 corros\u00e3o para aplica\u00e7\u00f5es de prote\u00e7\u00e3o contra radia\u00e7\u00f5es e seguran\u00e7a.<\/p>","protected":false},"excerpt":{"rendered":"<p>As placas de polietileno com boro e chumbo proporcionam uma prote\u00e7\u00e3o eficaz contra neutr\u00f5es e gama com excelente resist\u00eancia e durabilidade. Fabricadas em material UHMWPE, s\u00e3o ideais para prote\u00e7\u00e3o contra radia\u00e7\u00f5es nucleares, m\u00e9dicas e industriais, oferecendo resist\u00eancia \u00e0 corros\u00e3o e uma longa vida \u00fatil.<\/p>","protected":false},"featured_media":1701,"template":"","meta":{"_gspb_post_css":""},"product_brand":[],"product_cat":[15,19],"product_tag":[307,309,308],"class_list":{"0":"post-1699","1":"product","2":"type-product","3":"status-publish","4":"has-post-thumbnail","6":"product_cat-uhmwpe-hdpe-sheets-plates","7":"product_cat-lead-boron-polyethylene-plates","8":"product_tag-lead-boron-plate","9":"product_tag-polyethylene-shielding-panel","10":"product_tag-uhmwpe-radiation-board","12":"first","13":"instock","14":"shipping-taxable","15":"product-type-simple"},"_links":{"self":[{"href":"https:\/\/uhmwpemanufacture.com\/pt\/wp-json\/wp\/v2\/product\/1699","targetHints":{"allow":["GET"]}}],"collection":[{"href":"https:\/\/uhmwpemanufacture.com\/pt\/wp-json\/wp\/v2\/product"}],"about":[{"href":"https:\/\/uhmwpemanufacture.com\/pt\/wp-json\/wp\/v2\/types\/product"}],"wp:featuredmedia":[{"embeddable":true,"href":"https:\/\/uhmwpemanufacture.com\/pt\/wp-json\/wp\/v2\/media\/1701"}],"wp:attachment":[{"href":"https:\/\/uhmwpemanufacture.com\/pt\/wp-json\/wp\/v2\/media?parent=1699"}],"wp:term":[{"taxonomy":"product_brand","embeddable":true,"href":"https:\/\/uhmwpemanufacture.com\/pt\/wp-json\/wp\/v2\/product_brand?post=1699"},{"taxonomy":"product_cat","embeddable":true,"href":"https:\/\/uhmwpemanufacture.com\/pt\/wp-json\/wp\/v2\/product_cat?post=1699"},{"taxonomy":"product_tag","embeddable":true,"href":"https:\/\/uhmwpemanufacture.com\/pt\/wp-json\/wp\/v2\/product_tag?post=1699"}],"curies":[{"name":"wp","href":"https:\/\/api.w.org\/{rel}","templated":true}]}}