{"id":1702,"date":"2025-10-09T08:40:02","date_gmt":"2025-10-09T08:40:02","guid":{"rendered":"https:\/\/uhmwpemanufacture.com\/?post_type=product&#038;p=1702"},"modified":"2025-10-09T08:40:02","modified_gmt":"2025-10-09T08:40:02","slug":"custom-chinese-factories-plastic-uhmw-pe-sheet-manufacturer","status":"publish","type":"product","link":"https:\/\/uhmwpemanufacture.com\/pt\/custom-chinese-factories-plastic-uhmw-pe-sheet-manufacturer\/","title":{"rendered":"F\u00e1bricas chinesas personalizadas Folha de pl\u00e1stico UHMW-PE Fabricante"},"content":{"rendered":"<h2>Instala\u00e7\u00f5es de fabrico chinesas personalizadas Produtor de chapas de pl\u00e1stico UHMW-PE<\/h2>\n<p>As folhas de UHMW-PE dos principais produtores chineses s\u00e3o criadas para uma excelente resist\u00eancia ao desgaste, baixa fric\u00e7\u00e3o e uma not\u00e1vel resist\u00eancia ao efeito. Prontamente dispon\u00edveis em diferentes cores, como azul, branco e preto, estas folhas oferecem uma seguran\u00e7a qu\u00edmica e uma resist\u00eancia \u00e0 humidade, \u00e0 corros\u00e3o e \u00e0 abras\u00e3o excepcionais. Perfeito para aplica\u00e7\u00f5es em processamento de alimentos, equipamentos, marinha e sistemas de transporte, o UHMW-PE fornece uma superf\u00edcie duradoura e livre de manuten\u00e7\u00e3o. Podem ser criadas dimens\u00f5es e densidades personalizadas para satisfazer as necessidades comerciais e de engenharia, assegurando um desempenho fi\u00e1vel procurado em atmosferas, mantendo a versatilidade do peso leve e a elevada durabilidade.<\/p>","protected":false},"excerpt":{"rendered":"<p>As chapas UHMW-PE de alta qualidade apresentam uma excelente resist\u00eancia ao desgaste, resist\u00eancia ao impacto e baixa fric\u00e7\u00e3o. Dispon\u00edveis em cores e tamanhos personalizados, s\u00e3o ideais para maquinaria, aplica\u00e7\u00f5es mar\u00edtimas e industriais que exigem durabilidade e resist\u00eancia qu\u00edmica.<\/p>","protected":false},"featured_media":1721,"template":"","meta":{"_gspb_post_css":""},"product_brand":[],"product_cat":[15,17],"product_tag":[311,312,310],"class_list":{"0":"post-1702","1":"product","2":"type-product","3":"status-publish","4":"has-post-thumbnail","6":"product_cat-uhmwpe-hdpe-sheets-plates","7":"product_cat-uhmwpe-sheets","8":"product_tag-plastic-board","9":"product_tag-polyethylene-manufacturer","10":"product_tag-uhmw-pe-sheet","12":"first","13":"instock","14":"shipping-taxable","15":"product-type-simple"},"_links":{"self":[{"href":"https:\/\/uhmwpemanufacture.com\/pt\/wp-json\/wp\/v2\/product\/1702","targetHints":{"allow":["GET"]}}],"collection":[{"href":"https:\/\/uhmwpemanufacture.com\/pt\/wp-json\/wp\/v2\/product"}],"about":[{"href":"https:\/\/uhmwpemanufacture.com\/pt\/wp-json\/wp\/v2\/types\/product"}],"wp:featuredmedia":[{"embeddable":true,"href":"https:\/\/uhmwpemanufacture.com\/pt\/wp-json\/wp\/v2\/media\/1721"}],"wp:attachment":[{"href":"https:\/\/uhmwpemanufacture.com\/pt\/wp-json\/wp\/v2\/media?parent=1702"}],"wp:term":[{"taxonomy":"product_brand","embeddable":true,"href":"https:\/\/uhmwpemanufacture.com\/pt\/wp-json\/wp\/v2\/product_brand?post=1702"},{"taxonomy":"product_cat","embeddable":true,"href":"https:\/\/uhmwpemanufacture.com\/pt\/wp-json\/wp\/v2\/product_cat?post=1702"},{"taxonomy":"product_tag","embeddable":true,"href":"https:\/\/uhmwpemanufacture.com\/pt\/wp-json\/wp\/v2\/product_tag?post=1702"}],"curies":[{"name":"wp","href":"https:\/\/api.w.org\/{rel}","templated":true}]}}