{"id":1722,"date":"2025-10-09T08:43:43","date_gmt":"2025-10-09T08:43:43","guid":{"rendered":"https:\/\/uhmwpemanufacture.com\/?post_type=product&#038;p=1722"},"modified":"2025-10-09T08:43:43","modified_gmt":"2025-10-09T08:43:43","slug":"heavy-duty-uhmwpe-plastic-outrigger-pad-crane-level-pads","status":"publish","type":"product","link":"https:\/\/uhmwpemanufacture.com\/pt\/heavy-duty-uhmwpe-plastic-outrigger-pad-crane-level-pads\/","title":{"rendered":"Almofada de pl\u00e1stico para guindaste de n\u00edvel de guindaste para servi\u00e7o pesado Uhmwpe"},"content":{"rendered":"<h2>Almofada de pl\u00e1stico UHMWPE forte para guindaste Almofadas de n\u00edvel de guindaste<\/h2>\n<p>Estas almofadas de pl\u00e1stico UHMWPE dur\u00e1veis para estabilizadores s\u00e3o concebidas para uma circula\u00e7\u00e3o de lotes superior e seguran\u00e7a no solo. Constru\u00eddos para suportar press\u00f5es extremas, evitam que as gruas e o equipamento pesado se afundem ou se inclinem em superf\u00edcies macias ou irregulares. As almofadas incluem uma corda vermelha resistente que facilita o transporte e o posicionamento, garantindo uma efici\u00eancia \u00f3ptima nos locais de trabalho. Com uma excelente resist\u00eancia ao desgaste, resist\u00eancia ao impacto e resist\u00eancia \u00e0s intemp\u00e9ries, superam as almofadas normais de madeira ou a\u00e7o. Adequadas para gruas, elevadores a\u00e9reos e equipamento de constru\u00e7\u00e3o, estas almofadas em UHMWPE proporcionam um manuseamento leve, um desempenho duradouro e uma seguran\u00e7a fi\u00e1vel em ambientes exigentes.<\/p>","protected":false},"excerpt":{"rendered":"<p>As almofadas dur\u00e1veis dos estabilizadores em UHMWPE proporcionam um suporte est\u00e1vel e antiderrapante para gruas e maquinaria pesada. Leves mas fortes, resistem ao desgaste, \u00e0 corros\u00e3o e \u00e0s condi\u00e7\u00f5es climat\u00e9ricas, garantindo um desempenho seguro e duradouro em qualquer superf\u00edcie.<\/p>","protected":false},"featured_media":1724,"template":"","meta":{"_gspb_post_css":""},"product_brand":[],"product_cat":[15,21],"product_tag":[313,256,155],"class_list":{"0":"post-1722","1":"product","2":"type-product","3":"status-publish","4":"has-post-thumbnail","6":"product_cat-uhmwpe-hdpe-sheets-plates","7":"product_cat-uhmwpe-fender-pads","8":"product_tag-crane-support-pads","9":"product_tag-outrigger-pads","10":"product_tag-uhmwpe-plate","12":"first","13":"instock","14":"shipping-taxable","15":"product-type-simple"},"_links":{"self":[{"href":"https:\/\/uhmwpemanufacture.com\/pt\/wp-json\/wp\/v2\/product\/1722","targetHints":{"allow":["GET"]}}],"collection":[{"href":"https:\/\/uhmwpemanufacture.com\/pt\/wp-json\/wp\/v2\/product"}],"about":[{"href":"https:\/\/uhmwpemanufacture.com\/pt\/wp-json\/wp\/v2\/types\/product"}],"wp:featuredmedia":[{"embeddable":true,"href":"https:\/\/uhmwpemanufacture.com\/pt\/wp-json\/wp\/v2\/media\/1724"}],"wp:attachment":[{"href":"https:\/\/uhmwpemanufacture.com\/pt\/wp-json\/wp\/v2\/media?parent=1722"}],"wp:term":[{"taxonomy":"product_brand","embeddable":true,"href":"https:\/\/uhmwpemanufacture.com\/pt\/wp-json\/wp\/v2\/product_brand?post=1722"},{"taxonomy":"product_cat","embeddable":true,"href":"https:\/\/uhmwpemanufacture.com\/pt\/wp-json\/wp\/v2\/product_cat?post=1722"},{"taxonomy":"product_tag","embeddable":true,"href":"https:\/\/uhmwpemanufacture.com\/pt\/wp-json\/wp\/v2\/product_tag?post=1722"}],"curies":[{"name":"wp","href":"https:\/\/api.w.org\/{rel}","templated":true}]}}