{"id":1734,"date":"2025-10-09T09:05:50","date_gmt":"2025-10-09T09:05:50","guid":{"rendered":"https:\/\/uhmwpemanufacture.com\/?post_type=product&#038;p=1734"},"modified":"2025-10-09T09:05:50","modified_gmt":"2025-10-09T09:05:50","slug":"durable-pe-ground-protection-quick-mat-temporary-road-mats","status":"publish","type":"product","link":"https:\/\/uhmwpemanufacture.com\/pt\/durable-pe-ground-protection-quick-mat-temporary-road-mats\/","title":{"rendered":"Tapete de prote\u00e7\u00e3o do solo em PE dur\u00e1vel Tapete de estrada tempor\u00e1rio"},"content":{"rendered":"<h2 data-start=\"0\" data-end=\"63\">Tapete de prote\u00e7\u00e3o do solo em PE dur\u00e1vel Tapete de estrada tempor\u00e1rio<\/h2>\n<p data-start=\"65\" data-end=\"618\" data-is-last-node=\"\" data-is-only-node=\"\">Concebidos para serem resistentes e duradouros, estes tapetes r\u00e1pidos de prote\u00e7\u00e3o do solo em PE dur\u00e1veis proporcionam uma solu\u00e7\u00e3o de estrada tempor\u00e1ria fi\u00e1vel para estaleiros de constru\u00e7\u00e3o, eventos ao ar livre e opera\u00e7\u00f5es pesadas. Fabricados em polietileno de alta densidade (HDPE), resistem ao impacto, \u00e0 corros\u00e3o e \u00e0 humidade, garantindo uma utiliza\u00e7\u00e3o a longo prazo em todas as condi\u00e7\u00f5es climat\u00e9ricas. A superf\u00edcie de diamante antiderrapante melhora a tra\u00e7\u00e3o, enquanto o design leve permite uma instala\u00e7\u00e3o e remo\u00e7\u00e3o r\u00e1pidas. Perfeitas para proteger a relva, o solo ou superf\u00edcies sens\u00edveis da maquinaria pesada e do tr\u00e1fego de ve\u00edculos.<\/p>","protected":false},"excerpt":{"rendered":"<p>As esteiras r\u00e1pidas de prote\u00e7\u00e3o do solo em PE dur\u00e1vel oferecem um acesso tempor\u00e1rio fi\u00e1vel \u00e0 estrada para constru\u00e7\u00e3o, eventos e ve\u00edculos pesados. Fabricadas em PEAD forte com uma superf\u00edcie antiderrapante, protegem a relva e o solo, proporcionando estabilidade e uma instala\u00e7\u00e3o f\u00e1cil. Resistentes \u00e0s intemp\u00e9ries e reutiliz\u00e1veis para uma utiliza\u00e7\u00e3o a longo prazo.<\/p>","protected":false},"featured_media":1742,"template":"","meta":{"_gspb_post_css":""},"product_brand":[],"product_cat":[24,25],"product_tag":[72,314,76],"class_list":{"0":"post-1734","1":"product","2":"type-product","3":"status-publish","4":"has-post-thumbnail","6":"product_cat-ground-protection-road-mats","7":"product_cat-quick-mats","8":"product_tag-ground-protection-mats","9":"product_tag-hdpe-trackway","10":"product_tag-temporary-road-mats","12":"first","13":"instock","14":"shipping-taxable","15":"product-type-simple"},"_links":{"self":[{"href":"https:\/\/uhmwpemanufacture.com\/pt\/wp-json\/wp\/v2\/product\/1734","targetHints":{"allow":["GET"]}}],"collection":[{"href":"https:\/\/uhmwpemanufacture.com\/pt\/wp-json\/wp\/v2\/product"}],"about":[{"href":"https:\/\/uhmwpemanufacture.com\/pt\/wp-json\/wp\/v2\/types\/product"}],"wp:featuredmedia":[{"embeddable":true,"href":"https:\/\/uhmwpemanufacture.com\/pt\/wp-json\/wp\/v2\/media\/1742"}],"wp:attachment":[{"href":"https:\/\/uhmwpemanufacture.com\/pt\/wp-json\/wp\/v2\/media?parent=1734"}],"wp:term":[{"taxonomy":"product_brand","embeddable":true,"href":"https:\/\/uhmwpemanufacture.com\/pt\/wp-json\/wp\/v2\/product_brand?post=1734"},{"taxonomy":"product_cat","embeddable":true,"href":"https:\/\/uhmwpemanufacture.com\/pt\/wp-json\/wp\/v2\/product_cat?post=1734"},{"taxonomy":"product_tag","embeddable":true,"href":"https:\/\/uhmwpemanufacture.com\/pt\/wp-json\/wp\/v2\/product_tag?post=1734"}],"curies":[{"name":"wp","href":"https:\/\/api.w.org\/{rel}","templated":true}]}}