{"id":1750,"date":"2025-10-09T09:10:48","date_gmt":"2025-10-09T09:10:48","guid":{"rendered":"https:\/\/uhmwpemanufacture.com\/?post_type=product&#038;p=1750"},"modified":"2025-10-09T09:10:48","modified_gmt":"2025-10-09T09:10:48","slug":"conveyor-component-durable-plastic-guide-rail-pppe-products","status":"publish","type":"product","link":"https:\/\/uhmwpemanufacture.com\/pt\/conveyor-component-durable-plastic-guide-rail-pppe-products\/","title":{"rendered":"Componente de transportador Trilho de guia de pl\u00e1stico dur\u00e1vel Produtos PPPE"},"content":{"rendered":"<h2 data-start=\"0\" data-end=\"64\">Componente de transportador Trilho de guia de pl\u00e1stico dur\u00e1vel Produtos PPPE<\/h2>\n<p data-start=\"66\" data-end=\"654\" data-is-last-node=\"\" data-is-only-node=\"\">Concebidas para um manuseamento suave e eficiente do material, estas calhas de guia de pl\u00e1stico duradouras s\u00e3o fabricadas com materiais PP e PE de alta qualidade. Proporcionam uma excelente resist\u00eancia ao desgaste, baixa fric\u00e7\u00e3o e elevada resist\u00eancia ao impacto, garantindo um desempenho est\u00e1vel e fi\u00e1vel do transportador. As calhas de guia ajudam a evitar o deslizamento do produto e reduzem o ru\u00eddo, tornando-as ideais para sistemas de transporte de alimentos, bebidas e embalagens. F\u00e1ceis de instalar e manter, oferecem um desempenho duradouro mesmo em ambientes industriais exigentes. Dispon\u00edveis em v\u00e1rias formas e tamanhos para se adaptarem a diferentes configura\u00e7\u00f5es de transportadores.<\/p>","protected":false},"excerpt":{"rendered":"<p class=\"sr-only\"><span style=\"font-size: 16px;\">Calha de guia em pl\u00e1stico dur\u00e1vel Os produtos PPPE garantem um funcionamento suave e est\u00e1vel do transportador. Fabricados com materiais PP e PE de alta qualidade, resistem ao desgaste, ao impacto e \u00e0 corros\u00e3o. Ideais para as ind\u00fastrias alimentar, de bebidas e de embalagens, proporcionando baixa fric\u00e7\u00e3o, redu\u00e7\u00e3o de ru\u00eddo e f\u00e1cil instala\u00e7\u00e3o.<\/span><\/p>","protected":false},"featured_media":1752,"template":"","meta":{"_gspb_post_css":""},"product_brand":[],"product_cat":[35],"product_tag":[316,315,317],"class_list":{"0":"post-1750","1":"product","2":"type-product","3":"status-publish","4":"has-post-thumbnail","6":"product_cat-pp-pe-products","7":"product_tag-conveyor-components","8":"product_tag-plastic-guide-rail","9":"product_tag-pppe-products","11":"first","12":"instock","13":"shipping-taxable","14":"product-type-simple"},"_links":{"self":[{"href":"https:\/\/uhmwpemanufacture.com\/pt\/wp-json\/wp\/v2\/product\/1750","targetHints":{"allow":["GET"]}}],"collection":[{"href":"https:\/\/uhmwpemanufacture.com\/pt\/wp-json\/wp\/v2\/product"}],"about":[{"href":"https:\/\/uhmwpemanufacture.com\/pt\/wp-json\/wp\/v2\/types\/product"}],"wp:featuredmedia":[{"embeddable":true,"href":"https:\/\/uhmwpemanufacture.com\/pt\/wp-json\/wp\/v2\/media\/1752"}],"wp:attachment":[{"href":"https:\/\/uhmwpemanufacture.com\/pt\/wp-json\/wp\/v2\/media?parent=1750"}],"wp:term":[{"taxonomy":"product_brand","embeddable":true,"href":"https:\/\/uhmwpemanufacture.com\/pt\/wp-json\/wp\/v2\/product_brand?post=1750"},{"taxonomy":"product_cat","embeddable":true,"href":"https:\/\/uhmwpemanufacture.com\/pt\/wp-json\/wp\/v2\/product_cat?post=1750"},{"taxonomy":"product_tag","embeddable":true,"href":"https:\/\/uhmwpemanufacture.com\/pt\/wp-json\/wp\/v2\/product_tag?post=1750"}],"curies":[{"name":"wp","href":"https:\/\/api.w.org\/{rel}","templated":true}]}}