{"id":1758,"date":"2025-10-09T09:15:08","date_gmt":"2025-10-09T09:15:08","guid":{"rendered":"https:\/\/uhmwpemanufacture.com\/?post_type=product&#038;p=1758"},"modified":"2025-10-09T09:21:15","modified_gmt":"2025-10-09T09:21:15","slug":"nylon-uhmwpe-board-sea-panel-plastic-sheet-manufacturers","status":"publish","type":"product","link":"https:\/\/uhmwpemanufacture.com\/pt\/nylon-uhmwpe-board-sea-panel-plastic-sheet-manufacturers\/","title":{"rendered":"Fabricantes de Pl\u00e1stico para Painel Mar\u00edtimo de Nylon UHMWPE"},"content":{"rendered":"<h2 data-start=\"0\" data-end=\"61\">Fabricantes de Pl\u00e1stico para Painel Mar\u00edtimo de Nylon UHMWPE<\/h2>\n<p data-start=\"63\" data-end=\"682\" data-is-last-node=\"\" data-is-only-node=\"\">As folhas de pl\u00e1stico de nylon e UHMWPE s\u00e3o concebidas para uma excecional resist\u00eancia ao desgaste, dureza e desempenho duradouro em aplica\u00e7\u00f5es mar\u00edtimas, industriais e mec\u00e2nicas. Estes pain\u00e9is oferecem uma elevada resist\u00eancia ao impacto, baixa fric\u00e7\u00e3o e uma excelente resist\u00eancia \u00e0 humidade, \u00e0 corros\u00e3o e aos produtos qu\u00edmicos. Ideais para pain\u00e9is mar\u00edtimos, defensas de docas, revestimentos e pe\u00e7as de maquinaria, t\u00eam um desempenho fi\u00e1vel mesmo sob temperaturas extremas. Leves mas dur\u00e1veis, as folhas s\u00e3o f\u00e1ceis de maquinar, fabricar e instalar, oferecendo prote\u00e7\u00e3o e desempenho superiores para ambientes exigentes. Dispon\u00edvel em v\u00e1rias cores e tamanhos personaliz\u00e1veis.<\/p>","protected":false},"excerpt":{"rendered":"<p>As placas de Nylon UHMWPE proporcionam uma elevada resist\u00eancia, resist\u00eancia ao desgaste e baixa fric\u00e7\u00e3o para utiliza\u00e7\u00e3o mar\u00edtima e industrial. Ideais para pain\u00e9is mar\u00edtimos, defensas de docas e revestimentos, resistem ao impacto, \u00e0 humidade e aos produtos qu\u00edmicos, garantindo uma durabilidade duradoura e um fabrico f\u00e1cil.<\/p>","protected":false},"featured_media":1763,"template":"","meta":{"_gspb_post_css":""},"product_brand":[],"product_cat":[23],"product_tag":[319,318,56],"class_list":{"0":"post-1758","1":"product","2":"type-product","3":"status-publish","4":"has-post-thumbnail","6":"product_cat-nylon-sheets","7":"product_tag-marine-plastic-panel","8":"product_tag-nylon-board","9":"product_tag-uhmwpe-sheet","11":"first","12":"instock","13":"shipping-taxable","14":"product-type-simple"},"_links":{"self":[{"href":"https:\/\/uhmwpemanufacture.com\/pt\/wp-json\/wp\/v2\/product\/1758","targetHints":{"allow":["GET"]}}],"collection":[{"href":"https:\/\/uhmwpemanufacture.com\/pt\/wp-json\/wp\/v2\/product"}],"about":[{"href":"https:\/\/uhmwpemanufacture.com\/pt\/wp-json\/wp\/v2\/types\/product"}],"wp:featuredmedia":[{"embeddable":true,"href":"https:\/\/uhmwpemanufacture.com\/pt\/wp-json\/wp\/v2\/media\/1763"}],"wp:attachment":[{"href":"https:\/\/uhmwpemanufacture.com\/pt\/wp-json\/wp\/v2\/media?parent=1758"}],"wp:term":[{"taxonomy":"product_brand","embeddable":true,"href":"https:\/\/uhmwpemanufacture.com\/pt\/wp-json\/wp\/v2\/product_brand?post=1758"},{"taxonomy":"product_cat","embeddable":true,"href":"https:\/\/uhmwpemanufacture.com\/pt\/wp-json\/wp\/v2\/product_cat?post=1758"},{"taxonomy":"product_tag","embeddable":true,"href":"https:\/\/uhmwpemanufacture.com\/pt\/wp-json\/wp\/v2\/product_tag?post=1758"}],"curies":[{"name":"wp","href":"https:\/\/api.w.org\/{rel}","templated":true}]}}