{"id":1768,"date":"2025-10-09T09:24:22","date_gmt":"2025-10-09T09:24:22","guid":{"rendered":"https:\/\/uhmwpemanufacture.com\/?post_type=product&#038;p=1768"},"modified":"2025-10-09T09:24:22","modified_gmt":"2025-10-09T09:24:22","slug":"polyethylene-pe-extrusion-line-hdpe-plastic-sheet-wholesale","status":"publish","type":"product","link":"https:\/\/uhmwpemanufacture.com\/pt\/polyethylene-pe-extrusion-line-hdpe-plastic-sheet-wholesale\/","title":{"rendered":"Linha de Extrus\u00e3o de Polietileno PE Folha de Pl\u00e1stico PEAD Atacado"},"content":{"rendered":"<h2>Linha de Extrus\u00e3o de Polietileno PE Folha de Pl\u00e1stico PEAD Atacado<\/h2>\n<p>As folhas de pl\u00e1stico HDPE de alta qualidade, produzidas atrav\u00e9s da sofisticada inova\u00e7\u00e3o da extrus\u00e3o de polietileno, oferecem uma dureza, resist\u00eancia \u00e0 influ\u00eancia e robustez excepcionais. Estas folhas s\u00e3o leves, resistentes \u00e0 corros\u00e3o e adequadas para diferentes aplica\u00e7\u00f5es comerciais, agr\u00edcolas e aqu\u00e1ticas. Incluem uma seguran\u00e7a qu\u00edmica excecional, resist\u00eancia aos raios UV e uma superf\u00edcie lisa e f\u00e1cil de limpar. Adequados para placas redutoras, componentes de m\u00e1quinas, revestimentos e pain\u00e9is de seguran\u00e7a, podem ser personalizados em diferentes cores, dimens\u00f5es e espessuras. Perfeitos para um desempenho duradouro e para o fornecimento grossista em atmosferas exigentes.<\/p>","protected":false},"excerpt":{"rendered":"<p class=\"sr-only\"><span style=\"font-size: 16px;\">As dur\u00e1veis folhas de pl\u00e1stico HDPE fabricadas a partir de extrus\u00e3o de polietileno oferecem elevada resist\u00eancia, resist\u00eancia ao impacto e prote\u00e7\u00e3o contra a corros\u00e3o. Ideais para utiliza\u00e7\u00e3o industrial, mar\u00edtima e agr\u00edcola, com tamanhos e cores personaliz\u00e1veis para aplica\u00e7\u00f5es vers\u00e1teis.<\/span><\/p>","protected":false},"featured_media":1774,"template":"","meta":{"_gspb_post_css":""},"product_brand":[],"product_cat":[15,19],"product_tag":[59,320,199],"class_list":{"0":"post-1768","1":"product","2":"type-product","3":"status-publish","4":"has-post-thumbnail","6":"product_cat-uhmwpe-hdpe-sheets-plates","7":"product_cat-lead-boron-polyethylene-plates","8":"product_tag-hdpe-sheet","9":"product_tag-plastic-sheet-wholesale","10":"product_tag-polyethylene-board","12":"first","13":"instock","14":"shipping-taxable","15":"product-type-simple"},"_links":{"self":[{"href":"https:\/\/uhmwpemanufacture.com\/pt\/wp-json\/wp\/v2\/product\/1768","targetHints":{"allow":["GET"]}}],"collection":[{"href":"https:\/\/uhmwpemanufacture.com\/pt\/wp-json\/wp\/v2\/product"}],"about":[{"href":"https:\/\/uhmwpemanufacture.com\/pt\/wp-json\/wp\/v2\/types\/product"}],"wp:featuredmedia":[{"embeddable":true,"href":"https:\/\/uhmwpemanufacture.com\/pt\/wp-json\/wp\/v2\/media\/1774"}],"wp:attachment":[{"href":"https:\/\/uhmwpemanufacture.com\/pt\/wp-json\/wp\/v2\/media?parent=1768"}],"wp:term":[{"taxonomy":"product_brand","embeddable":true,"href":"https:\/\/uhmwpemanufacture.com\/pt\/wp-json\/wp\/v2\/product_brand?post=1768"},{"taxonomy":"product_cat","embeddable":true,"href":"https:\/\/uhmwpemanufacture.com\/pt\/wp-json\/wp\/v2\/product_cat?post=1768"},{"taxonomy":"product_tag","embeddable":true,"href":"https:\/\/uhmwpemanufacture.com\/pt\/wp-json\/wp\/v2\/product_tag?post=1768"}],"curies":[{"name":"wp","href":"https:\/\/api.w.org\/{rel}","templated":true}]}}