{"id":1776,"date":"2025-10-09T09:29:24","date_gmt":"2025-10-09T09:29:24","guid":{"rendered":"https:\/\/uhmwpemanufacture.com\/?post_type=product&#038;p=1776"},"modified":"2025-10-09T09:29:24","modified_gmt":"2025-10-09T09:29:24","slug":"custom-hole-decorative-perforated-plastic-mesh-sheets-dealer","status":"publish","type":"product","link":"https:\/\/uhmwpemanufacture.com\/pt\/custom-hole-decorative-perforated-plastic-mesh-sheets-dealer\/","title":{"rendered":"Revendedor de folhas de malha pl\u00e1stica perfurada decorativa com furo personalizado"},"content":{"rendered":"<h2>Revendedor de folhas de malha pl\u00e1stica perfurada decorativa com furo feito sob medida<\/h2>\n<p>Estas folhas de malha de pl\u00e1stico perfuradas personalizadas foram concebidas para garantir a longevidade, a adaptabilidade e a atra\u00e7\u00e3o visual. Fabricadas a partir de materiais pl\u00e1sticos de alta qualidade, proporcionam uma excelente resist\u00eancia, resist\u00eancia \u00e0 ferrugem e efic\u00e1cia em termos de leveza. Adequadas para pain\u00e9is atractivos, ecr\u00e3s de ventila\u00e7\u00e3o, sistemas de filtragem e aplica\u00e7\u00f5es arquitect\u00f3nicas, estas folhas integram a fun\u00e7\u00e3o com um aspeto contempor\u00e2neo. Os padr\u00f5es de abertura consistentes permitem uma circula\u00e7\u00e3o de ar e uma drenagem fi\u00e1veis, preservando simultaneamente a estabilidade arquitet\u00f3nica. Dispon\u00edveis em v\u00e1rios tamanhos de abertura, formas e cores, podem ser adaptadas para satisfazer determinados estilos ou requisitos industriais, tanto para utiliza\u00e7\u00e3o no interior como no exterior.<\/p>","protected":false},"excerpt":{"rendered":"<p>As folhas de malha de pl\u00e1stico perfuradas personalizadas oferecem durabilidade, resist\u00eancia \u00e0 corros\u00e3o e design leve. Ideais para pain\u00e9is decorativos, ventila\u00e7\u00e3o e aplica\u00e7\u00f5es de filtragem. Dispon\u00edveis em v\u00e1rios tamanhos de orif\u00edcios e formas personaliz\u00e1veis para utiliza\u00e7\u00e3o industrial e arquitet\u00f3nica.<\/p>","protected":false},"featured_media":1783,"template":"","meta":{"_gspb_post_css":""},"product_brand":[],"product_cat":[29,32],"product_tag":[322,321,323],"class_list":{"0":"post-1776","1":"product","2":"type-product","3":"status-publish","4":"has-post-thumbnail","6":"product_cat-ice-rink-products","7":"product_cat-ice-synthetic-panels","8":"product_tag-decorative-mesh-panel","9":"product_tag-perforated-plastic-sheet","10":"product_tag-plastic-ventilation-sheet","12":"first","13":"instock","14":"shipping-taxable","15":"product-type-simple"},"_links":{"self":[{"href":"https:\/\/uhmwpemanufacture.com\/pt\/wp-json\/wp\/v2\/product\/1776","targetHints":{"allow":["GET"]}}],"collection":[{"href":"https:\/\/uhmwpemanufacture.com\/pt\/wp-json\/wp\/v2\/product"}],"about":[{"href":"https:\/\/uhmwpemanufacture.com\/pt\/wp-json\/wp\/v2\/types\/product"}],"wp:featuredmedia":[{"embeddable":true,"href":"https:\/\/uhmwpemanufacture.com\/pt\/wp-json\/wp\/v2\/media\/1783"}],"wp:attachment":[{"href":"https:\/\/uhmwpemanufacture.com\/pt\/wp-json\/wp\/v2\/media?parent=1776"}],"wp:term":[{"taxonomy":"product_brand","embeddable":true,"href":"https:\/\/uhmwpemanufacture.com\/pt\/wp-json\/wp\/v2\/product_brand?post=1776"},{"taxonomy":"product_cat","embeddable":true,"href":"https:\/\/uhmwpemanufacture.com\/pt\/wp-json\/wp\/v2\/product_cat?post=1776"},{"taxonomy":"product_tag","embeddable":true,"href":"https:\/\/uhmwpemanufacture.com\/pt\/wp-json\/wp\/v2\/product_tag?post=1776"}],"curies":[{"name":"wp","href":"https:\/\/api.w.org\/{rel}","templated":true}]}}