{"id":1784,"date":"2025-10-09T09:35:30","date_gmt":"2025-10-09T09:35:30","guid":{"rendered":"https:\/\/uhmwpemanufacture.com\/?post_type=product&#038;p=1784"},"modified":"2025-10-09T09:35:49","modified_gmt":"2025-10-09T09:35:49","slug":"super-slippery-hdpe-environmental-protection-board-dealer","status":"publish","type":"product","link":"https:\/\/uhmwpemanufacture.com\/pt\/super-slippery-hdpe-environmental-protection-board-dealer\/","title":{"rendered":"Super escorregadio PEAD Revendedor de placas de prote\u00e7\u00e3o ambiental"},"content":{"rendered":"<h2>Fornecedor de placa de prote\u00e7\u00e3o ambiental HDPE super escorregadia<\/h2>\n<p>O painel de prote\u00e7\u00e3o ambiental HDPE super inseguro foi criado para aplica\u00e7\u00f5es comerciais e ambientais de elevado desempenho. Fabricado a partir de polietileno de alta densidade, oferece uma excelente resist\u00eancia ao desgaste, resist\u00eancia \u00e0 influ\u00eancia e uma superf\u00edcie de baixa fric\u00e7\u00e3o que garante um manuseamento suave do material. A placa \u00e9 segura, resistente \u00e0 corros\u00e3o e amiga do ambiente, o que a torna perfeita para utiliza\u00e7\u00e3o nos mercados de processamento alimentar, mar\u00edtimo e de constru\u00e7\u00e3o. Funciona de forma fi\u00e1vel em condi\u00e7\u00f5es extremas, mantendo a seguran\u00e7a numa vasta gama de n\u00edveis de temperatura. Dispon\u00edvel em v\u00e1rias tonalidades e dimens\u00f5es personalizadas, proporciona resist\u00eancia e sustentabilidade para in\u00fameras necessidades industriais.<\/p>","protected":false},"excerpt":{"rendered":"<p>As placas de PEAD super escorregadias oferecem uma excelente resist\u00eancia ao desgaste, baixa fric\u00e7\u00e3o e elevada resist\u00eancia ao impacto. Ideais para utiliza\u00e7\u00e3o industrial, mar\u00edtima e ambiental, n\u00e3o s\u00e3o t\u00f3xicas, s\u00e3o resistentes \u00e0 corros\u00e3o e f\u00e1ceis de limpar, oferecendo um desempenho duradouro e sustent\u00e1vel.<\/p>","protected":false},"featured_media":1790,"template":"","meta":{"_gspb_post_css":""},"product_brand":[],"product_cat":[29,30],"product_tag":[324,99,325],"class_list":{"0":"post-1784","1":"product","2":"type-product","3":"status-publish","4":"has-post-thumbnail","6":"product_cat-ice-rink-products","7":"product_cat-hockey-ice-rink-dasher-boards","8":"product_tag-environmental-plastic-sheet","9":"product_tag-hdpe-board","10":"product_tag-slippery-polyethylene-panel","12":"first","13":"instock","14":"shipping-taxable","15":"product-type-simple"},"_links":{"self":[{"href":"https:\/\/uhmwpemanufacture.com\/pt\/wp-json\/wp\/v2\/product\/1784","targetHints":{"allow":["GET"]}}],"collection":[{"href":"https:\/\/uhmwpemanufacture.com\/pt\/wp-json\/wp\/v2\/product"}],"about":[{"href":"https:\/\/uhmwpemanufacture.com\/pt\/wp-json\/wp\/v2\/types\/product"}],"wp:featuredmedia":[{"embeddable":true,"href":"https:\/\/uhmwpemanufacture.com\/pt\/wp-json\/wp\/v2\/media\/1790"}],"wp:attachment":[{"href":"https:\/\/uhmwpemanufacture.com\/pt\/wp-json\/wp\/v2\/media?parent=1784"}],"wp:term":[{"taxonomy":"product_brand","embeddable":true,"href":"https:\/\/uhmwpemanufacture.com\/pt\/wp-json\/wp\/v2\/product_brand?post=1784"},{"taxonomy":"product_cat","embeddable":true,"href":"https:\/\/uhmwpemanufacture.com\/pt\/wp-json\/wp\/v2\/product_cat?post=1784"},{"taxonomy":"product_tag","embeddable":true,"href":"https:\/\/uhmwpemanufacture.com\/pt\/wp-json\/wp\/v2\/product_tag?post=1784"}],"curies":[{"name":"wp","href":"https:\/\/api.w.org\/{rel}","templated":true}]}}