{"id":1791,"date":"2025-10-09T09:39:36","date_gmt":"2025-10-09T09:39:36","guid":{"rendered":"https:\/\/uhmwpemanufacture.com\/?post_type=product&#038;p=1791"},"modified":"2025-10-09T09:39:36","modified_gmt":"2025-10-09T09:39:36","slug":"recyclable-durable-corrosion-protection-equipment-pp-sheet","status":"publish","type":"product","link":"https:\/\/uhmwpemanufacture.com\/pt\/recyclable-durable-corrosion-protection-equipment-pp-sheet\/","title":{"rendered":"Equipamento de prote\u00e7\u00e3o contra a corros\u00e3o dur\u00e1vel e recicl\u00e1vel Folha de Pp"},"content":{"rendered":"<h2>Folha de PP recicl\u00e1vel de longa dura\u00e7\u00e3o para equipamento de defesa contra a corros\u00e3o<\/h2>\n<p>Estas folhas de PP recicl\u00e1vel s\u00e3o fabricadas para serem duras e terem uma resist\u00eancia excecional \u00e0 corros\u00e3o, o que as torna perfeitas para aplica\u00e7\u00f5es em dispositivos industriais e qu\u00edmicos. Produzidas a partir de polipropileno de primeira qualidade, apresentam uma seguran\u00e7a qu\u00edmica excecional, resist\u00eancia aos efeitos e um desempenho leve. Perfeitas para utiliza\u00e7\u00e3o em tanques de armazenamento, sistemas de fluxo de ar e revestimentos de seguran\u00e7a, estas folhas mant\u00eam a resist\u00eancia e a simpatia mesmo em ambientes dif\u00edceis. A sua superf\u00edcie lisa permite uma limpeza e fabrico f\u00e1ceis, enquanto a sua natureza ecol\u00f3gica e recicl\u00e1vel sustenta um fabrico sustent\u00e1vel. Oferecidas em v\u00e1rias espessuras e dimens\u00f5es para satisfazer as mais variadas exig\u00eancias comerciais.<\/p>","protected":false},"excerpt":{"rendered":"<p>As folhas de PP recicl\u00e1vel oferecem uma excelente resist\u00eancia \u00e0 corros\u00e3o e aos produtos qu\u00edmicos, ideal para tanques industriais, revestimentos e sistemas de ventila\u00e7\u00e3o. Leves, dur\u00e1veis e f\u00e1ceis de fabricar, garantem um desempenho a longo prazo, apoiando simultaneamente aplica\u00e7\u00f5es sustent\u00e1veis e amigas do ambiente.<\/p>","protected":false},"featured_media":1796,"template":"","meta":{"_gspb_post_css":""},"product_brand":[],"product_cat":[29,31],"product_tag":[327,328,326],"class_list":{"0":"post-1791","1":"product","2":"type-product","3":"status-publish","4":"has-post-thumbnail","6":"product_cat-ice-rink-products","7":"product_cat-hockey-practice-shooting-pads","8":"product_tag-corrosion-resistant-plastic","9":"product_tag-polypropylene-board","10":"product_tag-pp-sheet","12":"first","13":"instock","14":"shipping-taxable","15":"product-type-simple"},"_links":{"self":[{"href":"https:\/\/uhmwpemanufacture.com\/pt\/wp-json\/wp\/v2\/product\/1791","targetHints":{"allow":["GET"]}}],"collection":[{"href":"https:\/\/uhmwpemanufacture.com\/pt\/wp-json\/wp\/v2\/product"}],"about":[{"href":"https:\/\/uhmwpemanufacture.com\/pt\/wp-json\/wp\/v2\/types\/product"}],"wp:featuredmedia":[{"embeddable":true,"href":"https:\/\/uhmwpemanufacture.com\/pt\/wp-json\/wp\/v2\/media\/1796"}],"wp:attachment":[{"href":"https:\/\/uhmwpemanufacture.com\/pt\/wp-json\/wp\/v2\/media?parent=1791"}],"wp:term":[{"taxonomy":"product_brand","embeddable":true,"href":"https:\/\/uhmwpemanufacture.com\/pt\/wp-json\/wp\/v2\/product_brand?post=1791"},{"taxonomy":"product_cat","embeddable":true,"href":"https:\/\/uhmwpemanufacture.com\/pt\/wp-json\/wp\/v2\/product_cat?post=1791"},{"taxonomy":"product_tag","embeddable":true,"href":"https:\/\/uhmwpemanufacture.com\/pt\/wp-json\/wp\/v2\/product_tag?post=1791"}],"curies":[{"name":"wp","href":"https:\/\/api.w.org\/{rel}","templated":true}]}}