{"id":1797,"date":"2025-10-09T09:42:33","date_gmt":"2025-10-09T09:42:33","guid":{"rendered":"https:\/\/uhmwpemanufacture.com\/?post_type=product&#038;p=1797"},"modified":"2025-10-09T09:43:25","modified_gmt":"2025-10-09T09:43:25","slug":"pp-polypropylene-plastic-sheets-suppliers-pp-building-sheet","status":"publish","type":"product","link":"https:\/\/uhmwpemanufacture.com\/pt\/pp-polypropylene-plastic-sheets-suppliers-pp-building-sheet\/","title":{"rendered":"Folhas de pl\u00e1stico de polipropileno PP Fornecedores Folha de constru\u00e7\u00e3o PP"},"content":{"rendered":"<h2>PP Folhas de pl\u00e1stico de polipropileno Fornecedores Folha de estrutura PP<\/h2>\n<p>As folhas de pl\u00e1stico de polipropileno PP s\u00e3o materiais robustos, leves e resistentes \u00e0 corros\u00e3o, ideais para aplica\u00e7\u00f5es de constru\u00e7\u00e3o civil, industriais e qu\u00edmicas. Com uma excelente estabilidade qu\u00edmica, resist\u00eancia \u00e0 influ\u00eancia e manuseamento simples, estas folhas s\u00e3o amplamente utilizadas para tanques, revestimentos, sistemas de fluxo de ar e pain\u00e9is de constru\u00e7\u00e3o. A sua superf\u00edcie lisa, segura e resistente \u00e0 humidade garante um desempenho seguro e duradouro tamb\u00e9m em ambientes severos. Dispon\u00edveis em v\u00e1rias tonalidades e densidades, podem ser convenientemente cortadas, coladas ou desenvolvidas para uma utiliza\u00e7\u00e3o personalizada. Perfeito para projectos interiores e exteriores que necessitem de resist\u00eancia e integridade.<\/p>","protected":false},"excerpt":{"rendered":"<p>As folhas de pl\u00e1stico de polipropileno PP oferecem durabilidade, resist\u00eancia qu\u00edmica e desempenho leve. Ideais para a constru\u00e7\u00e3o, tanques e sistemas de ventila\u00e7\u00e3o, s\u00e3o f\u00e1ceis de cortar, soldar e moldar para aplica\u00e7\u00f5es industriais e de constru\u00e7\u00e3o vers\u00e1teis.<\/p>","protected":false},"featured_media":1802,"template":"","meta":{"_gspb_post_css":""},"product_brand":[],"product_cat":[29,33],"product_tag":[330,285,329],"class_list":{"0":"post-1797","1":"product","2":"type-product","3":"status-publish","4":"has-post-thumbnail","6":"product_cat-ice-rink-products","7":"product_cat-floor-ball-dasher-boards","8":"product_tag-plastic-construction-material","9":"product_tag-polypropylene-sheet","10":"product_tag-pp-building-panel","12":"first","13":"instock","14":"shipping-taxable","15":"product-type-simple"},"_links":{"self":[{"href":"https:\/\/uhmwpemanufacture.com\/pt\/wp-json\/wp\/v2\/product\/1797","targetHints":{"allow":["GET"]}}],"collection":[{"href":"https:\/\/uhmwpemanufacture.com\/pt\/wp-json\/wp\/v2\/product"}],"about":[{"href":"https:\/\/uhmwpemanufacture.com\/pt\/wp-json\/wp\/v2\/types\/product"}],"wp:featuredmedia":[{"embeddable":true,"href":"https:\/\/uhmwpemanufacture.com\/pt\/wp-json\/wp\/v2\/media\/1802"}],"wp:attachment":[{"href":"https:\/\/uhmwpemanufacture.com\/pt\/wp-json\/wp\/v2\/media?parent=1797"}],"wp:term":[{"taxonomy":"product_brand","embeddable":true,"href":"https:\/\/uhmwpemanufacture.com\/pt\/wp-json\/wp\/v2\/product_brand?post=1797"},{"taxonomy":"product_cat","embeddable":true,"href":"https:\/\/uhmwpemanufacture.com\/pt\/wp-json\/wp\/v2\/product_cat?post=1797"},{"taxonomy":"product_tag","embeddable":true,"href":"https:\/\/uhmwpemanufacture.com\/pt\/wp-json\/wp\/v2\/product_tag?post=1797"}],"curies":[{"name":"wp","href":"https:\/\/api.w.org\/{rel}","templated":true}]}}