{"id":1804,"date":"2025-10-09T09:47:27","date_gmt":"2025-10-09T09:47:27","guid":{"rendered":"https:\/\/uhmwpemanufacture.com\/?post_type=product&#038;p=1804"},"modified":"2025-10-09T09:47:27","modified_gmt":"2025-10-09T09:47:27","slug":"wear-resistant-composite-ground-protection-mats-wholesaler","status":"publish","type":"product","link":"https:\/\/uhmwpemanufacture.com\/pt\/wear-resistant-composite-ground-protection-mats-wholesaler\/","title":{"rendered":"Atacadista de tapetes de prote\u00e7\u00e3o do solo em materiais comp\u00f3sitos resistentes ao desgaste"},"content":{"rendered":"<h2>Revendedor de tapetes de seguran\u00e7a de solo comp\u00f3sito resistente ao desgaste<\/h2>\n<p>Estes tapetes de seguran\u00e7a de solo comp\u00f3sito resistentes ao desgaste foram concebidos para uma durabilidade e seguran\u00e7a superiores em aplica\u00e7\u00f5es pesadas. Fabricados a partir de produtos compostos de alta resist\u00eancia, apresentam uma superf\u00edcie de diamante antiderrapante para uma excelente ader\u00eancia e seguran\u00e7a. Perfeitos para sites de constru\u00e7\u00e3o, ocasi\u00f5es ao ar livre e estradas de curta dura\u00e7\u00e3o, estes revestimentos de pavimento dispersam o peso uniformemente para impedir danos no solo. S\u00e3o imunes a impactos, produtos qu\u00edmicos e clima severo, garantindo um desempenho resistente. Leves e f\u00e1ceis de montar, podem ser reutilizados v\u00e1rias vezes, o que os torna um servi\u00e7o econ\u00f3mico e amigo do ambiente para as exig\u00eancias de seguran\u00e7a do solo comercial e industrial.<\/p>","protected":false},"excerpt":{"rendered":"<p>Os tapetes de prote\u00e7\u00e3o do solo em material comp\u00f3sito resistente ao desgaste proporcionam um suporte duradouro e antiderrapante para a constru\u00e7\u00e3o, eventos e \u00e1reas de trabalho pesado. Constru\u00eddos para resistir ao impacto e \u00e0s intemp\u00e9ries, protegem o solo, oferecendo uma instala\u00e7\u00e3o f\u00e1cil e uma reutiliza\u00e7\u00e3o a longo prazo para utiliza\u00e7\u00e3o industrial e comercial.<\/p>","protected":false},"featured_media":1806,"template":"","meta":{"_gspb_post_css":""},"product_brand":[],"product_cat":[24,27],"product_tag":[331,72,332],"class_list":{"0":"post-1804","1":"product","2":"type-product","3":"status-publish","4":"has-post-thumbnail","6":"product_cat-ground-protection-road-mats","7":"product_cat-dura-mats","8":"product_tag-composite-road-mats","9":"product_tag-ground-protection-mats","10":"product_tag-heavy-duty-flooring","12":"first","13":"instock","14":"shipping-taxable","15":"product-type-simple"},"_links":{"self":[{"href":"https:\/\/uhmwpemanufacture.com\/pt\/wp-json\/wp\/v2\/product\/1804","targetHints":{"allow":["GET"]}}],"collection":[{"href":"https:\/\/uhmwpemanufacture.com\/pt\/wp-json\/wp\/v2\/product"}],"about":[{"href":"https:\/\/uhmwpemanufacture.com\/pt\/wp-json\/wp\/v2\/types\/product"}],"wp:featuredmedia":[{"embeddable":true,"href":"https:\/\/uhmwpemanufacture.com\/pt\/wp-json\/wp\/v2\/media\/1806"}],"wp:attachment":[{"href":"https:\/\/uhmwpemanufacture.com\/pt\/wp-json\/wp\/v2\/media?parent=1804"}],"wp:term":[{"taxonomy":"product_brand","embeddable":true,"href":"https:\/\/uhmwpemanufacture.com\/pt\/wp-json\/wp\/v2\/product_brand?post=1804"},{"taxonomy":"product_cat","embeddable":true,"href":"https:\/\/uhmwpemanufacture.com\/pt\/wp-json\/wp\/v2\/product_cat?post=1804"},{"taxonomy":"product_tag","embeddable":true,"href":"https:\/\/uhmwpemanufacture.com\/pt\/wp-json\/wp\/v2\/product_tag?post=1804"}],"curies":[{"name":"wp","href":"https:\/\/api.w.org\/{rel}","templated":true}]}}