{"id":1813,"date":"2025-10-09T09:53:47","date_gmt":"2025-10-09T09:53:47","guid":{"rendered":"https:\/\/uhmwpemanufacture.com\/?post_type=product&#038;p=1813"},"modified":"2025-10-09T09:57:54","modified_gmt":"2025-10-09T09:57:54","slug":"rubber-sole-sheet-coal-bunker-limit-plate-manufacturer","status":"publish","type":"product","link":"https:\/\/uhmwpemanufacture.com\/pt\/rubber-sole-sheet-coal-bunker-limit-plate-manufacturer\/","title":{"rendered":"Placa de borracha para sola de carv\u00e3o Fabricante de placa de limite de bunker de carv\u00e3o"},"content":{"rendered":"<h2>Placa de borracha para sola de carv\u00e3o Fabricante de placa de limite de bunker de carv\u00e3o<\/h2>\n<p>As placas de borracha para solas e as placas de restri\u00e7\u00e3o para abrigos de carv\u00e3o s\u00e3o fabricadas para uma elevada resist\u00eancia ao desgaste, versatilidade e desempenho duradouro em ambientes comerciais e mineiros. Fabricadas a partir de produtos de borracha de custos, estas folhas proporcionam uma absor\u00e7\u00e3o de influ\u00eancia excecional, propriedades antiderrapantes residenciais ou comerciais e resist\u00eancia \u00e0 abras\u00e3o, ao \u00f3leo e \u00e0s intemp\u00e9ries. S\u00e3o perfeitas para revestir dep\u00f3sitos de carv\u00e3o, pavimentos, amortecimento de vibra\u00e7\u00f5es e prote\u00e7\u00e3o de m\u00e1quinas. As placas s\u00e3o simples de reduzir, moldar e instalar, garantindo uma utiliza\u00e7\u00e3o flex\u00edvel em v\u00e1rias aplica\u00e7\u00f5es. Dispon\u00edveis em v\u00e1rias espessuras, tamanhos e tonalidades, proporcionam uma resist\u00eancia e uma seguran\u00e7a not\u00e1veis em condi\u00e7\u00f5es de trabalho exigentes.<\/p>","protected":false},"excerpt":{"rendered":"<p>As chapas de borracha dur\u00e1veis para solas e placas de limite de bunker de carv\u00e3o oferecem excelente resist\u00eancia ao desgaste, flexibilidade e absor\u00e7\u00e3o de impacto. Ideais para minas, pavimentos e prote\u00e7\u00e3o de m\u00e1quinas, resistem \u00e0 abras\u00e3o, ao \u00f3leo e \u00e0s intemp\u00e9ries para uma utiliza\u00e7\u00e3o industrial duradoura.<\/p>","protected":false},"featured_media":1823,"template":"","meta":{"_gspb_post_css":""},"product_brand":[],"product_cat":[15,22],"product_tag":[337,338,336],"class_list":{"0":"post-1813","1":"product","2":"type-product","3":"status-publish","4":"has-post-thumbnail","6":"product_cat-uhmwpe-hdpe-sheets-plates","7":"product_cat-coal-bunker-limit-plates","8":"product_tag-coal-bunker-plate","9":"product_tag-industrial-rubber-material","10":"product_tag-rubber-sheet","12":"first","13":"instock","14":"shipping-taxable","15":"product-type-simple"},"_links":{"self":[{"href":"https:\/\/uhmwpemanufacture.com\/pt\/wp-json\/wp\/v2\/product\/1813","targetHints":{"allow":["GET"]}}],"collection":[{"href":"https:\/\/uhmwpemanufacture.com\/pt\/wp-json\/wp\/v2\/product"}],"about":[{"href":"https:\/\/uhmwpemanufacture.com\/pt\/wp-json\/wp\/v2\/types\/product"}],"wp:featuredmedia":[{"embeddable":true,"href":"https:\/\/uhmwpemanufacture.com\/pt\/wp-json\/wp\/v2\/media\/1823"}],"wp:attachment":[{"href":"https:\/\/uhmwpemanufacture.com\/pt\/wp-json\/wp\/v2\/media?parent=1813"}],"wp:term":[{"taxonomy":"product_brand","embeddable":true,"href":"https:\/\/uhmwpemanufacture.com\/pt\/wp-json\/wp\/v2\/product_brand?post=1813"},{"taxonomy":"product_cat","embeddable":true,"href":"https:\/\/uhmwpemanufacture.com\/pt\/wp-json\/wp\/v2\/product_cat?post=1813"},{"taxonomy":"product_tag","embeddable":true,"href":"https:\/\/uhmwpemanufacture.com\/pt\/wp-json\/wp\/v2\/product_tag?post=1813"}],"curies":[{"name":"wp","href":"https:\/\/api.w.org\/{rel}","templated":true}]}}