{"id":1826,"date":"2025-10-09T10:40:13","date_gmt":"2025-10-09T10:40:13","guid":{"rendered":"https:\/\/uhmwpemanufacture.com\/?post_type=product&#038;p=1826"},"modified":"2025-10-09T10:40:13","modified_gmt":"2025-10-09T10:40:13","slug":"high-polymer-polyethylene-pavement-substrate-base-mat-vendor","status":"publish","type":"product","link":"https:\/\/uhmwpemanufacture.com\/pt\/high-polymer-polyethylene-pavement-substrate-base-mat-vendor\/","title":{"rendered":"Fornecedor de tapete de base de substrato de pavimento de polietileno de alto pol\u00edmero"},"content":{"rendered":"<h2>Substrato de pavimento de polietileno de alto pol\u00edmero Base de revestimento de pavimento Fornecedor<\/h2>\n<p>Os tapetes de base de substrato de cal\u00e7ada em polietileno de alto pol\u00edmero s\u00e3o concebidos para uma durabilidade e estabilidade excepcionais em aplica\u00e7\u00f5es de seguran\u00e7a no solo para trabalhos pesados. Fabricados em polietileno de alta densidade (HDPE), estes revestimentos para pavimentos oferecem uma excelente resist\u00eancia aos efeitos, efic\u00e1cia antiderrapante e resist\u00eancia duradoura ao desgaste. Adequados para utiliza\u00e7\u00e3o como revestimento de pavimentos, base de estradas ou assist\u00eancia a ferramentas, resistem a condi\u00e7\u00f5es ecol\u00f3gicas adversas, impedindo danos no solo. Leves mas duros, s\u00e3o muito f\u00e1ceis de instalar, arrumar e reutilizar. Dispon\u00edveis em numerosos<\/p>","protected":false},"excerpt":{"rendered":"<p>Os tapetes de base de substrato de pavimento em polietileno de alto pol\u00edmero apresentam uma excelente resist\u00eancia ao desgaste, resist\u00eancia ao impacto e textura antiderrapante. Ideais para utiliza\u00e7\u00e3o em estradas, constru\u00e7\u00e3o e equipamento pesado, oferecem uma estabilidade duradoura, resist\u00eancia \u00e0 corros\u00e3o e f\u00e1cil instala\u00e7\u00e3o para um desempenho duradouro.<\/p>","protected":false},"featured_media":1834,"template":"","meta":{"_gspb_post_css":""},"product_brand":[],"product_cat":[24,26],"product_tag":[340,339],"class_list":{"0":"post-1826","1":"product","2":"type-product","3":"status-publish","4":"has-post-thumbnail","6":"product_cat-ground-protection-road-mats","7":"product_cat-base-mats","8":"product_tag-pavement","9":"product_tag-polyethylene-mat","11":"first","12":"instock","13":"shipping-taxable","14":"product-type-simple"},"_links":{"self":[{"href":"https:\/\/uhmwpemanufacture.com\/pt\/wp-json\/wp\/v2\/product\/1826","targetHints":{"allow":["GET"]}}],"collection":[{"href":"https:\/\/uhmwpemanufacture.com\/pt\/wp-json\/wp\/v2\/product"}],"about":[{"href":"https:\/\/uhmwpemanufacture.com\/pt\/wp-json\/wp\/v2\/types\/product"}],"wp:featuredmedia":[{"embeddable":true,"href":"https:\/\/uhmwpemanufacture.com\/pt\/wp-json\/wp\/v2\/media\/1834"}],"wp:attachment":[{"href":"https:\/\/uhmwpemanufacture.com\/pt\/wp-json\/wp\/v2\/media?parent=1826"}],"wp:term":[{"taxonomy":"product_brand","embeddable":true,"href":"https:\/\/uhmwpemanufacture.com\/pt\/wp-json\/wp\/v2\/product_brand?post=1826"},{"taxonomy":"product_cat","embeddable":true,"href":"https:\/\/uhmwpemanufacture.com\/pt\/wp-json\/wp\/v2\/product_cat?post=1826"},{"taxonomy":"product_tag","embeddable":true,"href":"https:\/\/uhmwpemanufacture.com\/pt\/wp-json\/wp\/v2\/product_tag?post=1826"}],"curies":[{"name":"wp","href":"https:\/\/api.w.org\/{rel}","templated":true}]}}