{"id":1835,"date":"2025-10-09T10:43:45","date_gmt":"2025-10-09T10:43:45","guid":{"rendered":"https:\/\/uhmwpemanufacture.com\/?post_type=product&#038;p=1835"},"modified":"2025-10-09T10:43:45","modified_gmt":"2025-10-09T10:43:45","slug":"floor-mat-rubber-diamond-plate-conductive-anti-fatigue-mat","status":"publish","type":"product","link":"https:\/\/uhmwpemanufacture.com\/pt\/floor-mat-rubber-diamond-plate-conductive-anti-fatigue-mat\/","title":{"rendered":"Tapete de borracha com placa de diamante Condutor Anti-fadiga"},"content":{"rendered":"<h2>Revestimento de pavimentos Placa de borracha de rubi Revestimento de pavimentos condutivo anti-fadiga<\/h2>\n<p>Melhore a comodidade e a seguran\u00e7a com este revestimento de pavimento anti-fadiga condutor de placa de borracha rubi dur\u00e1vel. Fabricado com um centro azul brilhante e limites amarelos para uma presen\u00e7a elevada, fornece uma tra\u00e7\u00e3o excecional e apoio para reduzir a press\u00e3o durante longas horas de p\u00e9. A superf\u00edcie condutora ajuda a eliminar a acumula\u00e7\u00e3o de est\u00e1tica, tornando-o adequado para \u00e1reas de trabalho industriais, de laborat\u00f3rios de investiga\u00e7\u00e3o ou digitais. Imune a cal\u00e7ado, \u00f3leos e produtos qu\u00edmicos, este revestimento de pavimento garante uma efici\u00eancia duradoura, mantendo um aspeto limpo e especializado em qualquer \u00e1rea de trabalho.<\/p>","protected":false},"excerpt":{"rendered":"<p>Tapete anti-fadiga condutivo com placa de diamante em borracha dur\u00e1vel com centro azul e extremidades amarelas para seguran\u00e7a. Proporciona conforto, reduz a tens\u00e3o e evita a acumula\u00e7\u00e3o de est\u00e1tica em ambientes industriais ou laboratoriais. Antiderrapante e f\u00e1cil de limpar para um desempenho duradouro.<\/p>","protected":false},"featured_media":1839,"template":"","meta":{"_gspb_post_css":""},"product_brand":[],"product_cat":[24,28],"product_tag":[341,342,343],"class_list":{"0":"post-1835","1":"product","2":"type-product","3":"status-publish","4":"has-post-thumbnail","6":"product_cat-ground-protection-road-mats","7":"product_cat-amphi-mats","8":"product_tag-anti-fatigue-mat","9":"product_tag-conductive-floor-mat","10":"product_tag-industrial-safety","12":"first","13":"instock","14":"shipping-taxable","15":"product-type-simple"},"_links":{"self":[{"href":"https:\/\/uhmwpemanufacture.com\/pt\/wp-json\/wp\/v2\/product\/1835","targetHints":{"allow":["GET"]}}],"collection":[{"href":"https:\/\/uhmwpemanufacture.com\/pt\/wp-json\/wp\/v2\/product"}],"about":[{"href":"https:\/\/uhmwpemanufacture.com\/pt\/wp-json\/wp\/v2\/types\/product"}],"wp:featuredmedia":[{"embeddable":true,"href":"https:\/\/uhmwpemanufacture.com\/pt\/wp-json\/wp\/v2\/media\/1839"}],"wp:attachment":[{"href":"https:\/\/uhmwpemanufacture.com\/pt\/wp-json\/wp\/v2\/media?parent=1835"}],"wp:term":[{"taxonomy":"product_brand","embeddable":true,"href":"https:\/\/uhmwpemanufacture.com\/pt\/wp-json\/wp\/v2\/product_brand?post=1835"},{"taxonomy":"product_cat","embeddable":true,"href":"https:\/\/uhmwpemanufacture.com\/pt\/wp-json\/wp\/v2\/product_cat?post=1835"},{"taxonomy":"product_tag","embeddable":true,"href":"https:\/\/uhmwpemanufacture.com\/pt\/wp-json\/wp\/v2\/product_tag?post=1835"}],"curies":[{"name":"wp","href":"https:\/\/api.w.org\/{rel}","templated":true}]}}