{"id":1840,"date":"2025-10-09T10:54:40","date_gmt":"2025-10-09T10:54:40","guid":{"rendered":"https:\/\/uhmwpemanufacture.com\/?post_type=product&#038;p=1840"},"modified":"2025-10-09T10:54:40","modified_gmt":"2025-10-09T10:54:40","slug":"wear-resistant-self-lubrication-plastic-uhmwpe-sheet-dealer","status":"publish","type":"product","link":"https:\/\/uhmwpemanufacture.com\/pt\/wear-resistant-self-lubrication-plastic-uhmwpe-sheet-dealer\/","title":{"rendered":"Revendedor de chapas de pl\u00e1stico UHMWPE de auto-lubrifica\u00e7\u00e3o resistente ao desgaste"},"content":{"rendered":"<h2>Revendedor de chapa de pl\u00e1stico UHMWPE resistente \u00e0 autolubrifica\u00e7\u00e3o<\/h2>\n<p>As folhas de UHMWPE (polietileno de peso molecular ultra-elevado) proporcionam uma resist\u00eancia fenomenal ao desgaste, influenciam a resist\u00eancia e reduzem a efici\u00eancia da fric\u00e7\u00e3o. Dispon\u00edveis em v\u00e1rias tonalidades, como azul, vermelho, branco, preto e ecol\u00f3gico, estas folhas s\u00e3o \u00f3ptimas para aplica\u00e7\u00f5es que necessitam de elevada longevidade e propriedades auto-lubrificantes. Geralmente utilizadas em ambientes comerciais, mec\u00e2nicos e alimentares, as folhas de UHMWPE resistem \u00e0 ferrugem, humidade e danos qu\u00edmicos. F\u00e1ceis de equipar e manter, oferecem um desempenho duradouro em aplica\u00e7\u00f5es de carga elevada e de deslizamento, diminuindo os pre\u00e7os de manuten\u00e7\u00e3o e aumentando a vida \u00fatil do equipamento.<\/p>","protected":false},"excerpt":{"rendered":"<p class=\"sr-only\"><span style=\"font-size: 16px;\">Folhas de UHMWPE de alta qualidade com excelente resist\u00eancia ao desgaste, resist\u00eancia ao impacto e auto-lubrifica\u00e7\u00e3o. Dispon\u00edvel em v\u00e1rias cores, ideal para utiliza\u00e7\u00e3o industrial, mec\u00e2nica e alimentar. Dur\u00e1veis, resistentes \u00e0 corros\u00e3o e f\u00e1ceis de maquinar para um desempenho duradouro.<\/span><\/p>","protected":false},"featured_media":1846,"template":"","meta":{"_gspb_post_css":""},"product_brand":[],"product_cat":[15,17],"product_tag":[344,56,57],"class_list":{"0":"post-1840","1":"product","2":"type-product","3":"status-publish","4":"has-post-thumbnail","6":"product_cat-uhmwpe-hdpe-sheets-plates","7":"product_cat-uhmwpe-sheets","8":"product_tag-industrial-material","9":"product_tag-uhmwpe-sheet","10":"product_tag-wear-resistant-plastic","12":"first","13":"instock","14":"shipping-taxable","15":"product-type-simple"},"_links":{"self":[{"href":"https:\/\/uhmwpemanufacture.com\/pt\/wp-json\/wp\/v2\/product\/1840","targetHints":{"allow":["GET"]}}],"collection":[{"href":"https:\/\/uhmwpemanufacture.com\/pt\/wp-json\/wp\/v2\/product"}],"about":[{"href":"https:\/\/uhmwpemanufacture.com\/pt\/wp-json\/wp\/v2\/types\/product"}],"wp:featuredmedia":[{"embeddable":true,"href":"https:\/\/uhmwpemanufacture.com\/pt\/wp-json\/wp\/v2\/media\/1846"}],"wp:attachment":[{"href":"https:\/\/uhmwpemanufacture.com\/pt\/wp-json\/wp\/v2\/media?parent=1840"}],"wp:term":[{"taxonomy":"product_brand","embeddable":true,"href":"https:\/\/uhmwpemanufacture.com\/pt\/wp-json\/wp\/v2\/product_brand?post=1840"},{"taxonomy":"product_cat","embeddable":true,"href":"https:\/\/uhmwpemanufacture.com\/pt\/wp-json\/wp\/v2\/product_cat?post=1840"},{"taxonomy":"product_tag","embeddable":true,"href":"https:\/\/uhmwpemanufacture.com\/pt\/wp-json\/wp\/v2\/product_tag?post=1840"}],"curies":[{"name":"wp","href":"https:\/\/api.w.org\/{rel}","templated":true}]}}