{"id":1847,"date":"2025-10-09T10:58:52","date_gmt":"2025-10-09T10:58:52","guid":{"rendered":"https:\/\/uhmwpemanufacture.com\/?post_type=product&#038;p=1847"},"modified":"2025-10-09T10:58:52","modified_gmt":"2025-10-09T10:58:52","slug":"uhmwpe-brake-crane-jack-pads-uhmwpe-outrigger-pad-exporter","status":"publish","type":"product","link":"https:\/\/uhmwpemanufacture.com\/pt\/uhmwpe-brake-crane-jack-pads-uhmwpe-outrigger-pad-exporter\/","title":{"rendered":"Almofadas para macacos de guindaste com trav\u00e3o em UHMWPE Almofadas para estabilizadores em UHMWPE Exportador"},"content":{"rendered":"<h2>Almofadas de macaco de guindaste de trav\u00e3o UHMWPE Almofada de estabilizador UHMWPE Mercador<\/h2>\n<p>Os cal\u00e7os para macacos de guindaste com trav\u00e3o UHMWPE proporcionam um forte desempenho de suporte de carga, uma not\u00e1vel resist\u00eancia \u00e0 influ\u00eancia e uma longevidade excecional para procedimentos de forma\u00e7\u00e3o em trabalhos pesados. Fabricadas em polietileno de peso molecular ultra-elevado, estas almofadas s\u00e3o leves, resistentes \u00e0 corros\u00e3o e n\u00e3o condutoras, garantindo a m\u00e1xima seguran\u00e7a e prote\u00e7\u00e3o do solo para gruas, ve\u00edculos e maquinaria pesada. A superf\u00edcie antiderrapante distinta evita o deslizamento, enquanto a elevada resist\u00eancia ao desgaste garante uma longa vida \u00fatil, mesmo em condi\u00e7\u00f5es dif\u00edceis. Adequado para aplica\u00e7\u00f5es de constru\u00e7\u00e3o, transporte e comerciais que necessitem de uma distribui\u00e7\u00e3o de lotes fi\u00e1vel e de seguran\u00e7a.<\/p>","protected":false},"excerpt":{"rendered":"<p>Cal\u00e7os de macacos de guindaste com trav\u00e3o em UHMWPE para servi\u00e7os pesados, concebidos para estabilidade, distribui\u00e7\u00e3o de carga e prote\u00e7\u00e3o do solo. Leves, resistentes ao desgaste e \u00e0 prova de corros\u00e3o, s\u00e3o ideais para gruas, cami\u00f5es e maquinaria pesada. Proporciona um apoio seguro e duradouro em opera\u00e7\u00f5es de constru\u00e7\u00e3o e industriais.<\/p>","protected":false},"featured_media":1852,"template":"","meta":{"_gspb_post_css":""},"product_brand":[],"product_cat":[15,21],"product_tag":[346,347,345],"class_list":{"0":"post-1847","1":"product","2":"type-product","3":"status-publish","4":"has-post-thumbnail","6":"product_cat-uhmwpe-hdpe-sheets-plates","7":"product_cat-uhmwpe-fender-pads","8":"product_tag-crane-jack-pad","9":"product_tag-outrigger-pad","10":"product_tag-uhmwpe-pad","12":"first","13":"instock","14":"shipping-taxable","15":"product-type-simple"},"_links":{"self":[{"href":"https:\/\/uhmwpemanufacture.com\/pt\/wp-json\/wp\/v2\/product\/1847","targetHints":{"allow":["GET"]}}],"collection":[{"href":"https:\/\/uhmwpemanufacture.com\/pt\/wp-json\/wp\/v2\/product"}],"about":[{"href":"https:\/\/uhmwpemanufacture.com\/pt\/wp-json\/wp\/v2\/types\/product"}],"wp:featuredmedia":[{"embeddable":true,"href":"https:\/\/uhmwpemanufacture.com\/pt\/wp-json\/wp\/v2\/media\/1852"}],"wp:attachment":[{"href":"https:\/\/uhmwpemanufacture.com\/pt\/wp-json\/wp\/v2\/media?parent=1847"}],"wp:term":[{"taxonomy":"product_brand","embeddable":true,"href":"https:\/\/uhmwpemanufacture.com\/pt\/wp-json\/wp\/v2\/product_brand?post=1847"},{"taxonomy":"product_cat","embeddable":true,"href":"https:\/\/uhmwpemanufacture.com\/pt\/wp-json\/wp\/v2\/product_cat?post=1847"},{"taxonomy":"product_tag","embeddable":true,"href":"https:\/\/uhmwpemanufacture.com\/pt\/wp-json\/wp\/v2\/product_tag?post=1847"}],"curies":[{"name":"wp","href":"https:\/\/api.w.org\/{rel}","templated":true}]}}