{"id":1853,"date":"2025-10-10T01:33:26","date_gmt":"2025-10-10T01:33:26","guid":{"rendered":"https:\/\/uhmwpemanufacture.com\/?post_type=product&#038;p=1853"},"modified":"2025-10-10T01:33:26","modified_gmt":"2025-10-10T01:33:26","slug":"pp-pe-guides-polyethylene-roller-guide-rail-plastic-sheets","status":"publish","type":"product","link":"https:\/\/uhmwpemanufacture.com\/pt\/pp-pe-guides-polyethylene-roller-guide-rail-plastic-sheets\/","title":{"rendered":"Guias PP PE Guias de polietileno Guias de rolos Guias de rolos Folhas de pl\u00e1stico"},"content":{"rendered":"<h2>Guias de PP PE Guias de polietileno para carris Folhas de pl\u00e1stico<\/h2>\n<p>Fabricadas a partir de materiais PP e PE de alta qualidade, estas calhas de guia de rolos de polietileno e folhas de pl\u00e1stico proporcionam uma excelente resist\u00eancia ao desgaste, redu\u00e7\u00e3o da fric\u00e7\u00e3o e forte resist\u00eancia ao efeito. Ideais para sistemas de transporte, m\u00e1quinas e automa\u00e7\u00e3o comercial, garantem um procedimento suave e tranquilo com uma efici\u00eancia duradoura. Imunes \u00e0 ferrugem, \u00e0 humidade e aos produtos qu\u00edmicos, estas calhas de guia em pl\u00e1stico s\u00e3o leves, muito f\u00e1ceis de utilizar e ideais para aplica\u00e7\u00f5es de alta carga e alta velocidade. Perfeitas para os mercados de processamento de alimentos, embalagem de produtos e manuseamento de produtos que necessitam de um desempenho fi\u00e1vel, higi\u00e9nico e isento de manuten\u00e7\u00e3o.<\/p>","protected":false},"excerpt":{"rendered":"<p>As calhas de guia de rolos de polietileno PP PE de alta qualidade oferecem uma excelente resist\u00eancia ao desgaste, baixa fric\u00e7\u00e3o e durabilidade para sistemas de transporte e maquinaria. Ideal para aplica\u00e7\u00f5es de automa\u00e7\u00e3o industrial, embalagem e processamento de alimentos com um desempenho suave e sem manuten\u00e7\u00e3o.<\/p>","protected":false},"featured_media":1861,"template":"","meta":{"_gspb_post_css":""},"product_brand":[],"product_cat":[35],"product_tag":[316,351,350],"class_list":{"0":"post-1853","1":"product","2":"type-product","3":"status-publish","4":"has-post-thumbnail","6":"product_cat-pp-pe-products","7":"product_tag-conveyor-components","8":"product_tag-plastic-wear-strip","9":"product_tag-polyethylene-guide-rail","11":"first","12":"instock","13":"shipping-taxable","14":"product-type-simple"},"_links":{"self":[{"href":"https:\/\/uhmwpemanufacture.com\/pt\/wp-json\/wp\/v2\/product\/1853","targetHints":{"allow":["GET"]}}],"collection":[{"href":"https:\/\/uhmwpemanufacture.com\/pt\/wp-json\/wp\/v2\/product"}],"about":[{"href":"https:\/\/uhmwpemanufacture.com\/pt\/wp-json\/wp\/v2\/types\/product"}],"wp:featuredmedia":[{"embeddable":true,"href":"https:\/\/uhmwpemanufacture.com\/pt\/wp-json\/wp\/v2\/media\/1861"}],"wp:attachment":[{"href":"https:\/\/uhmwpemanufacture.com\/pt\/wp-json\/wp\/v2\/media?parent=1853"}],"wp:term":[{"taxonomy":"product_brand","embeddable":true,"href":"https:\/\/uhmwpemanufacture.com\/pt\/wp-json\/wp\/v2\/product_brand?post=1853"},{"taxonomy":"product_cat","embeddable":true,"href":"https:\/\/uhmwpemanufacture.com\/pt\/wp-json\/wp\/v2\/product_cat?post=1853"},{"taxonomy":"product_tag","embeddable":true,"href":"https:\/\/uhmwpemanufacture.com\/pt\/wp-json\/wp\/v2\/product_tag?post=1853"}],"curies":[{"name":"wp","href":"https:\/\/api.w.org\/{rel}","templated":true}]}}