{"id":1854,"date":"2025-10-10T01:29:52","date_gmt":"2025-10-10T01:29:52","guid":{"rendered":"https:\/\/uhmwpemanufacture.com\/?post_type=product&#038;p=1854"},"modified":"2025-10-10T01:29:52","modified_gmt":"2025-10-10T01:29:52","slug":"uhmwpe-hdpe-heavy-duty-floor-panel-temporary-heavy-quick-mat","status":"publish","type":"product","link":"https:\/\/uhmwpemanufacture.com\/pt\/uhmwpe-hdpe-heavy-duty-floor-panel-temporary-heavy-quick-mat\/","title":{"rendered":"Painel de ch\u00e3o para servi\u00e7o pesado UHMWPE HDPE Tapete tempor\u00e1rio r\u00e1pido pesado"},"content":{"rendered":"<h2>Painel de pavimento resistente UHMWPE HDPE Revestimento de pavimento tempor\u00e1rio r\u00e1pido e pesado<\/h2>\n<p>Concebido para uma resili\u00eancia e resist\u00eancia de primeira qualidade, este painel de pavimento para trabalhos pesados em UHMWPE\/HDPE oferece uma prote\u00e7\u00e3o fi\u00e1vel do solo para estaleiros de constru\u00e7\u00e3o, eventos e zonas empresariais. Incluindo um padr\u00e3o de degraus em diamante antiderrapante, proporciona uma tra\u00e7\u00e3o soberba e um desempenho de suporte de carga em problemas extremos. Leves mas altamente resistentes ao impacto, estes tapetes r\u00e1pidos de curta dura\u00e7\u00e3o s\u00e3o simples de instalar, recicl\u00e1veis e resistentes \u00e0 ferrugem, aos produtos qu\u00edmicos e aos raios UV - garantindo uma efici\u00eancia resiliente em ambientes exigentes.<\/p>","protected":false},"excerpt":{"rendered":"<p>Os pain\u00e9is de pavimento resistentes UHMWPE HDPE dur\u00e1veis com design de piso em diamante oferecem tra\u00e7\u00e3o e resist\u00eancia superiores para estradas tempor\u00e1rias, constru\u00e7\u00e3o e pavimentos para eventos. Leves, resistentes \u00e0 corros\u00e3o e f\u00e1ceis de instalar para suporte de equipamento pesado.<\/p>","protected":false},"featured_media":1860,"template":"","meta":{"_gspb_post_css":""},"product_brand":[],"product_cat":[24,25],"product_tag":[349,296,348],"class_list":{"0":"post-1854","1":"product","2":"type-product","3":"status-publish","4":"has-post-thumbnail","6":"product_cat-ground-protection-road-mats","7":"product_cat-quick-mats","8":"product_tag-heavy-duty-ground-protection","9":"product_tag-temporary-road-panel","10":"product_tag-uhmwpe-floor-mat","12":"first","13":"instock","14":"shipping-taxable","15":"product-type-simple"},"_links":{"self":[{"href":"https:\/\/uhmwpemanufacture.com\/pt\/wp-json\/wp\/v2\/product\/1854","targetHints":{"allow":["GET"]}}],"collection":[{"href":"https:\/\/uhmwpemanufacture.com\/pt\/wp-json\/wp\/v2\/product"}],"about":[{"href":"https:\/\/uhmwpemanufacture.com\/pt\/wp-json\/wp\/v2\/types\/product"}],"wp:featuredmedia":[{"embeddable":true,"href":"https:\/\/uhmwpemanufacture.com\/pt\/wp-json\/wp\/v2\/media\/1860"}],"wp:attachment":[{"href":"https:\/\/uhmwpemanufacture.com\/pt\/wp-json\/wp\/v2\/media?parent=1854"}],"wp:term":[{"taxonomy":"product_brand","embeddable":true,"href":"https:\/\/uhmwpemanufacture.com\/pt\/wp-json\/wp\/v2\/product_brand?post=1854"},{"taxonomy":"product_cat","embeddable":true,"href":"https:\/\/uhmwpemanufacture.com\/pt\/wp-json\/wp\/v2\/product_cat?post=1854"},{"taxonomy":"product_tag","embeddable":true,"href":"https:\/\/uhmwpemanufacture.com\/pt\/wp-json\/wp\/v2\/product_tag?post=1854"}],"curies":[{"name":"wp","href":"https:\/\/api.w.org\/{rel}","templated":true}]}}