{"id":1865,"date":"2025-10-10T01:36:52","date_gmt":"2025-10-10T01:36:52","guid":{"rendered":"https:\/\/uhmwpemanufacture.com\/?post_type=product&#038;p=1865"},"modified":"2025-10-10T01:36:52","modified_gmt":"2025-10-10T01:36:52","slug":"polyethylene-board-hdpe-nylon-sheet-plastic-sheets-vendor","status":"publish","type":"product","link":"https:\/\/uhmwpemanufacture.com\/pt\/polyethylene-board-hdpe-nylon-sheet-plastic-sheets-vendor\/","title":{"rendered":"Placa de polietileno Folha de nylon HDPE Folha de pl\u00e1stico Vendedor"},"content":{"rendered":"<h2>Placa de polietileno Placa de PEAD Placas de pl\u00e1stico grossista<\/h2>\n<p>Estas placas de polietileno HDPE de primeira qualidade proporcionam uma resist\u00eancia excecional, robustez e resist\u00eancia qu\u00edmica, tornando-as excelentes para uma vasta gama de aplica\u00e7\u00f5es comerciais e comerciais. Leves mas dif\u00edceis, incluem uma resist\u00eancia excecional ao impacto, baixa absor\u00e7\u00e3o de humidade e uma superf\u00edcie lisa e f\u00e1cil de limpar. Perfeitas para t\u00e1buas de corte, revestimentos de tanques de armazenamento, componentes de equipamento e obst\u00e1culos de seguran\u00e7a, estas folhas de PEAD est\u00e3o dispon\u00edveis em v\u00e1rias cores e densidades para satisfazer diversas necessidades. Como grossista de confian\u00e7a, fornecemos um fornecimento em massa rent\u00e1vel com qualidade regular para uma efici\u00eancia duradoura em ambientes exigentes.<\/p>","protected":false},"excerpt":{"rendered":"<p>As folhas de polietileno HDPE dur\u00e1veis oferecem uma excelente for\u00e7a, resist\u00eancia ao impacto e estabilidade qu\u00edmica. Ideal para t\u00e1buas de corte, pe\u00e7as de maquinaria e aplica\u00e7\u00f5es industriais. Leves, n\u00e3o t\u00f3xicas e f\u00e1ceis de fabricar em v\u00e1rias cores e espessuras.<\/p>","protected":false},"featured_media":1867,"template":"","meta":{"_gspb_post_css":""},"product_brand":[],"product_cat":[23],"product_tag":[59,352,199],"class_list":{"0":"post-1865","1":"product","2":"type-product","3":"status-publish","4":"has-post-thumbnail","6":"product_cat-nylon-sheets","7":"product_tag-hdpe-sheet","8":"product_tag-plastic-sheet-wholesaler","9":"product_tag-polyethylene-board","11":"first","12":"instock","13":"shipping-taxable","14":"product-type-simple"},"_links":{"self":[{"href":"https:\/\/uhmwpemanufacture.com\/pt\/wp-json\/wp\/v2\/product\/1865","targetHints":{"allow":["GET"]}}],"collection":[{"href":"https:\/\/uhmwpemanufacture.com\/pt\/wp-json\/wp\/v2\/product"}],"about":[{"href":"https:\/\/uhmwpemanufacture.com\/pt\/wp-json\/wp\/v2\/types\/product"}],"wp:featuredmedia":[{"embeddable":true,"href":"https:\/\/uhmwpemanufacture.com\/pt\/wp-json\/wp\/v2\/media\/1867"}],"wp:attachment":[{"href":"https:\/\/uhmwpemanufacture.com\/pt\/wp-json\/wp\/v2\/media?parent=1865"}],"wp:term":[{"taxonomy":"product_brand","embeddable":true,"href":"https:\/\/uhmwpemanufacture.com\/pt\/wp-json\/wp\/v2\/product_brand?post=1865"},{"taxonomy":"product_cat","embeddable":true,"href":"https:\/\/uhmwpemanufacture.com\/pt\/wp-json\/wp\/v2\/product_cat?post=1865"},{"taxonomy":"product_tag","embeddable":true,"href":"https:\/\/uhmwpemanufacture.com\/pt\/wp-json\/wp\/v2\/product_tag?post=1865"}],"curies":[{"name":"wp","href":"https:\/\/api.w.org\/{rel}","templated":true}]}}