{"id":1870,"date":"2025-10-10T01:41:24","date_gmt":"2025-10-10T01:41:24","guid":{"rendered":"https:\/\/uhmwpemanufacture.com\/?post_type=product&#038;p=1870"},"modified":"2025-10-10T01:41:24","modified_gmt":"2025-10-10T01:41:24","slug":"custom-boron-borated-polyethylene-uhmwpe-hdpe-sheets-dealer","status":"publish","type":"product","link":"https:\/\/uhmwpemanufacture.com\/pt\/custom-boron-borated-polyethylene-uhmwpe-hdpe-sheets-dealer\/","title":{"rendered":"Revendedor de chapas de polietileno com boro UHMWPE HDPE personalizadas"},"content":{"rendered":"<h2>Revendedor de chapas personalizadas de polietileno borado UHMWPE HDPE<\/h2>\n<p>Estas folhas de polietileno com boro ou polietileno boratado UHMWPE HDPE feitas \u00e0 medida s\u00e3o concebidas para uma prote\u00e7\u00e3o superior contra neutr\u00f5es e seguran\u00e7a contra radia\u00e7\u00f5es. Desenvolvidas para aplica\u00e7\u00f5es nucleares, m\u00e9dicas e industriais, integram polietileno de alta densidade com aditivos de boro para um melhor desempenho. O material oferece uma resist\u00eancia excecional ao efeito, resist\u00eancia qu\u00edmica e baixa absor\u00e7\u00e3o de humidade. F\u00e1ceis de fabricar, estas folhas utilizam um servi\u00e7o leve, dur\u00e1vel e econ\u00f3mico para proteger obst\u00e1culos, dispositivos, revestimentos celulares e salas de prote\u00e7\u00e3o. Adequadas para trabalhos personalizados que exijam uma atenua\u00e7\u00e3o fi\u00e1vel da radia\u00e7\u00e3o e uma estabilidade estrutural duradoura.<\/p>","protected":false},"excerpt":{"rendered":"<p>As folhas de PEAD de polietileno com boro ou boratado de alto desempenho UHMWPE oferecem uma excelente blindagem contra neutr\u00f5es e prote\u00e7\u00e3o contra radia\u00e7\u00f5es. Dur\u00e1veis, resistentes a qu\u00edmicos e f\u00e1ceis de maquinar para aplica\u00e7\u00f5es nucleares, m\u00e9dicas e industriais.<\/p>","protected":false},"featured_media":1874,"template":"","meta":{"_gspb_post_css":""},"product_brand":[],"product_cat":[15,19],"product_tag":[182,184,353],"class_list":{"0":"post-1870","1":"product","2":"type-product","3":"status-publish","4":"has-post-thumbnail","6":"product_cat-uhmwpe-hdpe-sheets-plates","7":"product_cat-lead-boron-polyethylene-plates","8":"product_tag-borated-polyethylene-sheet","9":"product_tag-radiation-shielding-material","10":"product_tag-uhmwpe-hdpe","12":"first","13":"instock","14":"shipping-taxable","15":"product-type-simple"},"_links":{"self":[{"href":"https:\/\/uhmwpemanufacture.com\/pt\/wp-json\/wp\/v2\/product\/1870","targetHints":{"allow":["GET"]}}],"collection":[{"href":"https:\/\/uhmwpemanufacture.com\/pt\/wp-json\/wp\/v2\/product"}],"about":[{"href":"https:\/\/uhmwpemanufacture.com\/pt\/wp-json\/wp\/v2\/types\/product"}],"wp:featuredmedia":[{"embeddable":true,"href":"https:\/\/uhmwpemanufacture.com\/pt\/wp-json\/wp\/v2\/media\/1874"}],"wp:attachment":[{"href":"https:\/\/uhmwpemanufacture.com\/pt\/wp-json\/wp\/v2\/media?parent=1870"}],"wp:term":[{"taxonomy":"product_brand","embeddable":true,"href":"https:\/\/uhmwpemanufacture.com\/pt\/wp-json\/wp\/v2\/product_brand?post=1870"},{"taxonomy":"product_cat","embeddable":true,"href":"https:\/\/uhmwpemanufacture.com\/pt\/wp-json\/wp\/v2\/product_cat?post=1870"},{"taxonomy":"product_tag","embeddable":true,"href":"https:\/\/uhmwpemanufacture.com\/pt\/wp-json\/wp\/v2\/product_tag?post=1870"}],"curies":[{"name":"wp","href":"https:\/\/api.w.org\/{rel}","templated":true}]}}