{"id":1875,"date":"2025-10-10T01:45:13","date_gmt":"2025-10-10T01:45:13","guid":{"rendered":"https:\/\/uhmwpemanufacture.com\/?post_type=product&#038;p=1875"},"modified":"2025-10-10T01:45:13","modified_gmt":"2025-10-10T01:45:13","slug":"high-density-polyethylene-board-ice-synthetic-panel-exporter","status":"publish","type":"product","link":"https:\/\/uhmwpemanufacture.com\/pt\/high-density-polyethylene-board-ice-synthetic-panel-exporter\/","title":{"rendered":"Placa de polietileno de alta densidade Exportador de painel sint\u00e9tico de gelo"},"content":{"rendered":"<h2>Exportador de painel sint\u00e9tico de gelo de placa de polietileno de alta densidade<\/h2>\n<p>Estes pain\u00e9is sint\u00e9ticos de gelo em polietileno de alta densidade (HDPE) foram desenvolvidos para uma durabilidade e desempenho extraordin\u00e1rios em pistas de patinagem, arenas de actividades desportivas e centros de forma\u00e7\u00e3o. Com uma superf\u00edcie lisa e de baixa fric\u00e7\u00e3o, reproduzem o gelo real para um deslizamento perfeito e uma qualidade superior de patinagem consistente. Imunes a influ\u00eancias, humidade e temperaturas extremas, as placas de gelo sint\u00e9tico HDPE oferecem uma utiliza\u00e7\u00e3o duradoura no interior da sua casa ou no exterior. F\u00e1ceis de montar, preservar e adaptar, s\u00e3o uma alternativa ecol\u00f3gica \u00e0s superf\u00edcies de gelo convencionais, reduzindo as despesas de manuten\u00e7\u00e3o e proporcionando prazer de patinagem durante todo o ano. Perfeitas para rinques especializados, de entretenimento e dom\u00e9sticos.<\/p>","protected":false},"excerpt":{"rendered":"<p>Os pain\u00e9is sint\u00e9ticos de gelo em polietileno de alta densidade (HDPE) oferecem uma superf\u00edcie lisa e duradoura que imita o gelo real. S\u00e3o perfeitos para pistas de patinagem, recintos desportivos e utiliza\u00e7\u00e3o em treinos. Resistentes \u00e0s intemp\u00e9ries, de baixa fric\u00e7\u00e3o e de f\u00e1cil manuten\u00e7\u00e3o para um desempenho durante todo o ano, no interior ou no exterior.<\/p>","protected":false},"featured_media":1877,"template":"","meta":{"_gspb_post_css":""},"product_brand":[],"product_cat":[29,32],"product_tag":[355,128,354],"class_list":{"0":"post-1875","1":"product","2":"type-product","3":"status-publish","4":"has-post-thumbnail","6":"product_cat-ice-rink-products","7":"product_cat-ice-synthetic-panels","8":"product_tag-hdpe-skating-board","9":"product_tag-ice-rink-flooring","10":"product_tag-synthetic-ice-panel","12":"first","13":"instock","14":"shipping-taxable","15":"product-type-simple"},"_links":{"self":[{"href":"https:\/\/uhmwpemanufacture.com\/pt\/wp-json\/wp\/v2\/product\/1875","targetHints":{"allow":["GET"]}}],"collection":[{"href":"https:\/\/uhmwpemanufacture.com\/pt\/wp-json\/wp\/v2\/product"}],"about":[{"href":"https:\/\/uhmwpemanufacture.com\/pt\/wp-json\/wp\/v2\/types\/product"}],"wp:featuredmedia":[{"embeddable":true,"href":"https:\/\/uhmwpemanufacture.com\/pt\/wp-json\/wp\/v2\/media\/1877"}],"wp:attachment":[{"href":"https:\/\/uhmwpemanufacture.com\/pt\/wp-json\/wp\/v2\/media?parent=1875"}],"wp:term":[{"taxonomy":"product_brand","embeddable":true,"href":"https:\/\/uhmwpemanufacture.com\/pt\/wp-json\/wp\/v2\/product_brand?post=1875"},{"taxonomy":"product_cat","embeddable":true,"href":"https:\/\/uhmwpemanufacture.com\/pt\/wp-json\/wp\/v2\/product_cat?post=1875"},{"taxonomy":"product_tag","embeddable":true,"href":"https:\/\/uhmwpemanufacture.com\/pt\/wp-json\/wp\/v2\/product_tag?post=1875"}],"curies":[{"name":"wp","href":"https:\/\/api.w.org\/{rel}","templated":true}]}}