{"id":1881,"date":"2025-10-10T01:49:33","date_gmt":"2025-10-10T01:49:33","guid":{"rendered":"https:\/\/uhmwpemanufacture.com\/?post_type=product&#038;p=1881"},"modified":"2025-10-10T01:49:33","modified_gmt":"2025-10-10T01:49:33","slug":"custom-high-quality-hockeyicerink-dasher-boards-wholesale","status":"publish","type":"product","link":"https:\/\/uhmwpemanufacture.com\/pt\/custom-high-quality-hockeyicerink-dasher-boards-wholesale\/","title":{"rendered":"Placas de H\u00f3quei (Gelo) de alta qualidade personalizadas por atacado"},"content":{"rendered":"<h2>Pranchas de h\u00f3quei em patins (gelo) de alta qualidade personalizadas por atacado<\/h2>\n<p>Estas placas de h\u00f3quei de alta qualidade feitas \u00e0 medida s\u00e3o fabricadas em PEAD duradouro e resistente ao impacto e desenvolvidas para pistas de gelo especializadas e recreativas. Concebidas para serem resistentes e flex\u00edveis, proporcionam um ressalto do disco de primeira qualidade, seguran\u00e7a e efici\u00eancia resistente em condi\u00e7\u00f5es de jogo extremas. A superf\u00edcie lisa e n\u00e3o corrosiva garante uma manuten\u00e7\u00e3o reduzida e um aspeto est\u00e9tico soberbo para qualquer tipo de configura\u00e7\u00e3o de pista. Ideais para instala\u00e7\u00f5es interiores e exteriores, estas placas s\u00e3o muito f\u00e1ceis de montar, resistentes \u00e0s intemp\u00e9ries e personalizadas em dimens\u00e3o e sombra. Perfeitas para sectores desportivos, instala\u00e7\u00f5es de treino e constru\u00e7\u00e3o de pistas de gelo em todo o mundo.<\/p>","protected":false},"excerpt":{"rendered":"<p>Pain\u00e9is de h\u00f3quei em patins personalizados de alta qualidade, fabricados em PEAD duradouro para utiliza\u00e7\u00e3o profissional e recreativa. Fortes, resistentes ao impacto, \u00e0 prova de intemp\u00e9ries e f\u00e1ceis de instalar, asseguram um desempenho duradouro do ringue no interior ou no exterior.<\/p>","protected":false},"featured_media":1886,"template":"","meta":{"_gspb_post_css":""},"product_brand":[],"product_cat":[29,30],"product_tag":[288,81,356],"class_list":{"0":"post-1881","1":"product","2":"type-product","3":"status-publish","4":"has-post-thumbnail","6":"product_cat-ice-rink-products","7":"product_cat-hockey-ice-rink-dasher-boards","8":"product_tag-hdpe-rink-boards","9":"product_tag-hockey-dasher-boards","10":"product_tag-ice-rink-panels","12":"first","13":"instock","14":"shipping-taxable","15":"product-type-simple"},"_links":{"self":[{"href":"https:\/\/uhmwpemanufacture.com\/pt\/wp-json\/wp\/v2\/product\/1881","targetHints":{"allow":["GET"]}}],"collection":[{"href":"https:\/\/uhmwpemanufacture.com\/pt\/wp-json\/wp\/v2\/product"}],"about":[{"href":"https:\/\/uhmwpemanufacture.com\/pt\/wp-json\/wp\/v2\/types\/product"}],"wp:featuredmedia":[{"embeddable":true,"href":"https:\/\/uhmwpemanufacture.com\/pt\/wp-json\/wp\/v2\/media\/1886"}],"wp:attachment":[{"href":"https:\/\/uhmwpemanufacture.com\/pt\/wp-json\/wp\/v2\/media?parent=1881"}],"wp:term":[{"taxonomy":"product_brand","embeddable":true,"href":"https:\/\/uhmwpemanufacture.com\/pt\/wp-json\/wp\/v2\/product_brand?post=1881"},{"taxonomy":"product_cat","embeddable":true,"href":"https:\/\/uhmwpemanufacture.com\/pt\/wp-json\/wp\/v2\/product_cat?post=1881"},{"taxonomy":"product_tag","embeddable":true,"href":"https:\/\/uhmwpemanufacture.com\/pt\/wp-json\/wp\/v2\/product_tag?post=1881"}],"curies":[{"name":"wp","href":"https:\/\/api.w.org\/{rel}","templated":true}]}}