{"id":1887,"date":"2025-10-10T01:56:55","date_gmt":"2025-10-10T01:56:55","guid":{"rendered":"https:\/\/uhmwpemanufacture.com\/?post_type=product&#038;p=1887"},"modified":"2025-10-10T01:56:55","modified_gmt":"2025-10-10T01:56:55","slug":"natural-hdpe-sheet-hockey-practice-shooting-pads-supplier","status":"publish","type":"product","link":"https:\/\/uhmwpemanufacture.com\/pt\/natural-hdpe-sheet-hockey-practice-shooting-pads-supplier\/","title":{"rendered":"Fornecedor de almofadas de tiro para pr\u00e1tica de h\u00f3quei em folha de PEAD natural"},"content":{"rendered":"<h2>M\u00e9todo de captura de almofadas de h\u00f3quei em folha de PEAD totalmente natural Vendedor<\/h2>\n<p>Estas almofadas de captura de h\u00f3quei em PEAD natural foram concebidas para proporcionar uma sensa\u00e7\u00e3o de gelo real para treino e m\u00e9todo. Fabricadas em polietileno de alta densidade, oferecem uma superf\u00edcie ultra-suave, robusta e resistente \u00e0s intemp\u00e9ries, adequada para exerc\u00edcios de stickhandling, passe e remate. O material de baixa fric\u00e7\u00e3o garante um deslizamento pr\u00e1tico do disco, enquanto a sua constru\u00e7\u00e3o exigente resiste ao impacto e ao desgaste para uma utiliza\u00e7\u00e3o duradoura. Perfeitas para configura\u00e7\u00f5es de treino interiores e exteriores, estas almofadas de remate ajudam os jogadores a melhorar as suas capacidades durante todo o ano, sem necessidade de gelo. Dispon\u00edveis em v\u00e1rios tamanhos e espessuras para uma utiliza\u00e7\u00e3o especializada e de lazer.<\/p>","protected":false},"excerpt":{"rendered":"<p>As almofadas de h\u00f3quei em PEAD naturais de alta qualidade proporcionam uma superf\u00edcie lisa e duradoura para um deslizamento realista do disco. Ideais para a pr\u00e1tica de stickhandling, passe e remate no interior ou no exterior. Resistentes \u00e0s intemp\u00e9ries e de longa dura\u00e7\u00e3o para treino durante todo o ano.<\/p>","protected":false},"featured_media":1898,"template":"","meta":{"_gspb_post_css":""},"product_brand":[],"product_cat":[29,31],"product_tag":[357,131,358],"class_list":{"0":"post-1887","1":"product","2":"type-product","3":"status-publish","4":"has-post-thumbnail","6":"product_cat-ice-rink-products","7":"product_cat-hockey-practice-shooting-pads","8":"product_tag-hdpe-practice-board","9":"product_tag-hockey-shooting-pad","10":"product_tag-synthetic-ice-training","12":"first","13":"instock","14":"shipping-taxable","15":"product-type-simple"},"_links":{"self":[{"href":"https:\/\/uhmwpemanufacture.com\/pt\/wp-json\/wp\/v2\/product\/1887","targetHints":{"allow":["GET"]}}],"collection":[{"href":"https:\/\/uhmwpemanufacture.com\/pt\/wp-json\/wp\/v2\/product"}],"about":[{"href":"https:\/\/uhmwpemanufacture.com\/pt\/wp-json\/wp\/v2\/types\/product"}],"wp:featuredmedia":[{"embeddable":true,"href":"https:\/\/uhmwpemanufacture.com\/pt\/wp-json\/wp\/v2\/media\/1898"}],"wp:attachment":[{"href":"https:\/\/uhmwpemanufacture.com\/pt\/wp-json\/wp\/v2\/media?parent=1887"}],"wp:term":[{"taxonomy":"product_brand","embeddable":true,"href":"https:\/\/uhmwpemanufacture.com\/pt\/wp-json\/wp\/v2\/product_brand?post=1887"},{"taxonomy":"product_cat","embeddable":true,"href":"https:\/\/uhmwpemanufacture.com\/pt\/wp-json\/wp\/v2\/product_cat?post=1887"},{"taxonomy":"product_tag","embeddable":true,"href":"https:\/\/uhmwpemanufacture.com\/pt\/wp-json\/wp\/v2\/product_tag?post=1887"}],"curies":[{"name":"wp","href":"https:\/\/api.w.org\/{rel}","templated":true}]}}