{"id":1902,"date":"2025-10-10T02:00:53","date_gmt":"2025-10-10T02:00:53","guid":{"rendered":"https:\/\/uhmwpemanufacture.com\/?post_type=product&#038;p=1902"},"modified":"2025-10-10T02:00:53","modified_gmt":"2025-10-10T02:00:53","slug":"custom-raw-material-floor-ball-dasher-boards-wholesaler","status":"publish","type":"product","link":"https:\/\/uhmwpemanufacture.com\/pt\/custom-raw-material-floor-ball-dasher-boards-wholesaler\/","title":{"rendered":"Mat\u00e9ria-prima personalizada Placas de ch\u00e3o de bola Dasher Atacadista"},"content":{"rendered":"<h2>Atacadista de t\u00e1buas de ch\u00e3o de material b\u00e1sico personalizado<\/h2>\n<p>Estas placas personalizadas s\u00e3o produzidas a partir de mat\u00e9ria-prima HDPE de primeira qualidade, proporcionando uma robustez not\u00e1vel, resist\u00eancia \u00e0 influ\u00eancia e uma \u00e1rea de superf\u00edcie lisa adequada para jogos de alto desempenho. Criadas para arenas de pavimento especializadas e de entretenimento, garantem um ressalto redondo constante e a seguran\u00e7a dos jogadores. As placas s\u00e3o leves, muito f\u00e1ceis de montar e resistentes \u00e0 humidade, aos raios UV e \u00e0s varia\u00e7\u00f5es de temperatura, o que as torna adequadas tanto para ambientes interiores como exteriores. Como revendedor fi\u00e1vel, fornecemos tamanhos, tonalidades e densidades personaliz\u00e1veis para satisfazer as diversas necessidades de disposi\u00e7\u00e3o do ringue e de utiliza\u00e7\u00e3o resiliente.<\/p>","protected":false},"excerpt":{"rendered":"<p>T\u00e1buas de ch\u00e3o em PEAD dur\u00e1veis feitas de mat\u00e9rias-primas de primeira qualidade para uma resist\u00eancia superior e um jogo suave. Ideal para arenas profissionais e recreativas. Resistente \u00e0s intemp\u00e9ries, f\u00e1cil de instalar e personaliz\u00e1vel em tamanho, cor e espessura para um desempenho duradouro.<\/p>","protected":false},"featured_media":1908,"template":"","meta":{"_gspb_post_css":""},"product_brand":[],"product_cat":[29,33],"product_tag":[210,306,359],"class_list":{"0":"post-1902","1":"product","2":"type-product","3":"status-publish","4":"has-post-thumbnail","6":"product_cat-ice-rink-products","7":"product_cat-floor-ball-dasher-boards","8":"product_tag-floor-ball-dasher-boards","9":"product_tag-hdpe-rink-panels","10":"product_tag-sports-arena-boards","12":"first","13":"instock","14":"shipping-taxable","15":"product-type-simple"},"_links":{"self":[{"href":"https:\/\/uhmwpemanufacture.com\/pt\/wp-json\/wp\/v2\/product\/1902","targetHints":{"allow":["GET"]}}],"collection":[{"href":"https:\/\/uhmwpemanufacture.com\/pt\/wp-json\/wp\/v2\/product"}],"about":[{"href":"https:\/\/uhmwpemanufacture.com\/pt\/wp-json\/wp\/v2\/types\/product"}],"wp:featuredmedia":[{"embeddable":true,"href":"https:\/\/uhmwpemanufacture.com\/pt\/wp-json\/wp\/v2\/media\/1908"}],"wp:attachment":[{"href":"https:\/\/uhmwpemanufacture.com\/pt\/wp-json\/wp\/v2\/media?parent=1902"}],"wp:term":[{"taxonomy":"product_brand","embeddable":true,"href":"https:\/\/uhmwpemanufacture.com\/pt\/wp-json\/wp\/v2\/product_brand?post=1902"},{"taxonomy":"product_cat","embeddable":true,"href":"https:\/\/uhmwpemanufacture.com\/pt\/wp-json\/wp\/v2\/product_cat?post=1902"},{"taxonomy":"product_tag","embeddable":true,"href":"https:\/\/uhmwpemanufacture.com\/pt\/wp-json\/wp\/v2\/product_tag?post=1902"}],"curies":[{"name":"wp","href":"https:\/\/api.w.org\/{rel}","templated":true}]}}