{"id":1910,"date":"2025-10-10T02:03:58","date_gmt":"2025-10-10T02:03:58","guid":{"rendered":"https:\/\/uhmwpemanufacture.com\/?post_type=product&#038;p=1910"},"modified":"2025-10-10T02:03:58","modified_gmt":"2025-10-10T02:03:58","slug":"custom-hdpe-driveway-dura-deck-duradeck-mats-manufacturer","status":"publish","type":"product","link":"https:\/\/uhmwpemanufacture.com\/pt\/custom-hdpe-driveway-dura-deck-duradeck-mats-manufacturer\/","title":{"rendered":"Tapetes de PEAD personalizados para cal\u00e7adas Dura Deck Duradeck Fabricante"},"content":{"rendered":"<h2>Fabricante de tapetes de PEAD personalizados para cal\u00e7adas Dura Deck Duradeck<\/h2>\n<p>Estes tapetes de entrada de autom\u00f3veis personalizados HDPE Dura Deck s\u00e3o concebidos para uma seguran\u00e7a superior do solo e uma efici\u00eancia de suporte de carga. Fabricados em polietileno de alta densidade, proporcionam uma resist\u00eancia not\u00e1vel, versatilidade e resist\u00eancia ao deslizamento para carros pesados, constru\u00e7\u00e3o e aplica\u00e7\u00f5es em eventos. A superf\u00edcie robusta do degrau de diamante garante uma excelente tra\u00e7\u00e3o em todos os problemas, enquanto o seu design leve permite uma instala\u00e7\u00e3o r\u00e1pida e um manuseamento muito f\u00e1cil. \u00c0 prova de intemp\u00e9ries, resistentes a produtos qu\u00edmicos e reutiliz\u00e1veis, estes revestimentos de pavimentos Duradeck s\u00e3o excelentes para o desenvolvimento de estradas, parques de estacionamento e plataformas de trabalho est\u00e1veis a curto prazo em terrenos irregulares ou macios.<\/p>","protected":false},"excerpt":{"rendered":"<p>Os tapetes Dura Deck em HDPE dur\u00e1veis e personalizados proporcionam uma prote\u00e7\u00e3o superior do solo e tra\u00e7\u00e3o para equipamento pesado, ve\u00edculos e eventos. Leves, reutiliz\u00e1veis e resistentes \u00e0s intemp\u00e9ries para estradas tempor\u00e1rias est\u00e1veis e plataformas de trabalho em terrenos macios ou irregulares.<\/p>","protected":false},"featured_media":1913,"template":"","meta":{"_gspb_post_css":""},"product_brand":[],"product_cat":[24,27],"product_tag":[361,360,362],"class_list":{"0":"post-1910","1":"product","2":"type-product","3":"status-publish","4":"has-post-thumbnail","6":"product_cat-ground-protection-road-mats","7":"product_cat-dura-mats","8":"product_tag-dura-deck-panels","9":"product_tag-hdpe-ground-mats","10":"product_tag-temporary-roadway-mats","12":"first","13":"instock","14":"shipping-taxable","15":"product-type-simple"},"_links":{"self":[{"href":"https:\/\/uhmwpemanufacture.com\/pt\/wp-json\/wp\/v2\/product\/1910","targetHints":{"allow":["GET"]}}],"collection":[{"href":"https:\/\/uhmwpemanufacture.com\/pt\/wp-json\/wp\/v2\/product"}],"about":[{"href":"https:\/\/uhmwpemanufacture.com\/pt\/wp-json\/wp\/v2\/types\/product"}],"wp:featuredmedia":[{"embeddable":true,"href":"https:\/\/uhmwpemanufacture.com\/pt\/wp-json\/wp\/v2\/media\/1913"}],"wp:attachment":[{"href":"https:\/\/uhmwpemanufacture.com\/pt\/wp-json\/wp\/v2\/media?parent=1910"}],"wp:term":[{"taxonomy":"product_brand","embeddable":true,"href":"https:\/\/uhmwpemanufacture.com\/pt\/wp-json\/wp\/v2\/product_brand?post=1910"},{"taxonomy":"product_cat","embeddable":true,"href":"https:\/\/uhmwpemanufacture.com\/pt\/wp-json\/wp\/v2\/product_cat?post=1910"},{"taxonomy":"product_tag","embeddable":true,"href":"https:\/\/uhmwpemanufacture.com\/pt\/wp-json\/wp\/v2\/product_tag?post=1910"}],"curies":[{"name":"wp","href":"https:\/\/api.w.org\/{rel}","templated":true}]}}