{"id":1914,"date":"2025-10-10T02:10:17","date_gmt":"2025-10-10T02:10:17","guid":{"rendered":"https:\/\/uhmwpemanufacture.com\/?post_type=product&#038;p=1914"},"modified":"2025-10-10T02:10:17","modified_gmt":"2025-10-10T02:10:17","slug":"uhmwpe-outrigger-pads-and-plastic-crane-leg-support-pads","status":"publish","type":"product","link":"https:\/\/uhmwpemanufacture.com\/pt\/uhmwpe-outrigger-pads-and-plastic-crane-leg-support-pads\/","title":{"rendered":"Almofadas de estabiliza\u00e7\u00e3o UHMWPE e almofadas de pl\u00e1stico para suporte de pernas de grua"},"content":{"rendered":"<h2>Almofadas de UHMWPE para estabilizadores e almofadas de pl\u00e1stico para assist\u00eancia \u00e0s pernas da grua<\/h2>\n<p>As almofadas para estabilizadores UHMWPE e as almofadas de pl\u00e1stico para assist\u00eancia \u00e0s pernas de gruas foram concebidas para proporcionar uma base est\u00e1vel e duradoura para m\u00e1quinas pesadas e dispositivos de forma\u00e7\u00e3o. Fabricadas em polietileno de peso molecular ultra-elevado, estas almofadas proporcionam uma for\u00e7a excecional, resist\u00eancia aos efeitos e durabilidade. Distribuem uniformemente as toneladas em terrenos macios ou irregulares, evitando que as ferramentas se afundem ou escorreguem. Leves, resistentes \u00e0 corros\u00e3o e simples de cuidar, s\u00e3o ideais para gruas, elevadores a\u00e9reos e autom\u00f3veis de constru\u00e7\u00e3o. Dispon\u00edveis em v\u00e1rias formas, densidades e capacidades de toneladas, estas almofadas garantem um desempenho sem riscos e fi\u00e1vel em todas as condi\u00e7\u00f5es climat\u00e9ricas.<\/p>","protected":false},"excerpt":{"rendered":"<p>As almofadas dos estabilizadores em UHMWPE fornecem um suporte forte e est\u00e1vel para gruas e maquinaria pesada. Dur\u00e1veis, leves e n\u00e3o corrosivos, evitam o afundamento e garantem a seguran\u00e7a em terrenos macios ou irregulares. Ideais para aplica\u00e7\u00f5es de constru\u00e7\u00e3o e eleva\u00e7\u00e3o em todas as condi\u00e7\u00f5es climat\u00e9ricas.<\/p>","protected":false},"featured_media":1920,"template":"","meta":{"_gspb_post_css":""},"product_brand":[],"product_cat":[15,20],"product_tag":[313,222,63],"class_list":{"0":"post-1914","1":"product","2":"type-product","3":"status-publish","4":"has-post-thumbnail","6":"product_cat-uhmwpe-hdpe-sheets-plates","7":"product_cat-crane-outrigger-pads","8":"product_tag-crane-support-pads","9":"product_tag-heavy-equipment-stabilizers","10":"product_tag-uhmwpe-outrigger-pads","12":"first","13":"instock","14":"shipping-taxable","15":"product-type-simple"},"_links":{"self":[{"href":"https:\/\/uhmwpemanufacture.com\/pt\/wp-json\/wp\/v2\/product\/1914","targetHints":{"allow":["GET"]}}],"collection":[{"href":"https:\/\/uhmwpemanufacture.com\/pt\/wp-json\/wp\/v2\/product"}],"about":[{"href":"https:\/\/uhmwpemanufacture.com\/pt\/wp-json\/wp\/v2\/types\/product"}],"wp:featuredmedia":[{"embeddable":true,"href":"https:\/\/uhmwpemanufacture.com\/pt\/wp-json\/wp\/v2\/media\/1920"}],"wp:attachment":[{"href":"https:\/\/uhmwpemanufacture.com\/pt\/wp-json\/wp\/v2\/media?parent=1914"}],"wp:term":[{"taxonomy":"product_brand","embeddable":true,"href":"https:\/\/uhmwpemanufacture.com\/pt\/wp-json\/wp\/v2\/product_brand?post=1914"},{"taxonomy":"product_cat","embeddable":true,"href":"https:\/\/uhmwpemanufacture.com\/pt\/wp-json\/wp\/v2\/product_cat?post=1914"},{"taxonomy":"product_tag","embeddable":true,"href":"https:\/\/uhmwpemanufacture.com\/pt\/wp-json\/wp\/v2\/product_tag?post=1914"}],"curies":[{"name":"wp","href":"https:\/\/api.w.org\/{rel}","templated":true}]}}