{"id":1955,"date":"2025-10-10T07:34:52","date_gmt":"2025-10-10T07:34:52","guid":{"rendered":"https:\/\/uhmwpemanufacture.com\/?post_type=product&#038;p=1955"},"modified":"2025-10-10T07:34:52","modified_gmt":"2025-10-10T07:34:52","slug":"coal-bunker-limit-plate-high-density-polyethylene-hdpe-sheets","status":"publish","type":"product","link":"https:\/\/uhmwpemanufacture.com\/pt\/coal-bunker-limit-plate-high-density-polyethylene-hdpe-sheets\/","title":{"rendered":"Placa de limite de bunker de carv\u00e3o Placas de polietileno de alta densidade Hdpe"},"content":{"rendered":"<h2>Placa de restri\u00e7\u00e3o para bancas de carv\u00e3o Placas de polietileno de alta espessura (HDPE)<\/h2>\n<p>Placas de limite de bunker de carv\u00e3o resilientes e de alto desempenho feitas de material HDPE de primeira qualidade. Estas placas oferecem uma excelente resist\u00eancia \u00e0 influ\u00eancia, resist\u00eancia \u00e0 utiliza\u00e7\u00e3o e seguran\u00e7a contra a corros\u00e3o, assegurando uma longa vida \u00fatil, mesmo sob cargas pesadas e ambientes dif\u00edceis. A \u00e1rea da superf\u00edcie \u00e9 lisa para uma limpeza muito f\u00e1cil e uma liga\u00e7\u00e3o reduzida do material. Adequado para dep\u00f3sitos de carv\u00e3o, manuseamento de materiais e aplica\u00e7\u00f5es comerciais. Leve e muito f\u00e1cil de instalar, com dimens\u00f5es ajust\u00e1veis e alternativas de densidade para satisfazer determinados requisitos de tarefas.<\/p>","protected":false},"excerpt":{"rendered":"<p>Placa limite dur\u00e1vel para bunker de carv\u00e3o fabricada em polietileno de alta densidade (HDPE). Oferece uma for\u00e7a de impacto superior, resist\u00eancia ao desgaste e prote\u00e7\u00e3o contra a corros\u00e3o. Ideal para dep\u00f3sitos de carv\u00e3o e aplica\u00e7\u00f5es industriais. Leve, f\u00e1cil de instalar e personaliz\u00e1vel em termos de tamanho.<\/p>","protected":false},"featured_media":1961,"template":"","meta":{"_gspb_post_css":""},"product_brand":[],"product_cat":[15,22],"product_tag":[337,59,344],"class_list":{"0":"post-1955","1":"product","2":"type-product","3":"status-publish","4":"has-post-thumbnail","6":"product_cat-uhmwpe-hdpe-sheets-plates","7":"product_cat-coal-bunker-limit-plates","8":"product_tag-coal-bunker-plate","9":"product_tag-hdpe-sheet","10":"product_tag-industrial-material","12":"first","13":"instock","14":"shipping-taxable","15":"product-type-simple"},"_links":{"self":[{"href":"https:\/\/uhmwpemanufacture.com\/pt\/wp-json\/wp\/v2\/product\/1955","targetHints":{"allow":["GET"]}}],"collection":[{"href":"https:\/\/uhmwpemanufacture.com\/pt\/wp-json\/wp\/v2\/product"}],"about":[{"href":"https:\/\/uhmwpemanufacture.com\/pt\/wp-json\/wp\/v2\/types\/product"}],"wp:featuredmedia":[{"embeddable":true,"href":"https:\/\/uhmwpemanufacture.com\/pt\/wp-json\/wp\/v2\/media\/1961"}],"wp:attachment":[{"href":"https:\/\/uhmwpemanufacture.com\/pt\/wp-json\/wp\/v2\/media?parent=1955"}],"wp:term":[{"taxonomy":"product_brand","embeddable":true,"href":"https:\/\/uhmwpemanufacture.com\/pt\/wp-json\/wp\/v2\/product_brand?post=1955"},{"taxonomy":"product_cat","embeddable":true,"href":"https:\/\/uhmwpemanufacture.com\/pt\/wp-json\/wp\/v2\/product_cat?post=1955"},{"taxonomy":"product_tag","embeddable":true,"href":"https:\/\/uhmwpemanufacture.com\/pt\/wp-json\/wp\/v2\/product_tag?post=1955"}],"curies":[{"name":"wp","href":"https:\/\/api.w.org\/{rel}","templated":true}]}}