{"id":1962,"date":"2025-10-10T07:48:32","date_gmt":"2025-10-10T07:48:32","guid":{"rendered":"https:\/\/uhmwpemanufacture.com\/?post_type=product&#038;p=1962"},"modified":"2025-10-10T07:48:32","modified_gmt":"2025-10-10T07:48:32","slug":"heavy-duty-umwpe-crane-outrigger-pad-crane-stability-mats","status":"publish","type":"product","link":"https:\/\/uhmwpemanufacture.com\/pt\/heavy-duty-umwpe-crane-outrigger-pad-crane-stability-mats\/","title":{"rendered":"Almofada de estabiliza\u00e7\u00e3o de guindaste UMWPE para servi\u00e7o pesado Tapetes de estabilidade de guindaste"},"content":{"rendered":"<h2>Almofada para guindaste HMWPE forte Estabilidade do guindaste Revestimentos para pavimentos<\/h2>\n<p>Almofadas robustas HMWPE para guindastes de alto desempenho, desenvolvidas para oferecer uma estabilidade excecional no solo e distribui\u00e7\u00e3o de lotes para guindastes e maquinaria pesada. Fabricadas em polietileno de elevado peso molecular (HMWPE), estas almofadas proporcionam uma excelente dureza, resist\u00eancia ao desgaste e absor\u00e7\u00e3o de efeitos. Evitam danos no solo e garantem um funcionamento seguro em v\u00e1rios terrenos. Leves, mas s\u00f3lidas, apresentam uma gest\u00e3o duradoura para um transporte e coloca\u00e7\u00e3o simples. Adequadas para sites de constru\u00e7\u00e3o, dispositivos de eleva\u00e7\u00e3o e gruas m\u00f3veis, garantem a seguran\u00e7a, a longevidade e o desempenho a longo prazo procurados em ambientes de trabalho<\/p>","protected":false},"excerpt":{"rendered":"<p>As almofadas dur\u00e1veis dos estabilizadores de guindaste HMWPE proporcionam uma distribui\u00e7\u00e3o de carga e estabilidade superiores para maquinaria pesada. Leves, n\u00e3o corrosivos e f\u00e1ceis de manusear, s\u00e3o ideais para opera\u00e7\u00f5es de constru\u00e7\u00e3o e eleva\u00e7\u00e3o.<\/p>","protected":false},"featured_media":1972,"template":"","meta":{"_gspb_post_css":""},"product_brand":[],"product_cat":[15,21],"product_tag":[333,365,364],"class_list":{"0":"post-1962","1":"product","2":"type-product","3":"status-publish","4":"has-post-thumbnail","6":"product_cat-uhmwpe-hdpe-sheets-plates","7":"product_cat-uhmwpe-fender-pads","8":"product_tag-crane-outrigger-pad","9":"product_tag-heavy-duty-lifting-pad","10":"product_tag-hmwpe-stability-mat","12":"first","13":"instock","14":"shipping-taxable","15":"product-type-simple"},"_links":{"self":[{"href":"https:\/\/uhmwpemanufacture.com\/pt\/wp-json\/wp\/v2\/product\/1962","targetHints":{"allow":["GET"]}}],"collection":[{"href":"https:\/\/uhmwpemanufacture.com\/pt\/wp-json\/wp\/v2\/product"}],"about":[{"href":"https:\/\/uhmwpemanufacture.com\/pt\/wp-json\/wp\/v2\/types\/product"}],"wp:featuredmedia":[{"embeddable":true,"href":"https:\/\/uhmwpemanufacture.com\/pt\/wp-json\/wp\/v2\/media\/1972"}],"wp:attachment":[{"href":"https:\/\/uhmwpemanufacture.com\/pt\/wp-json\/wp\/v2\/media?parent=1962"}],"wp:term":[{"taxonomy":"product_brand","embeddable":true,"href":"https:\/\/uhmwpemanufacture.com\/pt\/wp-json\/wp\/v2\/product_brand?post=1962"},{"taxonomy":"product_cat","embeddable":true,"href":"https:\/\/uhmwpemanufacture.com\/pt\/wp-json\/wp\/v2\/product_cat?post=1962"},{"taxonomy":"product_tag","embeddable":true,"href":"https:\/\/uhmwpemanufacture.com\/pt\/wp-json\/wp\/v2\/product_tag?post=1962"}],"curies":[{"name":"wp","href":"https:\/\/api.w.org\/{rel}","templated":true}]}}