{"id":1963,"date":"2025-10-10T07:43:40","date_gmt":"2025-10-10T07:43:40","guid":{"rendered":"https:\/\/uhmwpemanufacture.com\/?post_type=product&#038;p=1963"},"modified":"2025-10-10T07:43:40","modified_gmt":"2025-10-10T07:43:40","slug":"pe-board-smooth-plastic-sheets-uhmwpe-sheet-manufacturers","status":"publish","type":"product","link":"https:\/\/uhmwpemanufacture.com\/pt\/pe-board-smooth-plastic-sheets-uhmwpe-sheet-manufacturers\/","title":{"rendered":"Placa de PE Placas de pl\u00e1stico lisas Fabricantes de placas de UHMWPE"},"content":{"rendered":"<h2>Placa de PE Placas de pl\u00e1stico lisas Fabricantes de placas de UHMWPE<\/h2>\n<p>Folhas de PE e UHMWPE de alta qualidade com uma superf\u00edcie lisa e uma resist\u00eancia excecional ao desgaste. Criadas para uma maior longevidade e uma for\u00e7a de efeito superior, estas folhas funcionam bem em ambientes comerciais populares. Incluem fric\u00e7\u00e3o reduzida, resist\u00eancia qu\u00edmica e propriedades anti-corros\u00e3o, o que as torna excelentes para pe\u00e7as de equipamento, revestimento celular e aplica\u00e7\u00f5es de manuseamento de materiais. Dispon\u00edveis em v\u00e1rias cores, tamanhos e espessuras. Fabricado com precis\u00e3o para uma longa vida \u00fatil e constru\u00e7\u00e3o simples para atender a v\u00e1rios requisitos de engenharia.<\/p>","protected":false},"excerpt":{"rendered":"<p>Folhas de pl\u00e1stico lisas de PE e UHMWPE dur\u00e1veis com elevada resist\u00eancia ao desgaste, baixa fric\u00e7\u00e3o e forte resist\u00eancia ao impacto. Ideais para aplica\u00e7\u00f5es industriais, mec\u00e2nicas e de revestimento. Dispon\u00edvel em v\u00e1rias cores e tamanhos para uma utiliza\u00e7\u00e3o vers\u00e1til.<\/p>","protected":false},"featured_media":1964,"template":"","meta":{"_gspb_post_css":""},"product_brand":[],"product_cat":[15,17],"product_tag":[363,231,56],"class_list":{"0":"post-1963","1":"product","2":"type-product","3":"status-publish","4":"has-post-thumbnail","6":"product_cat-uhmwpe-hdpe-sheets-plates","7":"product_cat-uhmwpe-sheets","8":"product_tag-pe-board","9":"product_tag-plastic-sheet-manufacturer","10":"product_tag-uhmwpe-sheet","12":"first","13":"instock","14":"shipping-taxable","15":"product-type-simple"},"_links":{"self":[{"href":"https:\/\/uhmwpemanufacture.com\/pt\/wp-json\/wp\/v2\/product\/1963","targetHints":{"allow":["GET"]}}],"collection":[{"href":"https:\/\/uhmwpemanufacture.com\/pt\/wp-json\/wp\/v2\/product"}],"about":[{"href":"https:\/\/uhmwpemanufacture.com\/pt\/wp-json\/wp\/v2\/types\/product"}],"wp:featuredmedia":[{"embeddable":true,"href":"https:\/\/uhmwpemanufacture.com\/pt\/wp-json\/wp\/v2\/media\/1964"}],"wp:attachment":[{"href":"https:\/\/uhmwpemanufacture.com\/pt\/wp-json\/wp\/v2\/media?parent=1963"}],"wp:term":[{"taxonomy":"product_brand","embeddable":true,"href":"https:\/\/uhmwpemanufacture.com\/pt\/wp-json\/wp\/v2\/product_brand?post=1963"},{"taxonomy":"product_cat","embeddable":true,"href":"https:\/\/uhmwpemanufacture.com\/pt\/wp-json\/wp\/v2\/product_cat?post=1963"},{"taxonomy":"product_tag","embeddable":true,"href":"https:\/\/uhmwpemanufacture.com\/pt\/wp-json\/wp\/v2\/product_tag?post=1963"}],"curies":[{"name":"wp","href":"https:\/\/api.w.org\/{rel}","templated":true}]}}