{"id":1976,"date":"2025-10-10T07:52:08","date_gmt":"2025-10-10T07:52:08","guid":{"rendered":"https:\/\/uhmwpemanufacture.com\/?post_type=product&#038;p=1976"},"modified":"2025-10-10T07:52:08","modified_gmt":"2025-10-10T07:52:08","slug":"hdpe-composite-ground-protection-mats-for-access-roads","status":"publish","type":"product","link":"https:\/\/uhmwpemanufacture.com\/pt\/hdpe-composite-ground-protection-mats-for-access-roads\/","title":{"rendered":"Esteiras de prote\u00e7\u00e3o do solo compostas de PEAD para estradas de acesso"},"content":{"rendered":"<h2>Esteiras de prote\u00e7\u00e3o do solo compostas de PEAD para estradas de acessibilidade<\/h2>\n<p>Revestimentos para pavimentos de defesa do solo em PEAD comp\u00f3sito de longa dura\u00e7\u00e3o, criados para desenvolver estradas de acesso e plataformas de trabalho seguras e sem riscos. Estes revestimentos de pavimento duradouros apresentam uma superf\u00edcie antiderrapante texturizada para uma ader\u00eancia not\u00e1vel, evitando que os ve\u00edculos e as ferramentas se afundem ou escorreguem em terrenos macios ou irregulares. Fabricados em polietileno de alta densidade, s\u00e3o leves, resistentes \u00e0s intemp\u00e9ries e recicl\u00e1veis, garantindo uma efici\u00eancia resistente em aplica\u00e7\u00f5es de constru\u00e7\u00e3o, energia e eventos. F\u00e1ceis de montar e deslocar, estes tapetes protegem eficazmente a relva, a sujidade e as superf\u00edcies lisas, suportando simultaneamente cargas pesadas em ambientes dif\u00edceis.<\/p>","protected":false},"excerpt":{"rendered":"<p>Os tapetes de prote\u00e7\u00e3o do solo em PEAD para trabalhos pesados proporcionam estradas de acesso e plataformas de trabalho est\u00e1veis e antiderrapantes. Dur\u00e1veis, leves e reutiliz\u00e1veis para utiliza\u00e7\u00e3o na constru\u00e7\u00e3o e na ind\u00fastria.<\/p>","protected":false},"featured_media":1982,"template":"","meta":{"_gspb_post_css":""},"product_brand":[],"product_cat":[24,25],"product_tag":[72,366,367],"class_list":{"0":"post-1976","1":"product","2":"type-product","3":"status-publish","4":"has-post-thumbnail","6":"product_cat-ground-protection-road-mats","7":"product_cat-quick-mats","8":"product_tag-ground-protection-mats","9":"product_tag-hdpe-access-roads","10":"product_tag-heavy-duty-floor-mats","12":"first","13":"instock","14":"shipping-taxable","15":"product-type-simple"},"_links":{"self":[{"href":"https:\/\/uhmwpemanufacture.com\/pt\/wp-json\/wp\/v2\/product\/1976","targetHints":{"allow":["GET"]}}],"collection":[{"href":"https:\/\/uhmwpemanufacture.com\/pt\/wp-json\/wp\/v2\/product"}],"about":[{"href":"https:\/\/uhmwpemanufacture.com\/pt\/wp-json\/wp\/v2\/types\/product"}],"wp:featuredmedia":[{"embeddable":true,"href":"https:\/\/uhmwpemanufacture.com\/pt\/wp-json\/wp\/v2\/media\/1982"}],"wp:attachment":[{"href":"https:\/\/uhmwpemanufacture.com\/pt\/wp-json\/wp\/v2\/media?parent=1976"}],"wp:term":[{"taxonomy":"product_brand","embeddable":true,"href":"https:\/\/uhmwpemanufacture.com\/pt\/wp-json\/wp\/v2\/product_brand?post=1976"},{"taxonomy":"product_cat","embeddable":true,"href":"https:\/\/uhmwpemanufacture.com\/pt\/wp-json\/wp\/v2\/product_cat?post=1976"},{"taxonomy":"product_tag","embeddable":true,"href":"https:\/\/uhmwpemanufacture.com\/pt\/wp-json\/wp\/v2\/product_tag?post=1976"}],"curies":[{"name":"wp","href":"https:\/\/api.w.org\/{rel}","templated":true}]}}