{"id":1983,"date":"2025-10-10T07:55:43","date_gmt":"2025-10-10T07:55:43","guid":{"rendered":"https:\/\/uhmwpemanufacture.com\/?post_type=product&#038;p=1983"},"modified":"2025-10-10T07:55:43","modified_gmt":"2025-10-10T07:55:43","slug":"base-mats-hdpe-road-plates-mats-grass-lawn-protection","status":"publish","type":"product","link":"https:\/\/uhmwpemanufacture.com\/pt\/base-mats-hdpe-road-plates-mats-grass-lawn-protection\/","title":{"rendered":"Tapetes de base Placas de estrada PEAD Tapetes Prote\u00e7\u00e3o da relva e do relvado"},"content":{"rendered":"<h2>Tapetes de base Placas de PEAD para estradas Tapetes Seguran\u00e7a de relvados e relvados<\/h2>\n<p>Tapetes de base HDPE de primeira qualidade criados para prote\u00e7\u00e3o de estradas, p\u00e1tios e quintais durante a constru\u00e7\u00e3o, ocasi\u00f5es ou utiliza\u00e7\u00e3o de equipamento pesado. Estes revestimentos para pavimentos incluem uma superf\u00edcie texturada antiderrapante para m\u00e1xima ader\u00eancia e seguran\u00e7a. Fabricados em polietileno de alta densidade de longa dura\u00e7\u00e3o, resistem aos efeitos, \u00e0 corros\u00e3o e \u00e0s condi\u00e7\u00f5es climat\u00e9ricas, garantindo uma efici\u00eancia resistente. Leves mas resistentes, s\u00e3o muito f\u00e1ceis de montar, limpar e reutilizar. Prontamente dispon\u00edveis em v\u00e1rias cores e tamanhos para se adaptarem a in\u00fameras aplica\u00e7\u00f5es, estes tapetes oferecem um acesso seguro ao solo, protegendo simultaneamente as superf\u00edcies fr\u00e1geis de danos e da compacta\u00e7\u00e3o do solo.<\/p>","protected":false},"excerpt":{"rendered":"<p>Os tapetes de base HDPE dur\u00e1veis proporcionam uma prote\u00e7\u00e3o fi\u00e1vel do solo, da relva e do relvado. Antiderrapantes, leves e reutiliz\u00e1veis, s\u00e3o ideais para estradas, constru\u00e7\u00e3o e eventos ao ar livre.<\/p>","protected":false},"featured_media":1984,"template":"","meta":{"_gspb_post_css":""},"product_brand":[],"product_cat":[24,26],"product_tag":[139,73,368],"class_list":{"0":"post-1983","1":"product","2":"type-product","3":"status-publish","4":"has-post-thumbnail","6":"product_cat-ground-protection-road-mats","7":"product_cat-base-mats","8":"product_tag-ground-protection","9":"product_tag-hdpe-road-mats","10":"product_tag-lawn-protection-mats","12":"first","13":"instock","14":"shipping-taxable","15":"product-type-simple"},"_links":{"self":[{"href":"https:\/\/uhmwpemanufacture.com\/pt\/wp-json\/wp\/v2\/product\/1983","targetHints":{"allow":["GET"]}}],"collection":[{"href":"https:\/\/uhmwpemanufacture.com\/pt\/wp-json\/wp\/v2\/product"}],"about":[{"href":"https:\/\/uhmwpemanufacture.com\/pt\/wp-json\/wp\/v2\/types\/product"}],"wp:featuredmedia":[{"embeddable":true,"href":"https:\/\/uhmwpemanufacture.com\/pt\/wp-json\/wp\/v2\/media\/1984"}],"wp:attachment":[{"href":"https:\/\/uhmwpemanufacture.com\/pt\/wp-json\/wp\/v2\/media?parent=1983"}],"wp:term":[{"taxonomy":"product_brand","embeddable":true,"href":"https:\/\/uhmwpemanufacture.com\/pt\/wp-json\/wp\/v2\/product_brand?post=1983"},{"taxonomy":"product_cat","embeddable":true,"href":"https:\/\/uhmwpemanufacture.com\/pt\/wp-json\/wp\/v2\/product_cat?post=1983"},{"taxonomy":"product_tag","embeddable":true,"href":"https:\/\/uhmwpemanufacture.com\/pt\/wp-json\/wp\/v2\/product_tag?post=1983"}],"curies":[{"name":"wp","href":"https:\/\/api.w.org\/{rel}","templated":true}]}}