{"id":1988,"date":"2025-10-10T07:59:13","date_gmt":"2025-10-10T07:59:13","guid":{"rendered":"https:\/\/uhmwpemanufacture.com\/?post_type=product&#038;p=1988"},"modified":"2025-10-10T07:59:13","modified_gmt":"2025-10-10T07:59:13","slug":"composite-construction-mats-ground-protection-mats-amphi-mat","status":"publish","type":"product","link":"https:\/\/uhmwpemanufacture.com\/pt\/composite-construction-mats-ground-protection-mats-amphi-mat\/","title":{"rendered":"Esteiras compostas para constru\u00e7\u00e3o Esteiras de prote\u00e7\u00e3o do solo Esteiras Amphi"},"content":{"rendered":"<h2>Tapetes de constru\u00e7\u00e3o compostos Tapetes de defesa do solo Tapete Amphi<\/h2>\n<p>Revestimentos compostos de alta resist\u00eancia para pavimentos de edif\u00edcios e constru\u00e7\u00f5es, concebidos para uma defesa superior do solo em aplica\u00e7\u00f5es de constru\u00e7\u00e3o, industriais e ocasionais. Fabricados em material HDPE de longa dura\u00e7\u00e3o, estes tapetes incluem uma \u00e1rea de superf\u00edcie rubi antiderrapante para uma excelente ader\u00eancia e distribui\u00e7\u00e3o de lotes. Adequados para criar um acesso est\u00e1vel e moment\u00e2neo a estradas e plataformas de trabalho, protegem o relvado, a sujidade e as superf\u00edcies delicadas de danos causados por equipamentos pesados. Leves, resistentes \u00e0s intemp\u00e9ries e muito f\u00e1ceis de montar, os tapetes Amphi podem ser reutilizados v\u00e1rias vezes, com um valor duradouro e efici\u00eancia em ambientes dif\u00edceis. Prontamente dispon\u00edveis em diferentes tonalidades e dimens\u00f5es para se adaptarem a diversas exig\u00eancias de trabalho.<\/p>","protected":false},"excerpt":{"rendered":"<p>Tapetes de constru\u00e7\u00e3o comp\u00f3sitos dur\u00e1veis feitos de HDPE para uma prote\u00e7\u00e3o fi\u00e1vel do solo. A superf\u00edcie anti-derrapante garante a estabilidade do equipamento pesado em qualquer terreno. Reutiliz\u00e1vel e f\u00e1cil de instalar.<\/p>","protected":false},"featured_media":1992,"template":"","meta":{"_gspb_post_css":""},"product_brand":[],"product_cat":[24,28],"product_tag":[369,139,370],"class_list":{"0":"post-1988","1":"product","2":"type-product","3":"status-publish","4":"has-post-thumbnail","6":"product_cat-ground-protection-road-mats","7":"product_cat-amphi-mats","8":"product_tag-construction-mats","9":"product_tag-ground-protection","10":"product_tag-hdpe-amphi-mat","12":"first","13":"instock","14":"shipping-taxable","15":"product-type-simple"},"_links":{"self":[{"href":"https:\/\/uhmwpemanufacture.com\/pt\/wp-json\/wp\/v2\/product\/1988","targetHints":{"allow":["GET"]}}],"collection":[{"href":"https:\/\/uhmwpemanufacture.com\/pt\/wp-json\/wp\/v2\/product"}],"about":[{"href":"https:\/\/uhmwpemanufacture.com\/pt\/wp-json\/wp\/v2\/types\/product"}],"wp:featuredmedia":[{"embeddable":true,"href":"https:\/\/uhmwpemanufacture.com\/pt\/wp-json\/wp\/v2\/media\/1992"}],"wp:attachment":[{"href":"https:\/\/uhmwpemanufacture.com\/pt\/wp-json\/wp\/v2\/media?parent=1988"}],"wp:term":[{"taxonomy":"product_brand","embeddable":true,"href":"https:\/\/uhmwpemanufacture.com\/pt\/wp-json\/wp\/v2\/product_brand?post=1988"},{"taxonomy":"product_cat","embeddable":true,"href":"https:\/\/uhmwpemanufacture.com\/pt\/wp-json\/wp\/v2\/product_cat?post=1988"},{"taxonomy":"product_tag","embeddable":true,"href":"https:\/\/uhmwpemanufacture.com\/pt\/wp-json\/wp\/v2\/product_tag?post=1988"}],"curies":[{"name":"wp","href":"https:\/\/api.w.org\/{rel}","templated":true}]}}