{"id":1993,"date":"2025-10-10T08:04:12","date_gmt":"2025-10-10T08:04:12","guid":{"rendered":"https:\/\/uhmwpemanufacture.com\/?post_type=product&#038;p=1993"},"modified":"2025-10-10T08:04:12","modified_gmt":"2025-10-10T08:04:12","slug":"custom-hdpe-smooth-polyethylene-plastic-sheet-uhmwpe-sheets","status":"publish","type":"product","link":"https:\/\/uhmwpemanufacture.com\/pt\/custom-hdpe-smooth-polyethylene-plastic-sheet-uhmwpe-sheets\/","title":{"rendered":"Folha de pl\u00e1stico de polietileno liso HDPE personalizado Folhas de UHMWPE"},"content":{"rendered":"<h2>Folha de pl\u00e1stico de polietileno liso PEAD feita \u00e0 medida Folhas de UHMWPE<\/h2>\n<p>Folhas de HDPE e UHMWPE de qualidade para custos, fabricadas para uma robustez excecional, resist\u00eancia ao impacto e seguran\u00e7a qu\u00edmica. Estas folhas de polietileno lisas s\u00e3o excelentes para aplica\u00e7\u00f5es comerciais, mec\u00e2nicas e de fabrico onde a for\u00e7a e a resist\u00eancia ao uso s\u00e3o essenciais. Leves mas exigentes, apresentam uma fric\u00e7\u00e3o reduzida, resist\u00eancia \u00e0 ferrugem e uma maquinabilidade excecional. Adequadas para placas redutoras, revestimentos e componentes de m\u00e1quinas. Oferecido em v\u00e1rias cores, dimens\u00f5es e espessuras para atender a requisitos personalizados, garantindo alta efici\u00eancia e uma longa vida \u00fatil em diversos ambientes.<\/p>","protected":false},"excerpt":{"rendered":"<p>Folhas de pl\u00e1stico lisas de HDPE e UHMWPE de alta qualidade com excelente resist\u00eancia ao impacto, resist\u00eancia ao desgaste e estabilidade qu\u00edmica. Ideal para utiliza\u00e7\u00e3o industrial e mec\u00e2nica.<\/p>","protected":false},"featured_media":1997,"template":"","meta":{"_gspb_post_css":""},"product_brand":[],"product_cat":[15,17],"product_tag":[59,199,371],"class_list":{"0":"post-1993","1":"product","2":"type-product","3":"status-publish","4":"has-post-thumbnail","6":"product_cat-uhmwpe-hdpe-sheets-plates","7":"product_cat-uhmwpe-sheets","8":"product_tag-hdpe-sheet","9":"product_tag-polyethylene-board","10":"product_tag-uhmwpe-plastic","12":"first","13":"instock","14":"shipping-taxable","15":"product-type-simple"},"_links":{"self":[{"href":"https:\/\/uhmwpemanufacture.com\/pt\/wp-json\/wp\/v2\/product\/1993","targetHints":{"allow":["GET"]}}],"collection":[{"href":"https:\/\/uhmwpemanufacture.com\/pt\/wp-json\/wp\/v2\/product"}],"about":[{"href":"https:\/\/uhmwpemanufacture.com\/pt\/wp-json\/wp\/v2\/types\/product"}],"wp:featuredmedia":[{"embeddable":true,"href":"https:\/\/uhmwpemanufacture.com\/pt\/wp-json\/wp\/v2\/media\/1997"}],"wp:attachment":[{"href":"https:\/\/uhmwpemanufacture.com\/pt\/wp-json\/wp\/v2\/media?parent=1993"}],"wp:term":[{"taxonomy":"product_brand","embeddable":true,"href":"https:\/\/uhmwpemanufacture.com\/pt\/wp-json\/wp\/v2\/product_brand?post=1993"},{"taxonomy":"product_cat","embeddable":true,"href":"https:\/\/uhmwpemanufacture.com\/pt\/wp-json\/wp\/v2\/product_cat?post=1993"},{"taxonomy":"product_tag","embeddable":true,"href":"https:\/\/uhmwpemanufacture.com\/pt\/wp-json\/wp\/v2\/product_tag?post=1993"}],"curies":[{"name":"wp","href":"https:\/\/api.w.org\/{rel}","templated":true}]}}