{"id":2000,"date":"2025-10-10T10:45:18","date_gmt":"2025-10-10T10:45:18","guid":{"rendered":"https:\/\/uhmwpemanufacture.com\/?post_type=product&#038;p=2000"},"modified":"2025-10-10T10:45:18","modified_gmt":"2025-10-10T10:45:18","slug":"non-slippery-industrial-anti-fatigue-rubber-floor-mats","status":"publish","type":"product","link":"https:\/\/uhmwpemanufacture.com\/pt\/non-slippery-industrial-anti-fatigue-rubber-floor-mats\/","title":{"rendered":"Tapetes de borracha anti-fadiga industriais antiderrapantes"},"content":{"rendered":"<h2>Tapetes industriais antiderrapantes para pavimentos de borracha anti-fadiga<\/h2>\n<p>Tapetes de borracha anti-fadiga para trabalhos pesados, concebidos para ambientes industriais e de oficina. A superf\u00edcie antiderrapante com padr\u00e3o de diamante proporciona uma ader\u00eancia e seguran\u00e7a superiores, enquanto a constru\u00e7\u00e3o em borracha suportada reduz a tens\u00e3o nas pernas e nas costas durante longas horas de trabalho. Os rebordos biselados amarelos melhoram a visibilidade e minimizam os riscos de trope\u00e7ar. F\u00e1ceis de limpar, resistentes e imunes ao \u00f3leo, \u00e0 \u00e1gua e aos produtos qu\u00edmicos, estes revestimentos para pavimentos proporcionam comodidade e seguran\u00e7a duradouras para os trabalhadores da ind\u00fastria transformadora, das linhas de montagem e dos locais de manuten\u00e7\u00e3o.<\/p>","protected":false},"excerpt":{"rendered":"<p>Tapetes de borracha anti-fadiga duradouros com uma superf\u00edcie de diamante antiderrapante e rebordos de seguran\u00e7a amarelos. Proporcionam conforto, reduzem a tens\u00e3o e melhoram a seguran\u00e7a em \u00e1reas industriais e de oficinas.<\/p>","protected":false},"featured_media":2007,"template":"","meta":{"_gspb_post_css":""},"product_brand":[],"product_cat":[24,25],"product_tag":[373,374,375],"class_list":{"0":"post-2000","1":"product","2":"type-product","3":"status-publish","4":"has-post-thumbnail","6":"product_cat-ground-protection-road-mats","7":"product_cat-quick-mats","8":"product_tag-anti-fatigue-mats","9":"product_tag-industrial-flooring","10":"product_tag-rubber-safety-mats","12":"first","13":"instock","14":"shipping-taxable","15":"product-type-simple"},"_links":{"self":[{"href":"https:\/\/uhmwpemanufacture.com\/pt\/wp-json\/wp\/v2\/product\/2000","targetHints":{"allow":["GET"]}}],"collection":[{"href":"https:\/\/uhmwpemanufacture.com\/pt\/wp-json\/wp\/v2\/product"}],"about":[{"href":"https:\/\/uhmwpemanufacture.com\/pt\/wp-json\/wp\/v2\/types\/product"}],"wp:featuredmedia":[{"embeddable":true,"href":"https:\/\/uhmwpemanufacture.com\/pt\/wp-json\/wp\/v2\/media\/2007"}],"wp:attachment":[{"href":"https:\/\/uhmwpemanufacture.com\/pt\/wp-json\/wp\/v2\/media?parent=2000"}],"wp:term":[{"taxonomy":"product_brand","embeddable":true,"href":"https:\/\/uhmwpemanufacture.com\/pt\/wp-json\/wp\/v2\/product_brand?post=2000"},{"taxonomy":"product_cat","embeddable":true,"href":"https:\/\/uhmwpemanufacture.com\/pt\/wp-json\/wp\/v2\/product_cat?post=2000"},{"taxonomy":"product_tag","embeddable":true,"href":"https:\/\/uhmwpemanufacture.com\/pt\/wp-json\/wp\/v2\/product_tag?post=2000"}],"curies":[{"name":"wp","href":"https:\/\/api.w.org\/{rel}","templated":true}]}}