{"id":2001,"date":"2025-10-10T10:41:18","date_gmt":"2025-10-10T10:41:18","guid":{"rendered":"https:\/\/uhmwpemanufacture.com\/?post_type=product&#038;p=2001"},"modified":"2025-10-10T10:41:18","modified_gmt":"2025-10-10T10:41:18","slug":"interlocking-cribbing-blocks-anti-slip-uhmwpe-fender-pads","status":"publish","type":"product","link":"https:\/\/uhmwpemanufacture.com\/pt\/interlocking-cribbing-blocks-anti-slip-uhmwpe-fender-pads\/","title":{"rendered":"Blocos de escoramento interligados Almofadas de prote\u00e7\u00e3o em UHMWPE antiderrapantes"},"content":{"rendered":"<h2>Blocos de entrela\u00e7amento de bermas Almofadas antiderrapantes em UHMWPE<\/h2>\n<p>Blocos de cribbing resistentes e leves feitos de material UHMWPE de alta qualidade. Concebidos com uma superf\u00edcie texturada antiderrapante e um sistema de encaixe empilh\u00e1vel para uma maior estabilidade e seguran\u00e7a durante a eleva\u00e7\u00e3o robusta, a cura de ve\u00edculos ou a estabiliza\u00e7\u00e3o de lotes. As tonalidades intensas aumentam a presen\u00e7a, enquanto as pegas incorporadas garantem um manuseamento e transporte f\u00e1ceis. Imunes \u00e0 \u00e1gua, ao \u00f3leo e \u00e0 corros\u00e3o, estes blocos utilizam um desempenho resistente para aplica\u00e7\u00f5es comerciais, aqu\u00e1ticas e em situa\u00e7\u00f5es de emerg\u00eancia.<\/p>","protected":false},"excerpt":{"rendered":"<p>Blocos de cribbing em UHMWPE interligados com superf\u00edcie antiderrapante e pegas duradouras. Leves, empilh\u00e1veis e resistentes \u00e0 \u00e1gua, ao \u00f3leo e \u00e0 corros\u00e3o para um suporte de carga seguro e estabilidade em utiliza\u00e7\u00e3o industrial ou mar\u00edtima.<\/p>","protected":false},"featured_media":2004,"template":"","meta":{"_gspb_post_css":""},"product_brand":[],"product_cat":[15,21],"product_tag":[65,372,258],"class_list":{"0":"post-2001","1":"product","2":"type-product","3":"status-publish","4":"has-post-thumbnail","6":"product_cat-uhmwpe-hdpe-sheets-plates","7":"product_cat-uhmwpe-fender-pads","8":"product_tag-cribbing-blocks","9":"product_tag-load-support","10":"product_tag-uhmwpe-pads","12":"first","13":"instock","14":"shipping-taxable","15":"product-type-simple"},"_links":{"self":[{"href":"https:\/\/uhmwpemanufacture.com\/pt\/wp-json\/wp\/v2\/product\/2001","targetHints":{"allow":["GET"]}}],"collection":[{"href":"https:\/\/uhmwpemanufacture.com\/pt\/wp-json\/wp\/v2\/product"}],"about":[{"href":"https:\/\/uhmwpemanufacture.com\/pt\/wp-json\/wp\/v2\/types\/product"}],"wp:featuredmedia":[{"embeddable":true,"href":"https:\/\/uhmwpemanufacture.com\/pt\/wp-json\/wp\/v2\/media\/2004"}],"wp:attachment":[{"href":"https:\/\/uhmwpemanufacture.com\/pt\/wp-json\/wp\/v2\/media?parent=2001"}],"wp:term":[{"taxonomy":"product_brand","embeddable":true,"href":"https:\/\/uhmwpemanufacture.com\/pt\/wp-json\/wp\/v2\/product_brand?post=2001"},{"taxonomy":"product_cat","embeddable":true,"href":"https:\/\/uhmwpemanufacture.com\/pt\/wp-json\/wp\/v2\/product_cat?post=2001"},{"taxonomy":"product_tag","embeddable":true,"href":"https:\/\/uhmwpemanufacture.com\/pt\/wp-json\/wp\/v2\/product_tag?post=2001"}],"curies":[{"name":"wp","href":"https:\/\/api.w.org\/{rel}","templated":true}]}}