{"id":2011,"date":"2025-10-10T10:52:03","date_gmt":"2025-10-10T10:52:03","guid":{"rendered":"https:\/\/uhmwpemanufacture.com\/?post_type=product&#038;p=2011"},"modified":"2025-10-10T10:52:03","modified_gmt":"2025-10-10T10:52:03","slug":"custom-pp-pe-plastic-products-mechanical-parts-manufacturers","status":"publish","type":"product","link":"https:\/\/uhmwpemanufacture.com\/pt\/custom-pp-pe-plastic-products-mechanical-parts-manufacturers\/","title":{"rendered":"Fabricantes de pe\u00e7as mec\u00e2nicas de produtos pl\u00e1sticos PP PE personalizados"},"content":{"rendered":"<h2>Fabricantes de pe\u00e7as mec\u00e2nicas de produtos pl\u00e1sticos PP PE feitos \u00e0 medida<\/h2>\n<p>Pe\u00e7as mec\u00e2nicas de pl\u00e1stico personalizadas de alta qualidade fabricadas a partir de produtos PP e PE de longa dura\u00e7\u00e3o, criadas para uma efici\u00eancia e integridade precisas. Estes componentes s\u00e3o ideais para diferentes aplica\u00e7\u00f5es industriais e mec\u00e2nicas, fornecendo resist\u00eancia ao desgaste, ao impacto e \u00e0 deteriora\u00e7\u00e3o. Com inova\u00e7\u00f5es avan\u00e7adas de moldagem, fabricamos pe\u00e7as em formas, tamanhos e requisitos personalizados para satisfazer necessidades de trabalho \u00fanicas. Leves mas s\u00f3lidas, estas pe\u00e7as de pl\u00e1stico garantem uma vida \u00fatil longa e efici\u00eancia econ\u00f3mica para os sectores autom\u00f3vel, de maquinaria e de design.<\/p>","protected":false},"excerpt":{"rendered":"<p class=\"sr-only\"><span style=\"font-size: 16px;\">Pe\u00e7as mec\u00e2nicas de pl\u00e1stico PP e PE personalizadas concebidas para durabilidade, precis\u00e3o e resist\u00eancia. Adequadas para utiliza\u00e7\u00e3o em autom\u00f3veis, m\u00e1quinas e engenharia, oferecem uma excelente resist\u00eancia ao desgaste, ao impacto e \u00e0 corros\u00e3o. Fabricadas para satisfazer eficazmente os requisitos industriais espec\u00edficos.<\/span><\/p>","protected":false},"featured_media":2012,"template":"","meta":{"_gspb_post_css":""},"product_brand":[],"product_cat":[35],"product_tag":[378,376,377],"class_list":{"0":"post-2011","1":"product","2":"type-product","3":"status-publish","4":"has-post-thumbnail","6":"product_cat-pp-pe-products","7":"product_tag-mechanical-manufacturing","8":"product_tag-plastic-parts","9":"product_tag-pp-pe-components","11":"first","12":"instock","13":"shipping-taxable","14":"product-type-simple"},"_links":{"self":[{"href":"https:\/\/uhmwpemanufacture.com\/pt\/wp-json\/wp\/v2\/product\/2011","targetHints":{"allow":["GET"]}}],"collection":[{"href":"https:\/\/uhmwpemanufacture.com\/pt\/wp-json\/wp\/v2\/product"}],"about":[{"href":"https:\/\/uhmwpemanufacture.com\/pt\/wp-json\/wp\/v2\/types\/product"}],"wp:featuredmedia":[{"embeddable":true,"href":"https:\/\/uhmwpemanufacture.com\/pt\/wp-json\/wp\/v2\/media\/2012"}],"wp:attachment":[{"href":"https:\/\/uhmwpemanufacture.com\/pt\/wp-json\/wp\/v2\/media?parent=2011"}],"wp:term":[{"taxonomy":"product_brand","embeddable":true,"href":"https:\/\/uhmwpemanufacture.com\/pt\/wp-json\/wp\/v2\/product_brand?post=2011"},{"taxonomy":"product_cat","embeddable":true,"href":"https:\/\/uhmwpemanufacture.com\/pt\/wp-json\/wp\/v2\/product_cat?post=2011"},{"taxonomy":"product_tag","embeddable":true,"href":"https:\/\/uhmwpemanufacture.com\/pt\/wp-json\/wp\/v2\/product_tag?post=2011"}],"curies":[{"name":"wp","href":"https:\/\/api.w.org\/{rel}","templated":true}]}}