{"id":2017,"date":"2025-10-10T10:58:30","date_gmt":"2025-10-10T10:58:30","guid":{"rendered":"https:\/\/uhmwpemanufacture.com\/?post_type=product&#038;p=2017"},"modified":"2025-10-10T10:58:30","modified_gmt":"2025-10-10T10:58:30","slug":"custom-nylon-sheet-hard-plastic-sheet-manufacturers","status":"publish","type":"product","link":"https:\/\/uhmwpemanufacture.com\/pt\/custom-nylon-sheet-hard-plastic-sheet-manufacturers\/","title":{"rendered":"Fabricantes de chapas de nylon personalizadas de pl\u00e1stico duro"},"content":{"rendered":"<h2>Fabricantes de chapas de nylon feitas \u00e0 medida para pl\u00e1stico duro<\/h2>\n<p>Folhas de nylon personalizadas de alta qualidade criadas para resist\u00eancia, resist\u00eancia e versatilidade em aplica\u00e7\u00f5es industriais. Estas folhas de pl\u00e1stico r\u00edgido oferecem excelentes propriedades mec\u00e2nicas residenciais, consistindo em alta resist\u00eancia ao efeito, baixo atrito e resist\u00eancia \u00e0 abras\u00e3o e produtos qu\u00edmicos. Prontamente dispon\u00edveis em v\u00e1rias cores e densidades, s\u00e3o excelentes para utiliza\u00e7\u00e3o em servi\u00e7o, rolamentos, casquilhos e elementos arquitect\u00f3nicos. Fabricadas com precis\u00e3o e uniformidade, as nossas folhas de nylon proporcionam uma durabilidade duradoura e podem ser convenientemente maquinadas ou fabricadas para cumprir determinadas exig\u00eancias de engenharia. Adequadas para os mercados autom\u00f3vel, mar\u00edtimo e mec\u00e2nico.<\/p>","protected":false},"excerpt":{"rendered":"<p class=\"sr-only\"><span style=\"font-size: 16px;\">Folhas de pl\u00e1stico duro de nylon personalizadas com elevada for\u00e7a, resist\u00eancia ao desgaste e maquinabilidade. Ideais para utiliza\u00e7\u00f5es industriais, como engrenagens, rolamentos e pe\u00e7as estruturais em aplica\u00e7\u00f5es autom\u00f3veis e de maquinaria. Dispon\u00edvel em v\u00e1rias cores e tamanhos para necessidades de engenharia de precis\u00e3o.<\/span><\/p>","protected":false},"featured_media":2019,"template":"","meta":{"_gspb_post_css":""},"product_brand":[],"product_cat":[23],"product_tag":[380,381,379],"class_list":{"0":"post-2017","1":"product","2":"type-product","3":"status-publish","4":"has-post-thumbnail","6":"product_cat-nylon-sheets","7":"product_tag-hard-plastic","8":"product_tag-industrial-materials","9":"product_tag-nylon-sheets","11":"first","12":"instock","13":"shipping-taxable","14":"product-type-simple"},"_links":{"self":[{"href":"https:\/\/uhmwpemanufacture.com\/pt\/wp-json\/wp\/v2\/product\/2017","targetHints":{"allow":["GET"]}}],"collection":[{"href":"https:\/\/uhmwpemanufacture.com\/pt\/wp-json\/wp\/v2\/product"}],"about":[{"href":"https:\/\/uhmwpemanufacture.com\/pt\/wp-json\/wp\/v2\/types\/product"}],"wp:featuredmedia":[{"embeddable":true,"href":"https:\/\/uhmwpemanufacture.com\/pt\/wp-json\/wp\/v2\/media\/2019"}],"wp:attachment":[{"href":"https:\/\/uhmwpemanufacture.com\/pt\/wp-json\/wp\/v2\/media?parent=2017"}],"wp:term":[{"taxonomy":"product_brand","embeddable":true,"href":"https:\/\/uhmwpemanufacture.com\/pt\/wp-json\/wp\/v2\/product_brand?post=2017"},{"taxonomy":"product_cat","embeddable":true,"href":"https:\/\/uhmwpemanufacture.com\/pt\/wp-json\/wp\/v2\/product_cat?post=2017"},{"taxonomy":"product_tag","embeddable":true,"href":"https:\/\/uhmwpemanufacture.com\/pt\/wp-json\/wp\/v2\/product_tag?post=2017"}],"curies":[{"name":"wp","href":"https:\/\/api.w.org\/{rel}","templated":true}]}}