{"id":2024,"date":"2025-10-10T11:15:16","date_gmt":"2025-10-10T11:15:16","guid":{"rendered":"https:\/\/uhmwpemanufacture.com\/?post_type=product&#038;p=2024"},"modified":"2025-10-10T11:15:16","modified_gmt":"2025-10-10T11:15:16","slug":"customize-boron-uhmwpe-sheet-lead-boron-polyethylene-plate","status":"publish","type":"product","link":"https:\/\/uhmwpemanufacture.com\/pt\/customize-boron-uhmwpe-sheet-lead-boron-polyethylene-plate\/","title":{"rendered":"Personalizar a chapa de UHMWPE com boro Placa de polietileno com boro e chumbo"},"content":{"rendered":"<h2>Personalizar chapa de UHMWPE com boro Placa de polietileno com boro e chumbo<\/h2>\n<p>Placas de UHMWPE com boro de alta densidade concebidas para aplica\u00e7\u00f5es de prote\u00e7\u00e3o e prote\u00e7\u00e3o contra radia\u00e7\u00f5es. Fabricadas atrav\u00e9s da integra\u00e7\u00e3o de polietileno de peso molecular ultra-elevado com compostos de boro ou chumbo, estas placas proporcionam uma not\u00e1vel resist\u00eancia aos efeitos, durabilidade ao desgaste e capacidade de absor\u00e7\u00e3o de neutr\u00f5es. Adequadas para utiliza\u00e7\u00e3o em instala\u00e7\u00f5es nucleares, \u00e1reas de radia\u00e7\u00e3o m\u00e9dica e sistemas de prote\u00e7\u00e3o industrial. Prontamente dispon\u00edveis em diferentes espessuras, tonalidades e graus de material de boro, s\u00e3o leves, resistentes \u00e0 corros\u00e3o e muito f\u00e1ceis de fabricar. Perfeitos para solu\u00e7\u00f5es de engenharia personalizadas que exigem uma prote\u00e7\u00e3o fi\u00e1vel contra as radia\u00e7\u00f5es e uma efici\u00eancia duradoura.<\/p>","protected":false},"excerpt":{"rendered":"<p>Folhas de UHMWPE com boro personalizadas com elevada for\u00e7a, resist\u00eancia ao desgaste e prote\u00e7\u00e3o contra radia\u00e7\u00f5es. Ideal para aplica\u00e7\u00f5es de prote\u00e7\u00e3o m\u00e9dica, nuclear e industrial. Leve, dur\u00e1vel e f\u00e1cil de maquinar para necessidades de engenharia precisas.<\/p>","protected":false},"featured_media":2030,"template":"","meta":{"_gspb_post_css":""},"product_brand":[],"product_cat":[15],"product_tag":[382,260,56],"class_list":{"0":"post-2024","1":"product","2":"type-product","3":"status-publish","4":"has-post-thumbnail","6":"product_cat-uhmwpe-hdpe-sheets-plates","7":"product_tag-boron-polyethylene-plate","8":"product_tag-radiation-shielding","9":"product_tag-uhmwpe-sheet","11":"first","12":"instock","13":"shipping-taxable","14":"product-type-simple"},"_links":{"self":[{"href":"https:\/\/uhmwpemanufacture.com\/pt\/wp-json\/wp\/v2\/product\/2024","targetHints":{"allow":["GET"]}}],"collection":[{"href":"https:\/\/uhmwpemanufacture.com\/pt\/wp-json\/wp\/v2\/product"}],"about":[{"href":"https:\/\/uhmwpemanufacture.com\/pt\/wp-json\/wp\/v2\/types\/product"}],"wp:featuredmedia":[{"embeddable":true,"href":"https:\/\/uhmwpemanufacture.com\/pt\/wp-json\/wp\/v2\/media\/2030"}],"wp:attachment":[{"href":"https:\/\/uhmwpemanufacture.com\/pt\/wp-json\/wp\/v2\/media?parent=2024"}],"wp:term":[{"taxonomy":"product_brand","embeddable":true,"href":"https:\/\/uhmwpemanufacture.com\/pt\/wp-json\/wp\/v2\/product_brand?post=2024"},{"taxonomy":"product_cat","embeddable":true,"href":"https:\/\/uhmwpemanufacture.com\/pt\/wp-json\/wp\/v2\/product_cat?post=2024"},{"taxonomy":"product_tag","embeddable":true,"href":"https:\/\/uhmwpemanufacture.com\/pt\/wp-json\/wp\/v2\/product_tag?post=2024"}],"curies":[{"name":"wp","href":"https:\/\/api.w.org\/{rel}","templated":true}]}}