{"id":2031,"date":"2025-10-10T11:24:14","date_gmt":"2025-10-10T11:24:14","guid":{"rendered":"https:\/\/uhmwpemanufacture.com\/?post_type=product&#038;p=2031"},"modified":"2025-10-10T11:24:14","modified_gmt":"2025-10-10T11:24:14","slug":"ice-synthetic-panel-hdpe-uhmwpe-board-sheet-manufacturer","status":"publish","type":"product","link":"https:\/\/uhmwpemanufacture.com\/pt\/ice-synthetic-panel-hdpe-uhmwpe-board-sheet-manufacturer\/","title":{"rendered":"Painel sint\u00e9tico de gelo Placa de PEAD e PEUMA Fabricante"},"content":{"rendered":"<h2>Produtor de placas de PEAD UHMWPE para painel sint\u00e9tico Ice<\/h2>\n<p>Folhas de HDPE e UHMWPE de alta qualidade desenvolvidas para pistas de gelo, arenas de actividades desportivas e aplica\u00e7\u00f5es industriais. Estes pain\u00e9is de gelo sint\u00e9tico utilizam uma superf\u00edcie lisa, duradoura e de baixa fric\u00e7\u00e3o que imita o gelo real, proporcionando uma resist\u00eancia excecional ao deslizamento e ao impacto. Fabricados em polietileno de peso molecular ultra-elevado, apresentam uma resist\u00eancia excecional ao desgaste, seguran\u00e7a qu\u00edmica e desempenho \u00e0 prova de intemp\u00e9ries. Ideais para \u00e1reas de superf\u00edcie de patinagem, pain\u00e9is de seguran\u00e7a e revestimentos comerciais, estas folhas s\u00e3o simples de instalar, manter e adaptar em termos de dimens\u00e3o e espessura para satisfazer os requisitos de pormenor das tarefas, tanto para uso interior como exterior.<\/p>","protected":false},"excerpt":{"rendered":"<p class=\"sr-only\"><span style=\"font-size: 16px;\">Os pain\u00e9is de gelo sint\u00e9tico HDPE e UHMWPE dur\u00e1veis proporcionam uma superf\u00edcie lisa e de baixa fric\u00e7\u00e3o, ideal para patinagem e utiliza\u00e7\u00e3o industrial. Resistentes ao desgaste, ao impacto e \u00e0s condi\u00e7\u00f5es climat\u00e9ricas, estas placas s\u00e3o f\u00e1ceis de instalar, limpar e personalizar para aplica\u00e7\u00f5es interiores e exteriores.<\/span><\/p>","protected":false},"featured_media":2032,"template":"","meta":{"_gspb_post_css":""},"product_brand":[],"product_cat":[29,32],"product_tag":[99,126,56],"class_list":{"0":"post-2031","1":"product","2":"type-product","3":"status-publish","4":"has-post-thumbnail","6":"product_cat-ice-rink-products","7":"product_cat-ice-synthetic-panels","8":"product_tag-hdpe-board","9":"product_tag-synthetic-ice-panels","10":"product_tag-uhmwpe-sheet","12":"first","13":"instock","14":"shipping-taxable","15":"product-type-simple"},"_links":{"self":[{"href":"https:\/\/uhmwpemanufacture.com\/pt\/wp-json\/wp\/v2\/product\/2031","targetHints":{"allow":["GET"]}}],"collection":[{"href":"https:\/\/uhmwpemanufacture.com\/pt\/wp-json\/wp\/v2\/product"}],"about":[{"href":"https:\/\/uhmwpemanufacture.com\/pt\/wp-json\/wp\/v2\/types\/product"}],"wp:featuredmedia":[{"embeddable":true,"href":"https:\/\/uhmwpemanufacture.com\/pt\/wp-json\/wp\/v2\/media\/2032"}],"wp:attachment":[{"href":"https:\/\/uhmwpemanufacture.com\/pt\/wp-json\/wp\/v2\/media?parent=2031"}],"wp:term":[{"taxonomy":"product_brand","embeddable":true,"href":"https:\/\/uhmwpemanufacture.com\/pt\/wp-json\/wp\/v2\/product_brand?post=2031"},{"taxonomy":"product_cat","embeddable":true,"href":"https:\/\/uhmwpemanufacture.com\/pt\/wp-json\/wp\/v2\/product_cat?post=2031"},{"taxonomy":"product_tag","embeddable":true,"href":"https:\/\/uhmwpemanufacture.com\/pt\/wp-json\/wp\/v2\/product_tag?post=2031"}],"curies":[{"name":"wp","href":"https:\/\/api.w.org\/{rel}","templated":true}]}}