{"id":2038,"date":"2025-10-10T11:27:30","date_gmt":"2025-10-10T11:27:30","guid":{"rendered":"https:\/\/uhmwpemanufacture.com\/?post_type=product&#038;p=2038"},"modified":"2025-10-10T11:27:30","modified_gmt":"2025-10-10T11:27:30","slug":"durable-lightweight-hockeyicerink-dasher-boards-factory","status":"publish","type":"product","link":"https:\/\/uhmwpemanufacture.com\/pt\/durable-lightweight-hockeyicerink-dasher-boards-factory\/","title":{"rendered":"Placas de H\u00f3quei (Gelo) para pista de gelo dur\u00e1veis e leves F\u00e1brica"},"content":{"rendered":"<h2>Placas de H\u00f3quei em Patins (Gelo) dur\u00e1veis e leves F\u00e1brica<\/h2>\n<p>Pain\u00e9is de alto desempenho para pistas de h\u00f3quei em patins fabricados com produtos HDPE e UHMWPE resilientes e leves. Concebidas para serem resistentes, adapt\u00e1veis e duradouras, estas placas proporcionam limites de pista suaves, sem riscos e de qualidade profissional, tanto para campos interiores como exteriores. A superf\u00edcie brilhante garante um deslizamento excecional do disco, enquanto o design duradouro resiste a fracturas, humidade e varia\u00e7\u00f5es do n\u00edvel de temperatura. F\u00e1ceis de montar e de manter, podem ser personalizados em termos de dimens\u00e3o, tonalidade e espessura para satisfazer os requisitos de rinques profissionais e de lazer, o que os torna perfeitos para centros de actividades desportivas, instala\u00e7\u00f5es de treino e campos de gelo.<\/p>","protected":false},"excerpt":{"rendered":"<p>Placas de h\u00f3quei dur\u00e1veis e leves feitas de HDPE e UHMWPE. Proporcionam uma excelente resist\u00eancia ao impacto, um deslizamento suave do disco e uma instala\u00e7\u00e3o f\u00e1cil para arenas de gelo interiores ou exteriores. Tamanhos e cores personalizados dispon\u00edveis para utiliza\u00e7\u00e3o profissional e recreativa.<\/p>","protected":false},"featured_media":2042,"template":"","meta":{"_gspb_post_css":""},"product_brand":[],"product_cat":[29,30],"product_tag":[81,356,383],"class_list":{"0":"post-2038","1":"product","2":"type-product","3":"status-publish","4":"has-post-thumbnail","6":"product_cat-ice-rink-products","7":"product_cat-hockey-ice-rink-dasher-boards","8":"product_tag-hockey-dasher-boards","9":"product_tag-ice-rink-panels","10":"product_tag-uhmwpe-boards","12":"first","13":"instock","14":"shipping-taxable","15":"product-type-simple"},"_links":{"self":[{"href":"https:\/\/uhmwpemanufacture.com\/pt\/wp-json\/wp\/v2\/product\/2038","targetHints":{"allow":["GET"]}}],"collection":[{"href":"https:\/\/uhmwpemanufacture.com\/pt\/wp-json\/wp\/v2\/product"}],"about":[{"href":"https:\/\/uhmwpemanufacture.com\/pt\/wp-json\/wp\/v2\/types\/product"}],"wp:featuredmedia":[{"embeddable":true,"href":"https:\/\/uhmwpemanufacture.com\/pt\/wp-json\/wp\/v2\/media\/2042"}],"wp:attachment":[{"href":"https:\/\/uhmwpemanufacture.com\/pt\/wp-json\/wp\/v2\/media?parent=2038"}],"wp:term":[{"taxonomy":"product_brand","embeddable":true,"href":"https:\/\/uhmwpemanufacture.com\/pt\/wp-json\/wp\/v2\/product_brand?post=2038"},{"taxonomy":"product_cat","embeddable":true,"href":"https:\/\/uhmwpemanufacture.com\/pt\/wp-json\/wp\/v2\/product_cat?post=2038"},{"taxonomy":"product_tag","embeddable":true,"href":"https:\/\/uhmwpemanufacture.com\/pt\/wp-json\/wp\/v2\/product_tag?post=2038"}],"curies":[{"name":"wp","href":"https:\/\/api.w.org\/{rel}","templated":true}]}}